{"id":946,"date":"2018-02-17T09:23:55","date_gmt":"2018-02-17T08:23:55","guid":{"rendered":"https:\/\/germanstreetphotography.com\/?page_id=946"},"modified":"2020-01-05T16:29:14","modified_gmt":"2020-01-05T15:29:14","slug":"kay-von-aspern","status":"publish","type":"page","link":"https:\/\/germanstreetphotography.com\/de\/kay-von-aspern\/","title":{"rendered":"Kay von Aspern"},"content":{"rendered":"<h1>Kay von Aspern<\/h1>\n<p><img decoding=\"async\" loading=\"lazy\" class=\"alignnone size-full wp-image-520\" src=\"https:\/\/germanstreetphotography.com\/wp-content\/uploads\/2018\/01\/kay_street.jpg\" alt=\"\" width=\"700\" height=\"700\" srcset=\"https:\/\/germanstreetphotography.com\/wp-content\/uploads\/2018\/01\/kay_street.jpg 700w, https:\/\/germanstreetphotography.com\/wp-content\/uploads\/2018\/01\/kay_street-150x150.jpg 150w, https:\/\/germanstreetphotography.com\/wp-content\/uploads\/2018\/01\/kay_street-300x300.jpg 300w\" sizes=\"(max-width: 700px) 100vw, 700px\" \/><\/p>\n<p>Kay ist in Norddeutschland geboren und lebt seit vielen Jahren in Wien. Er verbringt viel Zeit im \u00f6ffentlichen Raum und fotografiert alles, was ihm fotogen erscheint. Und das ist am Ende fast alles. Kay verdient seinen Lebensunterhalt als freier und kommerzieller Fotograf.<\/p>\n<p>Kay von Aspern bietet verschiedene Workshops und Coachings zum Thema Street Photography an.<\/p>\n<p>Bei den <a href=\"https:\/\/www.von-aspern.com\/workshops-und-coachings\/\" target=\"_blank\" rel=\"noopener noreferrer\"><strong>Street Photography Workshops<\/strong><\/a> k\u00f6nnen Sie Ihren fotografischen Blick f\u00fcr die besonderen, merkw\u00fcrdigen, humorvollen oder surrealen Szenen auf den Stra\u00dfen Wiens entwickeln und schulen. Kay von Aspern erkl\u00e4rt individuell und praxisbezogen die Grundlagen und fortgeschrittene Inhalte der Street Photography. Er unterst\u00fctzt Sie bei der Motivfindung und Bildgestaltung. Sie erhalten lehrreiche Tipps und Tricks, um den eigenen Blick und die eigene Bildsprache zu verfeinern. Gemeinsam werden neue, \u00fcberraschende und spannende Perspektiven des Wiener Stadtlebens gesucht und fotografisch festgehalten.<\/p>\n<p>Die entstandenen Fotografien werden im Anschluss an den praktischen Teil in den Seminarr\u00e4umlichkeiten gemeinsam editiert, besprochen und pr\u00e4sentiert.<\/p>\n<p>Der Workshop richtet sich an alle, die sich mit dem Genre \u201eStreet Photography\u201c n\u00e4her besch\u00e4ftigen wollen und ist sowohl f\u00fcr BeginnerInnen, als auch f\u00fcr Fortgeschrittene geeignet.<\/p>\n<p>Kay von Aspern ist in Norddeutschland geboren und lebt seit vielen Jahren in Wien, wo er als freier und kommerzieller Fotograf arbeitet. Als Street Photographer hat er eine besondere Vorliebe f\u00fcr die humorvollen, am\u00fcsanten und bisweilen verwunderlichen Momente, die die verdichtete Vielfalt des Stadtlebens hervorbringt. Kay von Asperns Arbeiten wurden in Deutschland, \u00d6sterreich und international ausgestellt und in zahlreichen Printmedien ver\u00f6ffentlicht.<\/p>\n<h2><div  class=\"lgc-column lgc-grid-parent lgc-grid-33 lgc-tablet-grid-33 lgc-mobile-grid-100 lgc-equal-heights \"><div  class=\"inside-grid-column\"><a href=\"http:\/\/www.von-aspern.de\/\"><i class=\"fa fa-home\" aria-hidden=\"true\"><\/i> Webseite<\/a><\/div><\/div><\/h2>\n<h2><div  class=\"lgc-column lgc-grid-parent lgc-grid-33 lgc-tablet-grid-33 lgc-mobile-grid-100 lgc-equal-heights \"><div  class=\"inside-grid-column\"><a href=\"https:\/\/von-aspern.tumblr.com\/\"><i class=\"fa fa-tumblr\" aria-hidden=\"true\"><\/i> tumblr<\/a><\/div><\/div><div class=\"lgc-clear\"><\/div><\/h2>\n<h2>In den Medien<\/h2>\n<p><i class=\"fa fa-square\" aria-hidden=\"true\"><\/i> Datum \u2013 Seiten der Zeit (A)<br \/><i class=\"fa fa-square\" aria-hidden=\"true\"><\/i> Brennpunkt \u2013 Zeitschrift f\u00fcr Fotografie (Ger)<br \/><i class=\"fa fa-square\" aria-hidden=\"true\"><\/i> Publication Magazine \u2013 Nick Turpin Publishing (GB)<br \/><i class=\"fa fa-square\" aria-hidden=\"true\"><\/i> Wiener Zeitung (A)<br \/><i class=\"fa fa-square\" aria-hidden=\"true\"><\/i> Der Falter (A)<br \/><i class=\"fa fa-square\" aria-hidden=\"true\"><\/i> Die Presse (A)<br \/><i class=\"fa fa-square\" aria-hidden=\"true\"><\/i> Radiate Magazine (GB)<br \/><i class=\"fa fa-square\" aria-hidden=\"true\"><\/i> Buch \u201eBerlin + Wien\u201c \u2013 Christian Reister, Kay von Aspern (D\/A)<\/p>\n<h2>Interviews<\/h2>\n<p><i class=\"fa fa-square\" aria-hidden=\"true\"><\/i> <a href=\"https:\/\/in-public.com\/interview-with-kay-von-aspern\/\">In-Public<\/a><\/p>\n<p><i class=\"fa fa-square\" aria-hidden=\"true\"><\/i><a href=\"http:\/\/www.worldsp.co\/post\/156679722264\/interview-kay-von-aspern\"> WorldSP.co<\/a><\/p>\n<h2>Einzelausstellungen<\/h2>\n<p><i class=\"fa fa-circle\" aria-hidden=\"true\"><\/i> 2013 Leica Galerie Wien \u201eRandnotizen\u201c (A)<br \/><i class=\"fa fa-circle\" aria-hidden=\"true\"><\/i> 2012 Foxhouse Wien \u201enothing to declare\u201c (A)<br \/><i class=\"fa fa-circle\" aria-hidden=\"true\"><\/i> 2005 VCC Perfect Pictures Hamburg (D)<\/p>\n<h2>Gruppenausstellung und Festivals<\/h2>\n<p><i class=\"fa fa-circle\" aria-hidden=\"true\"><\/i> 2013 \u201eBerlin + Wien \/ Kay von Aspern + Christian Reister\u201c, Burjuar Berlin (D) &amp; Eigensinnig Vienna (A)<br \/><i class=\"fa fa-circle\" aria-hidden=\"true\"><\/i> 2012 Gruppenausstellung \u2013 selected austrian photography, Stilwerk Wien (A)<br \/><i class=\"fa fa-circle\" aria-hidden=\"true\"><\/i> 2012 Galerie Anzenberger,Wien \u2013 Seconds2Real Gruppenausstellung (A)<br \/><i class=\"fa fa-circle\" aria-hidden=\"true\"><\/i> 2011 Meinblau Galerie, Berlin \u2013 Seconds2Real Gruppenausstellung (D)<br \/><i class=\"fa fa-circle\" aria-hidden=\"true\"><\/i> 2011 Galerie Hertz, Louisville \u2013 contemporary street photography (USA)<br \/><i class=\"fa fa-circle\" aria-hidden=\"true\"><\/i> 2011 Look11 Photography Festival, Liverpool \u2013 Seconds2Real Gruppenausstellung (GB)<br \/><i class=\"fa fa-circle\" aria-hidden=\"true\"><\/i> 2010 Gruppenausstellung \u201cfort_be_weg_en\u201d \u201ceyes on\u201d \u2013 european month of photography, Wien (A)<br \/><i class=\"fa fa-circle\" aria-hidden=\"true\"><\/i> 2009 Ausstellung zur Buchpr\u00e4sentation \u201cKindsein zwischen Leben und \u00dcberleben\u201d (Herausgeber: SOS Kinderdorf), Wien (A)<\/p>\n<p>&nbsp;<\/p>\n<h2>Portfolio<\/h2>\n<p><img decoding=\"async\" loading=\"lazy\" class=\"size-full wp-image-525 aligncenter\" src=\"https:\/\/germanstreetphotography.com\/wp-content\/uploads\/2018\/01\/as_salzburg0916-96-Bearbeitet.jpg\" alt=\"\" width=\"2000\" height=\"1333\" srcset=\"https:\/\/germanstreetphotography.com\/wp-content\/uploads\/2018\/01\/as_salzburg0916-96-Bearbeitet.jpg 2000w, https:\/\/germanstreetphotography.com\/wp-content\/uploads\/2018\/01\/as_salzburg0916-96-Bearbeitet-300x200.jpg 300w, https:\/\/germanstreetphotography.com\/wp-content\/uploads\/2018\/01\/as_salzburg0916-96-Bearbeitet-768x512.jpg 768w, https:\/\/germanstreetphotography.com\/wp-content\/uploads\/2018\/01\/as_salzburg0916-96-Bearbeitet-1024x682.jpg 1024w\" sizes=\"(max-width: 2000px) 100vw, 2000px\" \/><\/p>\n<p><img decoding=\"async\" loading=\"lazy\" class=\"size-full wp-image-526 aligncenter\" src=\"https:\/\/germanstreetphotography.com\/wp-content\/uploads\/2018\/01\/as_wien010516-269-Bearbeitet.jpg\" alt=\"\" width=\"2000\" height=\"1333\" srcset=\"https:\/\/germanstreetphotography.com\/wp-content\/uploads\/2018\/01\/as_wien010516-269-Bearbeitet.jpg 2000w, https:\/\/germanstreetphotography.com\/wp-content\/uploads\/2018\/01\/as_wien010516-269-Bearbeitet-300x200.jpg 300w, https:\/\/germanstreetphotography.com\/wp-content\/uploads\/2018\/01\/as_wien010516-269-Bearbeitet-768x512.jpg 768w, https:\/\/germanstreetphotography.com\/wp-content\/uploads\/2018\/01\/as_wien010516-269-Bearbeitet-1024x682.jpg 1024w\" sizes=\"(max-width: 2000px) 100vw, 2000px\" \/><\/p>\n<p><img decoding=\"async\" loading=\"lazy\" class=\"size-full wp-image-527 aligncenter\" src=\"https:\/\/germanstreetphotography.com\/wp-content\/uploads\/2018\/01\/as_wien161016-5-Bearbeitet.jpg\" alt=\"\" width=\"2000\" height=\"1500\" srcset=\"https:\/\/germanstreetphotography.com\/wp-content\/uploads\/2018\/01\/as_wien161016-5-Bearbeitet.jpg 2000w, https:\/\/germanstreetphotography.com\/wp-content\/uploads\/2018\/01\/as_wien161016-5-Bearbeitet-300x225.jpg 300w, https:\/\/germanstreetphotography.com\/wp-content\/uploads\/2018\/01\/as_wien161016-5-Bearbeitet-768x576.jpg 768w, https:\/\/germanstreetphotography.com\/wp-content\/uploads\/2018\/01\/as_wien161016-5-Bearbeitet-1024x768.jpg 1024w\" sizes=\"(max-width: 2000px) 100vw, 2000px\" \/><\/p>\n<p><img decoding=\"async\" loading=\"lazy\" class=\"size-full wp-image-528 aligncenter\" src=\"https:\/\/germanstreetphotography.com\/wp-content\/uploads\/2018\/01\/as_wien170416-7-Bearbeitet.jpg\" alt=\"\" width=\"2000\" height=\"1500\" srcset=\"https:\/\/germanstreetphotography.com\/wp-content\/uploads\/2018\/01\/as_wien170416-7-Bearbeitet.jpg 2000w, https:\/\/germanstreetphotography.com\/wp-content\/uploads\/2018\/01\/as_wien170416-7-Bearbeitet-300x225.jpg 300w, https:\/\/germanstreetphotography.com\/wp-content\/uploads\/2018\/01\/as_wien170416-7-Bearbeitet-768x576.jpg 768w, https:\/\/germanstreetphotography.com\/wp-content\/uploads\/2018\/01\/as_wien170416-7-Bearbeitet-1024x768.jpg 1024w\" sizes=\"(max-width: 2000px) 100vw, 2000px\" \/><\/p>\n<p><img decoding=\"async\" loading=\"lazy\" class=\"size-full wp-image-529 aligncenter\" src=\"https:\/\/germanstreetphotography.com\/wp-content\/uploads\/2018\/01\/as_wien220416a-70-Bearbeitet.jpg\" alt=\"\" width=\"2000\" height=\"1333\" srcset=\"https:\/\/germanstreetphotography.com\/wp-content\/uploads\/2018\/01\/as_wien220416a-70-Bearbeitet.jpg 2000w, https:\/\/germanstreetphotography.com\/wp-content\/uploads\/2018\/01\/as_wien220416a-70-Bearbeitet-300x200.jpg 300w, https:\/\/germanstreetphotography.com\/wp-content\/uploads\/2018\/01\/as_wien220416a-70-Bearbeitet-768x512.jpg 768w, https:\/\/germanstreetphotography.com\/wp-content\/uploads\/2018\/01\/as_wien220416a-70-Bearbeitet-1024x682.jpg 1024w\" sizes=\"(max-width: 2000px) 100vw, 2000px\" \/><\/p>\n<p><img decoding=\"async\" loading=\"lazy\" class=\"size-full wp-image-530 aligncenter\" src=\"https:\/\/germanstreetphotography.com\/wp-content\/uploads\/2018\/01\/as_wien260616a-17-Bearbeitet.jpg\" alt=\"\" width=\"2000\" height=\"1500\" srcset=\"https:\/\/germanstreetphotography.com\/wp-content\/uploads\/2018\/01\/as_wien260616a-17-Bearbeitet.jpg 2000w, https:\/\/germanstreetphotography.com\/wp-content\/uploads\/2018\/01\/as_wien260616a-17-Bearbeitet-300x225.jpg 300w, https:\/\/germanstreetphotography.com\/wp-content\/uploads\/2018\/01\/as_wien260616a-17-Bearbeitet-768x576.jpg 768w, https:\/\/germanstreetphotography.com\/wp-content\/uploads\/2018\/01\/as_wien260616a-17-Bearbeitet-1024x768.jpg 1024w\" sizes=\"(max-width: 2000px) 100vw, 2000px\" \/><\/p>\n<p><img decoding=\"async\" loading=\"lazy\" class=\"size-full wp-image-531 aligncenter\" src=\"https:\/\/germanstreetphotography.com\/wp-content\/uploads\/2018\/01\/as_wien260616a-110-Bearbeitet.jpg\" alt=\"\" width=\"2000\" height=\"1500\" srcset=\"https:\/\/germanstreetphotography.com\/wp-content\/uploads\/2018\/01\/as_wien260616a-110-Bearbeitet.jpg 2000w, https:\/\/germanstreetphotography.com\/wp-content\/uploads\/2018\/01\/as_wien260616a-110-Bearbeitet-300x225.jpg 300w, https:\/\/germanstreetphotography.com\/wp-content\/uploads\/2018\/01\/as_wien260616a-110-Bearbeitet-768x576.jpg 768w, https:\/\/germanstreetphotography.com\/wp-content\/uploads\/2018\/01\/as_wien260616a-110-Bearbeitet-1024x768.jpg 1024w\" sizes=\"(max-width: 2000px) 100vw, 2000px\" \/><\/p>\n<h2>Kontakt Kay<\/h2>\n\n<div class=\"wpcf7 no-js\" id=\"wpcf7-f954-o1\" lang=\"en-US\" dir=\"ltr\">\n<div class=\"screen-reader-response\"><p role=\"status\" aria-live=\"polite\" aria-atomic=\"true\"><\/p> <ul><\/ul><\/div>\n<form action=\"\/de\/wp-json\/wp\/v2\/pages\/946#wpcf7-f954-o1\" method=\"post\" class=\"wpcf7-form init\" aria-label=\"Contact form\" novalidate=\"novalidate\" data-status=\"init\">\n<div style=\"display: none;\">\n<input type=\"hidden\" name=\"_wpcf7\" value=\"954\" \/>\n<input type=\"hidden\" name=\"_wpcf7_version\" value=\"5.7.7\" \/>\n<input type=\"hidden\" name=\"_wpcf7_locale\" value=\"en_US\" \/>\n<input type=\"hidden\" name=\"_wpcf7_unit_tag\" value=\"wpcf7-f954-o1\" \/>\n<input type=\"hidden\" name=\"_wpcf7_container_post\" value=\"0\" \/>\n<input type=\"hidden\" name=\"_wpcf7_posted_data_hash\" value=\"\" \/>\n<\/div>\n<p><label> Deine Email<br \/>\n<span class=\"wpcf7-form-control-wrap\" data-name=\"your-email\"><input size=\"40\" class=\"wpcf7-form-control wpcf7-text wpcf7-email wpcf7-validates-as-required wpcf7-validates-as-email\" aria-required=\"true\" aria-invalid=\"false\" value=\"\" type=\"email\" name=\"your-email\" \/><\/span> <\/label><br \/>\n<span id=\"wpcf7-69e52a3eedb8e-wrapper\" class=\"wpcf7-form-control-wrap text2-980-wrap\" style=\"display:none !important; visibility:hidden !important;\"><label for=\"wpcf7-69e52a3eedb8e-field\" class=\"hp-message\">Bitte lasse dieses Feld leer.<\/label><input id=\"wpcf7-69e52a3eedb8e-field\"  class=\"wpcf7-form-control wpcf7-text\" type=\"text\" name=\"text2-980\" value=\"\" size=\"40\" tabindex=\"-1\" autocomplete=\"new-password\" \/><\/span><br \/>\n<label> Deine Nachricht<br \/>\n<span class=\"wpcf7-form-control-wrap\" data-name=\"your-message\"><textarea cols=\"40\" rows=\"10\" class=\"wpcf7-form-control wpcf7-textarea\" aria-invalid=\"false\" name=\"your-message\"><\/textarea><\/span> <\/label>\n<\/p>\n<p><input class=\"wpcf7-form-control has-spinner wpcf7-submit\" type=\"submit\" value=\"Senden\" \/>\n<\/p><div class=\"wpcf7-response-output\" aria-hidden=\"true\"><\/div>\n<\/form>\n<\/div>\n\n","protected":false},"excerpt":{"rendered":"<p>Kay von Aspern Kay ist in Norddeutschland geboren und lebt seit vielen Jahren in Wien. Er verbringt viel Zeit im \u00f6ffentlichen Raum und fotografiert alles, was ihm fotogen erscheint. Und das ist am Ende fast alles. Kay verdient seinen Lebensunterhalt als freier und kommerzieller Fotograf. Kay von Aspern bietet verschiedene Workshops und Coachings zum Thema &#8230; <a title=\"Kay von Aspern\" class=\"read-more\" href=\"https:\/\/germanstreetphotography.com\/de\/kay-von-aspern\/\" aria-label=\"Mehr Informationen \u00fcber Kay von Aspern\">Weiterlesen &#8230;<\/a><\/p>\n","protected":false},"author":5,"featured_media":531,"parent":0,"menu_order":0,"comment_status":"closed","ping_status":"closed","template":"","meta":{"generate_page_header":""},"yoast_head":"<!-- This site is optimized with the Yoast SEO plugin v21.1 - https:\/\/yoast.com\/wordpress\/plugins\/seo\/ -->\n<title>Kay von Aspern &bull; Die deutsche Streetfotografie Seite<\/title>\n<meta name=\"description\" content=\"Kay ist in Norddeutschland geboren und lebt seit nun und seit vielen Jahren in Wien. Es verbringt viel Zeit im \u00f6ffentlichen Raum und fotografiert alles, was ihm fotogen erscheint. Und das ist am Ende fast alles. Kay verdient seinen Lebensunterhalt als freier und kommerzieller Fotograf.\" \/>\n<meta name=\"robots\" content=\"index, follow, max-snippet:-1, max-image-preview:large, max-video-preview:-1\" \/>\n<link rel=\"canonical\" href=\"https:\/\/germanstreetphotography.com\/de\/kay-von-aspern\/\" \/>\n<meta property=\"og:locale\" content=\"de_DE\" \/>\n<meta property=\"og:type\" content=\"article\" \/>\n<meta property=\"og:title\" content=\"Kay von Aspern &bull; Die deutsche Streetfotografie Seite\" \/>\n<meta property=\"og:description\" content=\"Kay ist in Norddeutschland geboren und lebt seit nun und seit vielen Jahren in Wien. Es verbringt viel Zeit im \u00f6ffentlichen Raum und fotografiert alles, was ihm fotogen erscheint. Und das ist am Ende fast alles. Kay verdient seinen Lebensunterhalt als freier und kommerzieller Fotograf.\" \/>\n<meta property=\"og:url\" content=\"https:\/\/germanstreetphotography.com\/de\/kay-von-aspern\/\" \/>\n<meta property=\"og:site_name\" content=\"Die deutsche Streetfotografie Seite\" \/>\n<meta property=\"article:modified_time\" content=\"2020-01-05T15:29:14+00:00\" \/>\n<meta property=\"og:image\" content=\"https:\/\/germanstreetphotography.com\/wp-content\/uploads\/2018\/01\/as_wien260616a-110-Bearbeitet.jpg\" \/>\n\t<meta property=\"og:image:width\" content=\"2000\" \/>\n\t<meta property=\"og:image:height\" content=\"1500\" \/>\n\t<meta property=\"og:image:type\" content=\"image\/jpeg\" \/>\n<meta name=\"twitter:card\" content=\"summary_large_image\" \/>\n<meta name=\"twitter:label1\" content=\"Gesch\u00e4tzte Lesezeit\" \/>\n\t<meta name=\"twitter:data1\" content=\"2\u00a0Minuten\" \/>\n<script type=\"application\/ld+json\" class=\"yoast-schema-graph\">{\"@context\":\"https:\/\/schema.org\",\"@graph\":[{\"@type\":\"WebPage\",\"@id\":\"https:\/\/germanstreetphotography.com\/de\/kay-von-aspern\/\",\"url\":\"https:\/\/germanstreetphotography.com\/de\/kay-von-aspern\/\",\"name\":\"Kay von Aspern &bull; Die deutsche Streetfotografie Seite\",\"isPartOf\":{\"@id\":\"https:\/\/germanstreetphotography.com\/#website\"},\"datePublished\":\"2018-02-17T08:23:55+00:00\",\"dateModified\":\"2020-01-05T15:29:14+00:00\",\"description\":\"Kay ist in Norddeutschland geboren und lebt seit nun und seit vielen Jahren in Wien. Es verbringt viel Zeit im \u00f6ffentlichen Raum und fotografiert alles, was ihm fotogen erscheint. Und das ist am Ende fast alles. Kay verdient seinen Lebensunterhalt als freier und kommerzieller Fotograf.\",\"breadcrumb\":{\"@id\":\"https:\/\/germanstreetphotography.com\/de\/kay-von-aspern\/#breadcrumb\"},\"inLanguage\":\"de\",\"potentialAction\":[{\"@type\":\"ReadAction\",\"target\":[\"https:\/\/germanstreetphotography.com\/de\/kay-von-aspern\/\"]}]},{\"@type\":\"BreadcrumbList\",\"@id\":\"https:\/\/germanstreetphotography.com\/de\/kay-von-aspern\/#breadcrumb\",\"itemListElement\":[{\"@type\":\"ListItem\",\"position\":1,\"name\":\"Home\",\"item\":\"https:\/\/germanstreetphotography.com\/de\/\"},{\"@type\":\"ListItem\",\"position\":2,\"name\":\"Kay von Aspern\"}]},{\"@type\":\"WebSite\",\"@id\":\"https:\/\/germanstreetphotography.com\/#website\",\"url\":\"https:\/\/germanstreetphotography.com\/\",\"name\":\"Die deutsche Streetfotografie Seite\",\"description\":\"\",\"publisher\":{\"@id\":\"https:\/\/germanstreetphotography.com\/#organization\"},\"potentialAction\":[{\"@type\":\"SearchAction\",\"target\":{\"@type\":\"EntryPoint\",\"urlTemplate\":\"https:\/\/germanstreetphotography.com\/?s={search_term_string}\"},\"query-input\":\"required name=search_term_string\"}],\"inLanguage\":\"de\"},{\"@type\":\"Organization\",\"@id\":\"https:\/\/germanstreetphotography.com\/#organization\",\"name\":\"The German Street Photography Site\",\"url\":\"https:\/\/germanstreetphotography.com\/\",\"logo\":{\"@type\":\"ImageObject\",\"inLanguage\":\"de\",\"@id\":\"https:\/\/germanstreetphotography.com\/#\/schema\/logo\/image\/\",\"url\":\"https:\/\/germanstreetphotography.com\/wp-content\/uploads\/2019\/04\/gspf_logo_rz_kreis.png\",\"contentUrl\":\"https:\/\/germanstreetphotography.com\/wp-content\/uploads\/2019\/04\/gspf_logo_rz_kreis.png\",\"width\":600,\"height\":600,\"caption\":\"The German Street Photography Site\"},\"image\":{\"@id\":\"https:\/\/germanstreetphotography.com\/#\/schema\/logo\/image\/\"}}]}<\/script>\n<!-- \/ Yoast SEO plugin. -->","yoast_head_json":{"title":"Kay von Aspern &bull; Die deutsche Streetfotografie Seite","description":"Kay ist in Norddeutschland geboren und lebt seit nun und seit vielen Jahren in Wien. Es verbringt viel Zeit im \u00f6ffentlichen Raum und fotografiert alles, was ihm fotogen erscheint. Und das ist am Ende fast alles. Kay verdient seinen Lebensunterhalt als freier und kommerzieller Fotograf.","robots":{"index":"index","follow":"follow","max-snippet":"max-snippet:-1","max-image-preview":"max-image-preview:large","max-video-preview":"max-video-preview:-1"},"canonical":"https:\/\/germanstreetphotography.com\/de\/kay-von-aspern\/","og_locale":"de_DE","og_type":"article","og_title":"Kay von Aspern &bull; Die deutsche Streetfotografie Seite","og_description":"Kay ist in Norddeutschland geboren und lebt seit nun und seit vielen Jahren in Wien. Es verbringt viel Zeit im \u00f6ffentlichen Raum und fotografiert alles, was ihm fotogen erscheint. Und das ist am Ende fast alles. Kay verdient seinen Lebensunterhalt als freier und kommerzieller Fotograf.","og_url":"https:\/\/germanstreetphotography.com\/de\/kay-von-aspern\/","og_site_name":"Die deutsche Streetfotografie Seite","article_modified_time":"2020-01-05T15:29:14+00:00","og_image":[{"width":2000,"height":1500,"url":"https:\/\/germanstreetphotography.com\/wp-content\/uploads\/2018\/01\/as_wien260616a-110-Bearbeitet.jpg","type":"image\/jpeg"}],"twitter_card":"summary_large_image","twitter_misc":{"Gesch\u00e4tzte Lesezeit":"2\u00a0Minuten"},"schema":{"@context":"https:\/\/schema.org","@graph":[{"@type":"WebPage","@id":"https:\/\/germanstreetphotography.com\/de\/kay-von-aspern\/","url":"https:\/\/germanstreetphotography.com\/de\/kay-von-aspern\/","name":"Kay von Aspern &bull; Die deutsche Streetfotografie Seite","isPartOf":{"@id":"https:\/\/germanstreetphotography.com\/#website"},"datePublished":"2018-02-17T08:23:55+00:00","dateModified":"2020-01-05T15:29:14+00:00","description":"Kay ist in Norddeutschland geboren und lebt seit nun und seit vielen Jahren in Wien. Es verbringt viel Zeit im \u00f6ffentlichen Raum und fotografiert alles, was ihm fotogen erscheint. Und das ist am Ende fast alles. Kay verdient seinen Lebensunterhalt als freier und kommerzieller Fotograf.","breadcrumb":{"@id":"https:\/\/germanstreetphotography.com\/de\/kay-von-aspern\/#breadcrumb"},"inLanguage":"de","potentialAction":[{"@type":"ReadAction","target":["https:\/\/germanstreetphotography.com\/de\/kay-von-aspern\/"]}]},{"@type":"BreadcrumbList","@id":"https:\/\/germanstreetphotography.com\/de\/kay-von-aspern\/#breadcrumb","itemListElement":[{"@type":"ListItem","position":1,"name":"Home","item":"https:\/\/germanstreetphotography.com\/de\/"},{"@type":"ListItem","position":2,"name":"Kay von Aspern"}]},{"@type":"WebSite","@id":"https:\/\/germanstreetphotography.com\/#website","url":"https:\/\/germanstreetphotography.com\/","name":"Die deutsche Streetfotografie Seite","description":"","publisher":{"@id":"https:\/\/germanstreetphotography.com\/#organization"},"potentialAction":[{"@type":"SearchAction","target":{"@type":"EntryPoint","urlTemplate":"https:\/\/germanstreetphotography.com\/?s={search_term_string}"},"query-input":"required name=search_term_string"}],"inLanguage":"de"},{"@type":"Organization","@id":"https:\/\/germanstreetphotography.com\/#organization","name":"The German Street Photography Site","url":"https:\/\/germanstreetphotography.com\/","logo":{"@type":"ImageObject","inLanguage":"de","@id":"https:\/\/germanstreetphotography.com\/#\/schema\/logo\/image\/","url":"https:\/\/germanstreetphotography.com\/wp-content\/uploads\/2019\/04\/gspf_logo_rz_kreis.png","contentUrl":"https:\/\/germanstreetphotography.com\/wp-content\/uploads\/2019\/04\/gspf_logo_rz_kreis.png","width":600,"height":600,"caption":"The German Street Photography Site"},"image":{"@id":"https:\/\/germanstreetphotography.com\/#\/schema\/logo\/image\/"}}]}},"_links":{"self":[{"href":"https:\/\/germanstreetphotography.com\/de\/wp-json\/wp\/v2\/pages\/946"}],"collection":[{"href":"https:\/\/germanstreetphotography.com\/de\/wp-json\/wp\/v2\/pages"}],"about":[{"href":"https:\/\/germanstreetphotography.com\/de\/wp-json\/wp\/v2\/types\/page"}],"author":[{"embeddable":true,"href":"https:\/\/germanstreetphotography.com\/de\/wp-json\/wp\/v2\/users\/5"}],"replies":[{"embeddable":true,"href":"https:\/\/germanstreetphotography.com\/de\/wp-json\/wp\/v2\/comments?post=946"}],"version-history":[{"count":10,"href":"https:\/\/germanstreetphotography.com\/de\/wp-json\/wp\/v2\/pages\/946\/revisions"}],"predecessor-version":[{"id":3117,"href":"https:\/\/germanstreetphotography.com\/de\/wp-json\/wp\/v2\/pages\/946\/revisions\/3117"}],"wp:featuredmedia":[{"embeddable":true,"href":"https:\/\/germanstreetphotography.com\/de\/wp-json\/wp\/v2\/media\/531"}],"wp:attachment":[{"href":"https:\/\/germanstreetphotography.com\/de\/wp-json\/wp\/v2\/media?parent=946"}],"curies":[{"name":"wp","href":"https:\/\/api.w.org\/{rel}","templated":true}]}}