{"id":914,"date":"2018-02-13T09:40:09","date_gmt":"2018-02-13T08:40:09","guid":{"rendered":"https:\/\/germanstreetphotography.com\/birka-wiedmaier\/"},"modified":"2018-05-03T14:59:42","modified_gmt":"2018-05-03T12:59:42","slug":"birka-wiedmaier","status":"publish","type":"page","link":"https:\/\/germanstreetphotography.com\/de\/birka-wiedmaier\/","title":{"rendered":"Birka Wiedmaier"},"content":{"rendered":"<h1>Birka Wiedmaier<\/h1>\n<p><img decoding=\"async\" loading=\"lazy\" class=\"size-full wp-image-902 alignnone\" src=\"https:\/\/germanstreetphotography.com\/wp-content\/uploads\/2018\/02\/Birka.jpg\" alt=\"\" width=\"700\" height=\"700\" srcset=\"https:\/\/germanstreetphotography.com\/wp-content\/uploads\/2018\/02\/Birka.jpg 700w, https:\/\/germanstreetphotography.com\/wp-content\/uploads\/2018\/02\/Birka-150x150.jpg 150w, https:\/\/germanstreetphotography.com\/wp-content\/uploads\/2018\/02\/Birka-300x300.jpg 300w\" sizes=\"(max-width: 700px) 100vw, 700px\" \/><\/p>\n<p>Birka wurde in Arnstadt geboren und lebt seit \u00fcber 15 Jahren in Moskau. Dort entwickelte sie ihre Leidenschaft f\u00fcr Fotografie.<\/p>\n<p>Sie f\u00e4ngt kleine Szenen ein, die f\u00fcr sie besonders und sch\u00f6n sind, interessante Menschen und manchmal seltsame Momente.<br \/>\nMit einer Kamera durch die Stra\u00dfen zu streifen, f\u00fchlt sich f\u00fcr sie wie Meditation an. Dabei entstehen, je nach Stimmung, verschiedene Projekte, in deren Mittelpunkt die Menschen ihrer Umgebung stehen.<\/p>\n<p>Obwohl ihr Hauptaugenmerk auf der Stra\u00dfenfotografie liegt, sind einige ihrer Arbeiten abstrakter und impressionistisch.<\/p>\n<h2><div  class=\"lgc-column lgc-grid-parent lgc-grid-33 lgc-tablet-grid-33 lgc-mobile-grid-100 lgc-equal-heights \"><div  class=\"inside-grid-column\"><a href=\"http:\/\/www.birkawiedmaier.com\/\"><i class=\"fa fa-home\" aria-hidden=\"true\"><\/i> Webseite<\/a><\/div><\/div><\/h2>\n<h2><div  class=\"lgc-column lgc-grid-parent lgc-grid-33 lgc-tablet-grid-33 lgc-mobile-grid-100 lgc-equal-heights \"><div  class=\"inside-grid-column\"><a href=\"https:\/\/www.facebook.com\/birkawiedmaierphoto\/\"><i class=\"fa fa-facebook-official\" aria-hidden=\"true\"><\/i> Facebook<\/a><\/div><\/div><\/h2>\n<h2><div  class=\"lgc-column lgc-grid-parent lgc-grid-33 lgc-tablet-grid-33 lgc-mobile-grid-100 lgc-equal-heights \"><div  class=\"inside-grid-column\"><a href=\"https:\/\/www.instagram.com\/birka_wiedmaier\/\"><i class=\"fa fa-instagram\" aria-hidden=\"true\"><\/i> Instagram<\/a><\/div><\/div><div class=\"lgc-clear\"><\/div><\/h2>\n<h2>Ausstellungen<\/h2>\n<p><i class=\"fa fa-arrow-circle-right\" aria-hidden=\"true\"><\/i> 2017 &#8211; Moskau &#8211; Einzelausstellung<br \/>\n<i class=\"fa fa-arrow-circle-right\" aria-hidden=\"true\"><\/i> 2017 &#8211; Berlin Blue Art Gallery &#8211; People in the city &#8211; Gruppenausstellung<br \/>\n<i class=\"fa fa-arrow-circle-right\" aria-hidden=\"true\"><\/i> 2017 &#8211; London &#8211; Abstract\/Fine Art Photography &#8211; Gruppenausstellung<br \/>\n<i class=\"fa fa-arrow-circle-right\" aria-hidden=\"true\"><\/i> 2017 &#8211; London &#8211; Street Photography &#8211; Gruppenausstellung<br \/>\n<i class=\"fa fa-arrow-circle-right\" aria-hidden=\"true\"><\/i> 2017 &#8211; Stockholm &#8211; Capture the Moment &#8211; Gruppenausstellung<br \/>\n<i class=\"fa fa-arrow-circle-right\" aria-hidden=\"true\"><\/i> 2016 &#8211; Oklahoma City Woody Gaddis Gallery: Connect &#8211; Gruppenausstellung<\/p>\n<h2>In den Medien, Interviews und Auszeichnungen<\/h2>\n<p><i class=\"fa fa-square\" aria-hidden=\"true\"><\/i> Adore Noir Magazine &#8211; Interview<br \/>\n<i class=\"fa fa-square\" aria-hidden=\"true\"><\/i> <a href=\"http:\/\/womeninstreet.com\/2017\/04\/12\/going-underground-with-birka-wiedmaier\/\">WOMEN IN STREET<\/a> &#8211; Interview<br \/>\n<i class=\"fa fa-square\" aria-hidden=\"true\"><\/i> <a href=\"https:\/\/streetberlin.net\/de\/strassenfotografie-deutschland\/\">Street Photography in Deutschland<\/a> von Martin U Waltz<br \/>\n<i class=\"fa fa-square\" aria-hidden=\"true\"><\/i> <a href=\"https:\/\/streetbounty.com\/2017\/12\/30\/top-street-photos-color-2017\/\">Top Street Photos in Color of 2017<\/a> von Sebastian Jacobitz<br \/>\n<i class=\"fa fa-square\" aria-hidden=\"true\"><\/i> Honourable mention f\u00fcr Best Series beim Black&amp;White International Award<\/p>\n<h2>Portfolio<\/h2>\n<p><img decoding=\"async\" loading=\"lazy\" class=\"aligncenter size-full wp-image-905\" src=\"https:\/\/germanstreetphotography.com\/wp-content\/uploads\/2018\/02\/01_Berlin.jpg\" alt=\"\" width=\"2000\" height=\"1333\" srcset=\"https:\/\/germanstreetphotography.com\/wp-content\/uploads\/2018\/02\/01_Berlin.jpg 2000w, https:\/\/germanstreetphotography.com\/wp-content\/uploads\/2018\/02\/01_Berlin-300x200.jpg 300w, https:\/\/germanstreetphotography.com\/wp-content\/uploads\/2018\/02\/01_Berlin-768x512.jpg 768w, https:\/\/germanstreetphotography.com\/wp-content\/uploads\/2018\/02\/01_Berlin-1024x682.jpg 1024w\" sizes=\"(max-width: 2000px) 100vw, 2000px\" \/><\/p>\n<p><img decoding=\"async\" loading=\"lazy\" class=\"aligncenter size-full wp-image-906\" src=\"https:\/\/germanstreetphotography.com\/wp-content\/uploads\/2018\/02\/02_Berlin.jpg\" alt=\"\" width=\"2000\" height=\"1334\" srcset=\"https:\/\/germanstreetphotography.com\/wp-content\/uploads\/2018\/02\/02_Berlin.jpg 2000w, https:\/\/germanstreetphotography.com\/wp-content\/uploads\/2018\/02\/02_Berlin-300x200.jpg 300w, https:\/\/germanstreetphotography.com\/wp-content\/uploads\/2018\/02\/02_Berlin-768x512.jpg 768w, https:\/\/germanstreetphotography.com\/wp-content\/uploads\/2018\/02\/02_Berlin-1024x683.jpg 1024w\" sizes=\"(max-width: 2000px) 100vw, 2000px\" \/> <\/p>\n<p><img decoding=\"async\" loading=\"lazy\" class=\"aligncenter size-full wp-image-907\" src=\"https:\/\/germanstreetphotography.com\/wp-content\/uploads\/2018\/02\/03_Berlin.jpg\" alt=\"\" width=\"2000\" height=\"1334\" srcset=\"https:\/\/germanstreetphotography.com\/wp-content\/uploads\/2018\/02\/03_Berlin.jpg 2000w, https:\/\/germanstreetphotography.com\/wp-content\/uploads\/2018\/02\/03_Berlin-300x200.jpg 300w, https:\/\/germanstreetphotography.com\/wp-content\/uploads\/2018\/02\/03_Berlin-768x512.jpg 768w, https:\/\/germanstreetphotography.com\/wp-content\/uploads\/2018\/02\/03_Berlin-1024x683.jpg 1024w\" sizes=\"(max-width: 2000px) 100vw, 2000px\" \/> <\/p>\n<p><img decoding=\"async\" loading=\"lazy\" class=\"aligncenter size-full wp-image-908\" src=\"https:\/\/germanstreetphotography.com\/wp-content\/uploads\/2018\/02\/04_Berlin.jpg\" alt=\"\" width=\"2000\" height=\"1334\" srcset=\"https:\/\/germanstreetphotography.com\/wp-content\/uploads\/2018\/02\/04_Berlin.jpg 2000w, https:\/\/germanstreetphotography.com\/wp-content\/uploads\/2018\/02\/04_Berlin-300x200.jpg 300w, https:\/\/germanstreetphotography.com\/wp-content\/uploads\/2018\/02\/04_Berlin-768x512.jpg 768w, https:\/\/germanstreetphotography.com\/wp-content\/uploads\/2018\/02\/04_Berlin-1024x683.jpg 1024w\" sizes=\"(max-width: 2000px) 100vw, 2000px\" \/> <\/p>\n<p><img decoding=\"async\" loading=\"lazy\" class=\"aligncenter size-full wp-image-909\" src=\"https:\/\/germanstreetphotography.com\/wp-content\/uploads\/2018\/02\/05_Berlin.jpg\" alt=\"\" width=\"2000\" height=\"1334\" srcset=\"https:\/\/germanstreetphotography.com\/wp-content\/uploads\/2018\/02\/05_Berlin.jpg 2000w, https:\/\/germanstreetphotography.com\/wp-content\/uploads\/2018\/02\/05_Berlin-300x200.jpg 300w, https:\/\/germanstreetphotography.com\/wp-content\/uploads\/2018\/02\/05_Berlin-768x512.jpg 768w, https:\/\/germanstreetphotography.com\/wp-content\/uploads\/2018\/02\/05_Berlin-1024x683.jpg 1024w\" sizes=\"(max-width: 2000px) 100vw, 2000px\" \/> <\/p>\n<p><img decoding=\"async\" loading=\"lazy\" class=\"aligncenter size-full wp-image-910\" src=\"https:\/\/germanstreetphotography.com\/wp-content\/uploads\/2018\/02\/06_Berlin.jpg\" alt=\"\" width=\"2000\" height=\"1336\" srcset=\"https:\/\/germanstreetphotography.com\/wp-content\/uploads\/2018\/02\/06_Berlin.jpg 2000w, https:\/\/germanstreetphotography.com\/wp-content\/uploads\/2018\/02\/06_Berlin-300x200.jpg 300w, https:\/\/germanstreetphotography.com\/wp-content\/uploads\/2018\/02\/06_Berlin-768x513.jpg 768w, https:\/\/germanstreetphotography.com\/wp-content\/uploads\/2018\/02\/06_Berlin-1024x684.jpg 1024w\" sizes=\"(max-width: 2000px) 100vw, 2000px\" \/> <\/p>\n<p><img decoding=\"async\" loading=\"lazy\" class=\"aligncenter size-full wp-image-911\" src=\"https:\/\/germanstreetphotography.com\/wp-content\/uploads\/2018\/02\/07_Berlin.jpg\" alt=\"\" width=\"2000\" height=\"1336\" srcset=\"https:\/\/germanstreetphotography.com\/wp-content\/uploads\/2018\/02\/07_Berlin.jpg 2000w, https:\/\/germanstreetphotography.com\/wp-content\/uploads\/2018\/02\/07_Berlin-300x200.jpg 300w, https:\/\/germanstreetphotography.com\/wp-content\/uploads\/2018\/02\/07_Berlin-768x513.jpg 768w, https:\/\/germanstreetphotography.com\/wp-content\/uploads\/2018\/02\/07_Berlin-1024x684.jpg 1024w\" sizes=\"(max-width: 2000px) 100vw, 2000px\" \/><\/p>\n","protected":false},"excerpt":{"rendered":"<p>Birka Wiedmaier Birka wurde in Arnstadt geboren und lebt seit \u00fcber 15 Jahren in Moskau. Dort entwickelte sie ihre Leidenschaft f\u00fcr Fotografie. Sie f\u00e4ngt kleine Szenen ein, die f\u00fcr sie besonders und sch\u00f6n sind, interessante Menschen und manchmal seltsame Momente. Mit einer Kamera durch die Stra\u00dfen zu streifen, f\u00fchlt sich f\u00fcr sie wie Meditation an. &#8230; <a title=\"Birka Wiedmaier\" class=\"read-more\" href=\"https:\/\/germanstreetphotography.com\/de\/birka-wiedmaier\/\" aria-label=\"Mehr Informationen \u00fcber Birka Wiedmaier\">Weiterlesen &#8230;<\/a><\/p>\n","protected":false},"author":5,"featured_media":907,"parent":0,"menu_order":0,"comment_status":"closed","ping_status":"closed","template":"","meta":{"generate_page_header":""},"yoast_head":"<!-- This site is optimized with the Yoast SEO plugin v21.1 - https:\/\/yoast.com\/wordpress\/plugins\/seo\/ -->\n<title>Birka Wiedmaier &bull; Die deutsche Streetfotografie Seite<\/title>\n<meta name=\"description\" content=\"Birka wurde in Arnstadt geboren und lebt seit \u00fcber 15 Jahren in Moskau. Dort entwickelte sie ihre Leidenschaft f\u00fcr Fotografie.\" \/>\n<meta name=\"robots\" content=\"index, follow, max-snippet:-1, max-image-preview:large, max-video-preview:-1\" \/>\n<link rel=\"canonical\" href=\"https:\/\/germanstreetphotography.com\/de\/birka-wiedmaier\/\" \/>\n<meta property=\"og:locale\" content=\"de_DE\" \/>\n<meta property=\"og:type\" content=\"article\" \/>\n<meta property=\"og:title\" content=\"Birka Wiedmaier &bull; Die deutsche Streetfotografie Seite\" \/>\n<meta property=\"og:description\" content=\"Birka wurde in Arnstadt geboren und lebt seit \u00fcber 15 Jahren in Moskau. Dort entwickelte sie ihre Leidenschaft f\u00fcr Fotografie.\" \/>\n<meta property=\"og:url\" content=\"https:\/\/germanstreetphotography.com\/de\/birka-wiedmaier\/\" \/>\n<meta property=\"og:site_name\" content=\"Die deutsche Streetfotografie Seite\" \/>\n<meta property=\"article:modified_time\" content=\"2018-05-03T12:59:42+00:00\" \/>\n<meta property=\"og:image\" content=\"https:\/\/germanstreetphotography.com\/wp-content\/uploads\/2018\/02\/03_Berlin.jpg\" \/>\n\t<meta property=\"og:image:width\" content=\"2000\" \/>\n\t<meta property=\"og:image:height\" content=\"1334\" \/>\n\t<meta property=\"og:image:type\" content=\"image\/jpeg\" \/>\n<meta name=\"twitter:card\" content=\"summary_large_image\" \/>\n<meta name=\"twitter:label1\" content=\"Gesch\u00e4tzte Lesezeit\" \/>\n\t<meta name=\"twitter:data1\" content=\"1\u00a0Minute\" \/>\n<script type=\"application\/ld+json\" class=\"yoast-schema-graph\">{\"@context\":\"https:\/\/schema.org\",\"@graph\":[{\"@type\":\"WebPage\",\"@id\":\"https:\/\/germanstreetphotography.com\/de\/birka-wiedmaier\/\",\"url\":\"https:\/\/germanstreetphotography.com\/de\/birka-wiedmaier\/\",\"name\":\"Birka Wiedmaier &bull; Die deutsche Streetfotografie Seite\",\"isPartOf\":{\"@id\":\"https:\/\/germanstreetphotography.com\/#website\"},\"datePublished\":\"2018-02-13T08:40:09+00:00\",\"dateModified\":\"2018-05-03T12:59:42+00:00\",\"description\":\"Birka wurde in Arnstadt geboren und lebt seit \u00fcber 15 Jahren in Moskau. Dort entwickelte sie ihre Leidenschaft f\u00fcr Fotografie.\",\"breadcrumb\":{\"@id\":\"https:\/\/germanstreetphotography.com\/de\/birka-wiedmaier\/#breadcrumb\"},\"inLanguage\":\"de\",\"potentialAction\":[{\"@type\":\"ReadAction\",\"target\":[\"https:\/\/germanstreetphotography.com\/de\/birka-wiedmaier\/\"]}]},{\"@type\":\"BreadcrumbList\",\"@id\":\"https:\/\/germanstreetphotography.com\/de\/birka-wiedmaier\/#breadcrumb\",\"itemListElement\":[{\"@type\":\"ListItem\",\"position\":1,\"name\":\"Home\",\"item\":\"https:\/\/germanstreetphotography.com\/de\/\"},{\"@type\":\"ListItem\",\"position\":2,\"name\":\"Birka Wiedmaier\"}]},{\"@type\":\"WebSite\",\"@id\":\"https:\/\/germanstreetphotography.com\/#website\",\"url\":\"https:\/\/germanstreetphotography.com\/\",\"name\":\"Die deutsche Streetfotografie Seite\",\"description\":\"\",\"publisher\":{\"@id\":\"https:\/\/germanstreetphotography.com\/#organization\"},\"potentialAction\":[{\"@type\":\"SearchAction\",\"target\":{\"@type\":\"EntryPoint\",\"urlTemplate\":\"https:\/\/germanstreetphotography.com\/?s={search_term_string}\"},\"query-input\":\"required name=search_term_string\"}],\"inLanguage\":\"de\"},{\"@type\":\"Organization\",\"@id\":\"https:\/\/germanstreetphotography.com\/#organization\",\"name\":\"The German Street Photography Site\",\"url\":\"https:\/\/germanstreetphotography.com\/\",\"logo\":{\"@type\":\"ImageObject\",\"inLanguage\":\"de\",\"@id\":\"https:\/\/germanstreetphotography.com\/#\/schema\/logo\/image\/\",\"url\":\"https:\/\/germanstreetphotography.com\/wp-content\/uploads\/2019\/04\/gspf_logo_rz_kreis.png\",\"contentUrl\":\"https:\/\/germanstreetphotography.com\/wp-content\/uploads\/2019\/04\/gspf_logo_rz_kreis.png\",\"width\":600,\"height\":600,\"caption\":\"The German Street Photography Site\"},\"image\":{\"@id\":\"https:\/\/germanstreetphotography.com\/#\/schema\/logo\/image\/\"}}]}<\/script>\n<!-- \/ Yoast SEO plugin. -->","yoast_head_json":{"title":"Birka Wiedmaier &bull; Die deutsche Streetfotografie Seite","description":"Birka wurde in Arnstadt geboren und lebt seit \u00fcber 15 Jahren in Moskau. Dort entwickelte sie ihre Leidenschaft f\u00fcr Fotografie.","robots":{"index":"index","follow":"follow","max-snippet":"max-snippet:-1","max-image-preview":"max-image-preview:large","max-video-preview":"max-video-preview:-1"},"canonical":"https:\/\/germanstreetphotography.com\/de\/birka-wiedmaier\/","og_locale":"de_DE","og_type":"article","og_title":"Birka Wiedmaier &bull; Die deutsche Streetfotografie Seite","og_description":"Birka wurde in Arnstadt geboren und lebt seit \u00fcber 15 Jahren in Moskau. Dort entwickelte sie ihre Leidenschaft f\u00fcr Fotografie.","og_url":"https:\/\/germanstreetphotography.com\/de\/birka-wiedmaier\/","og_site_name":"Die deutsche Streetfotografie Seite","article_modified_time":"2018-05-03T12:59:42+00:00","og_image":[{"width":2000,"height":1334,"url":"https:\/\/germanstreetphotography.com\/wp-content\/uploads\/2018\/02\/03_Berlin.jpg","type":"image\/jpeg"}],"twitter_card":"summary_large_image","twitter_misc":{"Gesch\u00e4tzte Lesezeit":"1\u00a0Minute"},"schema":{"@context":"https:\/\/schema.org","@graph":[{"@type":"WebPage","@id":"https:\/\/germanstreetphotography.com\/de\/birka-wiedmaier\/","url":"https:\/\/germanstreetphotography.com\/de\/birka-wiedmaier\/","name":"Birka Wiedmaier &bull; Die deutsche Streetfotografie Seite","isPartOf":{"@id":"https:\/\/germanstreetphotography.com\/#website"},"datePublished":"2018-02-13T08:40:09+00:00","dateModified":"2018-05-03T12:59:42+00:00","description":"Birka wurde in Arnstadt geboren und lebt seit \u00fcber 15 Jahren in Moskau. Dort entwickelte sie ihre Leidenschaft f\u00fcr Fotografie.","breadcrumb":{"@id":"https:\/\/germanstreetphotography.com\/de\/birka-wiedmaier\/#breadcrumb"},"inLanguage":"de","potentialAction":[{"@type":"ReadAction","target":["https:\/\/germanstreetphotography.com\/de\/birka-wiedmaier\/"]}]},{"@type":"BreadcrumbList","@id":"https:\/\/germanstreetphotography.com\/de\/birka-wiedmaier\/#breadcrumb","itemListElement":[{"@type":"ListItem","position":1,"name":"Home","item":"https:\/\/germanstreetphotography.com\/de\/"},{"@type":"ListItem","position":2,"name":"Birka Wiedmaier"}]},{"@type":"WebSite","@id":"https:\/\/germanstreetphotography.com\/#website","url":"https:\/\/germanstreetphotography.com\/","name":"Die deutsche Streetfotografie Seite","description":"","publisher":{"@id":"https:\/\/germanstreetphotography.com\/#organization"},"potentialAction":[{"@type":"SearchAction","target":{"@type":"EntryPoint","urlTemplate":"https:\/\/germanstreetphotography.com\/?s={search_term_string}"},"query-input":"required name=search_term_string"}],"inLanguage":"de"},{"@type":"Organization","@id":"https:\/\/germanstreetphotography.com\/#organization","name":"The German Street Photography Site","url":"https:\/\/germanstreetphotography.com\/","logo":{"@type":"ImageObject","inLanguage":"de","@id":"https:\/\/germanstreetphotography.com\/#\/schema\/logo\/image\/","url":"https:\/\/germanstreetphotography.com\/wp-content\/uploads\/2019\/04\/gspf_logo_rz_kreis.png","contentUrl":"https:\/\/germanstreetphotography.com\/wp-content\/uploads\/2019\/04\/gspf_logo_rz_kreis.png","width":600,"height":600,"caption":"The German Street Photography Site"},"image":{"@id":"https:\/\/germanstreetphotography.com\/#\/schema\/logo\/image\/"}}]}},"_links":{"self":[{"href":"https:\/\/germanstreetphotography.com\/de\/wp-json\/wp\/v2\/pages\/914"}],"collection":[{"href":"https:\/\/germanstreetphotography.com\/de\/wp-json\/wp\/v2\/pages"}],"about":[{"href":"https:\/\/germanstreetphotography.com\/de\/wp-json\/wp\/v2\/types\/page"}],"author":[{"embeddable":true,"href":"https:\/\/germanstreetphotography.com\/de\/wp-json\/wp\/v2\/users\/5"}],"replies":[{"embeddable":true,"href":"https:\/\/germanstreetphotography.com\/de\/wp-json\/wp\/v2\/comments?post=914"}],"version-history":[{"count":5,"href":"https:\/\/germanstreetphotography.com\/de\/wp-json\/wp\/v2\/pages\/914\/revisions"}],"predecessor-version":[{"id":1454,"href":"https:\/\/germanstreetphotography.com\/de\/wp-json\/wp\/v2\/pages\/914\/revisions\/1454"}],"wp:featuredmedia":[{"embeddable":true,"href":"https:\/\/germanstreetphotography.com\/de\/wp-json\/wp\/v2\/media\/907"}],"wp:attachment":[{"href":"https:\/\/germanstreetphotography.com\/de\/wp-json\/wp\/v2\/media?parent=914"}],"curies":[{"name":"wp","href":"https:\/\/api.w.org\/{rel}","templated":true}]}}