{"id":846,"date":"2018-02-04T18:46:03","date_gmt":"2018-02-04T17:46:03","guid":{"rendered":"https:\/\/germanstreetphotography.com\/?page_id=846"},"modified":"2018-02-04T18:53:33","modified_gmt":"2018-02-04T17:53:33","slug":"mette-welm","status":"publish","type":"page","link":"https:\/\/germanstreetphotography.com\/de\/mette-welm\/","title":{"rendered":"Mette Welm"},"content":{"rendered":"<h1>Mette Welm<\/h1>\n<p><img decoding=\"async\" loading=\"lazy\" class=\"size-full wp-image-850\" src=\"https:\/\/germanstreetphotography.com\/wp-content\/uploads\/2018\/02\/mette_welm.jpg\" alt=\"\" width=\"700\" height=\"700\" srcset=\"https:\/\/germanstreetphotography.com\/wp-content\/uploads\/2018\/02\/mette_welm.jpg 700w, https:\/\/germanstreetphotography.com\/wp-content\/uploads\/2018\/02\/mette_welm-150x150.jpg 150w, https:\/\/germanstreetphotography.com\/wp-content\/uploads\/2018\/02\/mette_welm-300x300.jpg 300w\" sizes=\"(max-width: 700px) 100vw, 700px\" \/><\/p>\n<p>Mette Welm lebt und arbeitet in Hamburg. Seit 2015 konzentriert sie sich auf das Genre Streetphotography. Permanent auf der Suche nach dem ungew\u00f6hnlichen oder auch dem gerade gew\u00f6hnlichen Momenten, die sich auf der Stra\u00dfe wiederfinden. W\u00e4hrend der Fotostreifz\u00fcge, taucht sie in eine eigene Welt ab, scannt die Umgebung und fokussiert sich auf den Moment.<\/p>\n<h2><div  class=\"lgc-column lgc-grid-parent lgc-grid-25 lgc-tablet-grid-50 lgc-mobile-grid-100 lgc-equal-heights \"><div  class=\"inside-grid-column\"><a href=\"https:\/\/www.mettewelmphotography.com\/\"><i class=\"fa fa-home\" aria-hidden=\"true\"><\/i> Webseite<\/a><\/div><\/div><\/h2>\n<h2><div  class=\"lgc-column lgc-grid-parent lgc-grid-25 lgc-tablet-grid-50 lgc-mobile-grid-100 lgc-equal-heights \"><div  class=\"inside-grid-column\"><a href=\"https:\/\/www.flickr.com\/photos\/131626031@N06\/\"><i class=\"fa fa-flickr\" aria-hidden=\"true\"><\/i> Flickr<\/a><\/div><\/div><\/h2>\n<h2><div  class=\"lgc-column lgc-grid-parent lgc-grid-25 lgc-tablet-grid-50 lgc-mobile-grid-100 lgc-equal-heights \"><div  class=\"inside-grid-column\"><a href=\"https:\/\/www.facebook.com\/Mette1977-1495522774088798\/\"><i class=\"fa fa-facebook-official\" aria-hidden=\"true\"><\/i> Facebook<\/a><\/div><\/div><\/h2>\n<h2><div  class=\"lgc-column lgc-grid-parent lgc-grid-25 lgc-tablet-grid-50 lgc-mobile-grid-100 lgc-equal-heights \"><div  class=\"inside-grid-column\"><a href=\"https:\/\/www.instagram.com\/mette_1977\/\"><i class=\"fa fa-instagram\" aria-hidden=\"true\"><\/i> Instagram<\/a><\/div><\/div><div class=\"lgc-clear\"><\/div><\/h2>\n<h2>Portfolio<\/h2>\n<p><img decoding=\"async\" loading=\"lazy\" class=\"size-full wp-image-855 aligncenter\" src=\"https:\/\/germanstreetphotography.com\/wp-content\/uploads\/2018\/02\/mette_welm_Street_Photography1.jpg\" alt=\"\" width=\"2000\" height=\"1429\" srcset=\"https:\/\/germanstreetphotography.com\/wp-content\/uploads\/2018\/02\/mette_welm_Street_Photography1.jpg 2000w, https:\/\/germanstreetphotography.com\/wp-content\/uploads\/2018\/02\/mette_welm_Street_Photography1-300x214.jpg 300w, https:\/\/germanstreetphotography.com\/wp-content\/uploads\/2018\/02\/mette_welm_Street_Photography1-768x549.jpg 768w, https:\/\/germanstreetphotography.com\/wp-content\/uploads\/2018\/02\/mette_welm_Street_Photography1-1024x732.jpg 1024w\" sizes=\"(max-width: 2000px) 100vw, 2000px\" \/><\/p>\n<p><img decoding=\"async\" loading=\"lazy\" class=\"size-full wp-image-860 aligncenter\" src=\"https:\/\/germanstreetphotography.com\/wp-content\/uploads\/2018\/02\/mette_welm_Street_Photography6.jpg\" alt=\"\" width=\"2000\" height=\"1429\" srcset=\"https:\/\/germanstreetphotography.com\/wp-content\/uploads\/2018\/02\/mette_welm_Street_Photography6.jpg 2000w, https:\/\/germanstreetphotography.com\/wp-content\/uploads\/2018\/02\/mette_welm_Street_Photography6-300x214.jpg 300w, https:\/\/germanstreetphotography.com\/wp-content\/uploads\/2018\/02\/mette_welm_Street_Photography6-768x549.jpg 768w, https:\/\/germanstreetphotography.com\/wp-content\/uploads\/2018\/02\/mette_welm_Street_Photography6-1024x732.jpg 1024w\" sizes=\"(max-width: 2000px) 100vw, 2000px\" \/><\/p>\n<p><img decoding=\"async\" loading=\"lazy\" class=\"size-full wp-image-859 aligncenter\" src=\"https:\/\/germanstreetphotography.com\/wp-content\/uploads\/2018\/02\/mette_welm_Street_Photography5.jpg\" alt=\"\" width=\"2000\" height=\"1429\" srcset=\"https:\/\/germanstreetphotography.com\/wp-content\/uploads\/2018\/02\/mette_welm_Street_Photography5.jpg 2000w, https:\/\/germanstreetphotography.com\/wp-content\/uploads\/2018\/02\/mette_welm_Street_Photography5-300x214.jpg 300w, https:\/\/germanstreetphotography.com\/wp-content\/uploads\/2018\/02\/mette_welm_Street_Photography5-768x549.jpg 768w, https:\/\/germanstreetphotography.com\/wp-content\/uploads\/2018\/02\/mette_welm_Street_Photography5-1024x732.jpg 1024w\" sizes=\"(max-width: 2000px) 100vw, 2000px\" \/><\/p>\n<p><img decoding=\"async\" loading=\"lazy\" class=\"size-full wp-image-858 aligncenter\" src=\"https:\/\/germanstreetphotography.com\/wp-content\/uploads\/2018\/02\/mette_welm_Street_Photography4.jpg\" alt=\"\" width=\"2000\" height=\"1429\" srcset=\"https:\/\/germanstreetphotography.com\/wp-content\/uploads\/2018\/02\/mette_welm_Street_Photography4.jpg 2000w, https:\/\/germanstreetphotography.com\/wp-content\/uploads\/2018\/02\/mette_welm_Street_Photography4-300x214.jpg 300w, https:\/\/germanstreetphotography.com\/wp-content\/uploads\/2018\/02\/mette_welm_Street_Photography4-768x549.jpg 768w, https:\/\/germanstreetphotography.com\/wp-content\/uploads\/2018\/02\/mette_welm_Street_Photography4-1024x732.jpg 1024w\" sizes=\"(max-width: 2000px) 100vw, 2000px\" \/><\/p>\n<p><img decoding=\"async\" loading=\"lazy\" class=\"size-full wp-image-856 aligncenter\" src=\"https:\/\/germanstreetphotography.com\/wp-content\/uploads\/2018\/02\/mette_welm_Street_Photography2.jpg\" alt=\"\" width=\"2000\" height=\"2800\" srcset=\"https:\/\/germanstreetphotography.com\/wp-content\/uploads\/2018\/02\/mette_welm_Street_Photography2.jpg 2000w, https:\/\/germanstreetphotography.com\/wp-content\/uploads\/2018\/02\/mette_welm_Street_Photography2-214x300.jpg 214w, https:\/\/germanstreetphotography.com\/wp-content\/uploads\/2018\/02\/mette_welm_Street_Photography2-768x1075.jpg 768w, https:\/\/germanstreetphotography.com\/wp-content\/uploads\/2018\/02\/mette_welm_Street_Photography2-731x1024.jpg 731w\" sizes=\"(max-width: 2000px) 100vw, 2000px\" \/><\/p>\n<p><img decoding=\"async\" loading=\"lazy\" class=\"size-full wp-image-861\" src=\"https:\/\/germanstreetphotography.com\/wp-content\/uploads\/2018\/02\/mette_welm_Street_Photography7.jpg\" alt=\"\" width=\"2000\" height=\"2800\" srcset=\"https:\/\/germanstreetphotography.com\/wp-content\/uploads\/2018\/02\/mette_welm_Street_Photography7.jpg 2000w, https:\/\/germanstreetphotography.com\/wp-content\/uploads\/2018\/02\/mette_welm_Street_Photography7-214x300.jpg 214w, https:\/\/germanstreetphotography.com\/wp-content\/uploads\/2018\/02\/mette_welm_Street_Photography7-768x1075.jpg 768w, https:\/\/germanstreetphotography.com\/wp-content\/uploads\/2018\/02\/mette_welm_Street_Photography7-731x1024.jpg 731w\" sizes=\"(max-width: 2000px) 100vw, 2000px\" \/><\/p>\n<p><img decoding=\"async\" loading=\"lazy\" class=\"size-full wp-image-857 aligncenter\" src=\"https:\/\/germanstreetphotography.com\/wp-content\/uploads\/2018\/02\/mette_welm_Street_Photography3.jpg\" alt=\"\" width=\"2000\" height=\"2800\" srcset=\"https:\/\/germanstreetphotography.com\/wp-content\/uploads\/2018\/02\/mette_welm_Street_Photography3.jpg 2000w, https:\/\/germanstreetphotography.com\/wp-content\/uploads\/2018\/02\/mette_welm_Street_Photography3-214x300.jpg 214w, https:\/\/germanstreetphotography.com\/wp-content\/uploads\/2018\/02\/mette_welm_Street_Photography3-768x1075.jpg 768w, https:\/\/germanstreetphotography.com\/wp-content\/uploads\/2018\/02\/mette_welm_Street_Photography3-731x1024.jpg 731w\" sizes=\"(max-width: 2000px) 100vw, 2000px\" \/><\/p>\n","protected":false},"excerpt":{"rendered":"<p>Mette Welm Mette Welm lebt und arbeitet in Hamburg. Seit 2015 konzentriert sie sich auf das Genre Streetphotography. Permanent auf der Suche nach dem ungew\u00f6hnlichen oder auch dem gerade gew\u00f6hnlichen Momenten, die sich auf der Stra\u00dfe wiederfinden. W\u00e4hrend der Fotostreifz\u00fcge, taucht sie in eine eigene Welt ab, scannt die Umgebung und fokussiert sich auf den &#8230; <a title=\"Mette Welm\" class=\"read-more\" href=\"https:\/\/germanstreetphotography.com\/de\/mette-welm\/\" aria-label=\"Mehr Informationen \u00fcber Mette Welm\">Weiterlesen &#8230;<\/a><\/p>\n","protected":false},"author":5,"featured_media":860,"parent":0,"menu_order":0,"comment_status":"closed","ping_status":"closed","template":"","meta":{"generate_page_header":""},"yoast_head":"<!-- This site is optimized with the Yoast SEO plugin v21.1 - https:\/\/yoast.com\/wordpress\/plugins\/seo\/ -->\n<title>Mette Welm &bull; Die deutsche Streetfotografie Seite<\/title>\n<meta name=\"description\" content=\"Mette Welm lebt und arbeitet in Hamburg. Seit 2015 konzentriert sie sich auf das Genre Streetphotography. Permanent auf der Suche nach dem ungew\u00f6hnlichen oder auch dem gerade gew\u00f6hnlichen Momenten, die sich auf der Stra\u00dfe wiederfinden.\" \/>\n<meta name=\"robots\" content=\"index, follow, max-snippet:-1, max-image-preview:large, max-video-preview:-1\" \/>\n<link rel=\"canonical\" href=\"https:\/\/germanstreetphotography.com\/de\/mette-welm\/\" \/>\n<meta property=\"og:locale\" content=\"de_DE\" \/>\n<meta property=\"og:type\" content=\"article\" \/>\n<meta property=\"og:title\" content=\"Mette Welm &bull; Die deutsche Streetfotografie Seite\" \/>\n<meta property=\"og:description\" content=\"Mette Welm lebt und arbeitet in Hamburg. Seit 2015 konzentriert sie sich auf das Genre Streetphotography. Permanent auf der Suche nach dem ungew\u00f6hnlichen oder auch dem gerade gew\u00f6hnlichen Momenten, die sich auf der Stra\u00dfe wiederfinden.\" \/>\n<meta property=\"og:url\" content=\"https:\/\/germanstreetphotography.com\/de\/mette-welm\/\" \/>\n<meta property=\"og:site_name\" content=\"Die deutsche Streetfotografie Seite\" \/>\n<meta property=\"article:modified_time\" content=\"2018-02-04T17:53:33+00:00\" \/>\n<meta property=\"og:image\" content=\"https:\/\/germanstreetphotography.com\/wp-content\/uploads\/2018\/02\/mette_welm_Street_Photography6.jpg\" \/>\n\t<meta property=\"og:image:width\" content=\"2000\" \/>\n\t<meta property=\"og:image:height\" content=\"1429\" \/>\n\t<meta property=\"og:image:type\" content=\"image\/jpeg\" \/>\n<meta name=\"twitter:card\" content=\"summary_large_image\" \/>\n<meta name=\"twitter:label1\" content=\"Gesch\u00e4tzte Lesezeit\" \/>\n\t<meta name=\"twitter:data1\" content=\"1\u00a0Minute\" \/>\n<script type=\"application\/ld+json\" class=\"yoast-schema-graph\">{\"@context\":\"https:\/\/schema.org\",\"@graph\":[{\"@type\":\"WebPage\",\"@id\":\"https:\/\/germanstreetphotography.com\/de\/mette-welm\/\",\"url\":\"https:\/\/germanstreetphotography.com\/de\/mette-welm\/\",\"name\":\"Mette Welm &bull; Die deutsche Streetfotografie Seite\",\"isPartOf\":{\"@id\":\"https:\/\/germanstreetphotography.com\/#website\"},\"datePublished\":\"2018-02-04T17:46:03+00:00\",\"dateModified\":\"2018-02-04T17:53:33+00:00\",\"description\":\"Mette Welm lebt und arbeitet in Hamburg. Seit 2015 konzentriert sie sich auf das Genre Streetphotography. Permanent auf der Suche nach dem ungew\u00f6hnlichen oder auch dem gerade gew\u00f6hnlichen Momenten, die sich auf der Stra\u00dfe wiederfinden.\",\"breadcrumb\":{\"@id\":\"https:\/\/germanstreetphotography.com\/de\/mette-welm\/#breadcrumb\"},\"inLanguage\":\"de\",\"potentialAction\":[{\"@type\":\"ReadAction\",\"target\":[\"https:\/\/germanstreetphotography.com\/de\/mette-welm\/\"]}]},{\"@type\":\"BreadcrumbList\",\"@id\":\"https:\/\/germanstreetphotography.com\/de\/mette-welm\/#breadcrumb\",\"itemListElement\":[{\"@type\":\"ListItem\",\"position\":1,\"name\":\"Home\",\"item\":\"https:\/\/germanstreetphotography.com\/de\/\"},{\"@type\":\"ListItem\",\"position\":2,\"name\":\"Mette Welm\"}]},{\"@type\":\"WebSite\",\"@id\":\"https:\/\/germanstreetphotography.com\/#website\",\"url\":\"https:\/\/germanstreetphotography.com\/\",\"name\":\"Die deutsche Streetfotografie Seite\",\"description\":\"\",\"publisher\":{\"@id\":\"https:\/\/germanstreetphotography.com\/#organization\"},\"potentialAction\":[{\"@type\":\"SearchAction\",\"target\":{\"@type\":\"EntryPoint\",\"urlTemplate\":\"https:\/\/germanstreetphotography.com\/?s={search_term_string}\"},\"query-input\":\"required name=search_term_string\"}],\"inLanguage\":\"de\"},{\"@type\":\"Organization\",\"@id\":\"https:\/\/germanstreetphotography.com\/#organization\",\"name\":\"The German Street Photography Site\",\"url\":\"https:\/\/germanstreetphotography.com\/\",\"logo\":{\"@type\":\"ImageObject\",\"inLanguage\":\"de\",\"@id\":\"https:\/\/germanstreetphotography.com\/#\/schema\/logo\/image\/\",\"url\":\"https:\/\/germanstreetphotography.com\/wp-content\/uploads\/2019\/04\/gspf_logo_rz_kreis.png\",\"contentUrl\":\"https:\/\/germanstreetphotography.com\/wp-content\/uploads\/2019\/04\/gspf_logo_rz_kreis.png\",\"width\":600,\"height\":600,\"caption\":\"The German Street Photography Site\"},\"image\":{\"@id\":\"https:\/\/germanstreetphotography.com\/#\/schema\/logo\/image\/\"}}]}<\/script>\n<!-- \/ Yoast SEO plugin. -->","yoast_head_json":{"title":"Mette Welm &bull; Die deutsche Streetfotografie Seite","description":"Mette Welm lebt und arbeitet in Hamburg. Seit 2015 konzentriert sie sich auf das Genre Streetphotography. Permanent auf der Suche nach dem ungew\u00f6hnlichen oder auch dem gerade gew\u00f6hnlichen Momenten, die sich auf der Stra\u00dfe wiederfinden.","robots":{"index":"index","follow":"follow","max-snippet":"max-snippet:-1","max-image-preview":"max-image-preview:large","max-video-preview":"max-video-preview:-1"},"canonical":"https:\/\/germanstreetphotography.com\/de\/mette-welm\/","og_locale":"de_DE","og_type":"article","og_title":"Mette Welm &bull; Die deutsche Streetfotografie Seite","og_description":"Mette Welm lebt und arbeitet in Hamburg. Seit 2015 konzentriert sie sich auf das Genre Streetphotography. Permanent auf der Suche nach dem ungew\u00f6hnlichen oder auch dem gerade gew\u00f6hnlichen Momenten, die sich auf der Stra\u00dfe wiederfinden.","og_url":"https:\/\/germanstreetphotography.com\/de\/mette-welm\/","og_site_name":"Die deutsche Streetfotografie Seite","article_modified_time":"2018-02-04T17:53:33+00:00","og_image":[{"width":2000,"height":1429,"url":"https:\/\/germanstreetphotography.com\/wp-content\/uploads\/2018\/02\/mette_welm_Street_Photography6.jpg","type":"image\/jpeg"}],"twitter_card":"summary_large_image","twitter_misc":{"Gesch\u00e4tzte Lesezeit":"1\u00a0Minute"},"schema":{"@context":"https:\/\/schema.org","@graph":[{"@type":"WebPage","@id":"https:\/\/germanstreetphotography.com\/de\/mette-welm\/","url":"https:\/\/germanstreetphotography.com\/de\/mette-welm\/","name":"Mette Welm &bull; Die deutsche Streetfotografie Seite","isPartOf":{"@id":"https:\/\/germanstreetphotography.com\/#website"},"datePublished":"2018-02-04T17:46:03+00:00","dateModified":"2018-02-04T17:53:33+00:00","description":"Mette Welm lebt und arbeitet in Hamburg. Seit 2015 konzentriert sie sich auf das Genre Streetphotography. Permanent auf der Suche nach dem ungew\u00f6hnlichen oder auch dem gerade gew\u00f6hnlichen Momenten, die sich auf der Stra\u00dfe wiederfinden.","breadcrumb":{"@id":"https:\/\/germanstreetphotography.com\/de\/mette-welm\/#breadcrumb"},"inLanguage":"de","potentialAction":[{"@type":"ReadAction","target":["https:\/\/germanstreetphotography.com\/de\/mette-welm\/"]}]},{"@type":"BreadcrumbList","@id":"https:\/\/germanstreetphotography.com\/de\/mette-welm\/#breadcrumb","itemListElement":[{"@type":"ListItem","position":1,"name":"Home","item":"https:\/\/germanstreetphotography.com\/de\/"},{"@type":"ListItem","position":2,"name":"Mette Welm"}]},{"@type":"WebSite","@id":"https:\/\/germanstreetphotography.com\/#website","url":"https:\/\/germanstreetphotography.com\/","name":"Die deutsche Streetfotografie Seite","description":"","publisher":{"@id":"https:\/\/germanstreetphotography.com\/#organization"},"potentialAction":[{"@type":"SearchAction","target":{"@type":"EntryPoint","urlTemplate":"https:\/\/germanstreetphotography.com\/?s={search_term_string}"},"query-input":"required name=search_term_string"}],"inLanguage":"de"},{"@type":"Organization","@id":"https:\/\/germanstreetphotography.com\/#organization","name":"The German Street Photography Site","url":"https:\/\/germanstreetphotography.com\/","logo":{"@type":"ImageObject","inLanguage":"de","@id":"https:\/\/germanstreetphotography.com\/#\/schema\/logo\/image\/","url":"https:\/\/germanstreetphotography.com\/wp-content\/uploads\/2019\/04\/gspf_logo_rz_kreis.png","contentUrl":"https:\/\/germanstreetphotography.com\/wp-content\/uploads\/2019\/04\/gspf_logo_rz_kreis.png","width":600,"height":600,"caption":"The German Street Photography Site"},"image":{"@id":"https:\/\/germanstreetphotography.com\/#\/schema\/logo\/image\/"}}]}},"_links":{"self":[{"href":"https:\/\/germanstreetphotography.com\/de\/wp-json\/wp\/v2\/pages\/846"}],"collection":[{"href":"https:\/\/germanstreetphotography.com\/de\/wp-json\/wp\/v2\/pages"}],"about":[{"href":"https:\/\/germanstreetphotography.com\/de\/wp-json\/wp\/v2\/types\/page"}],"author":[{"embeddable":true,"href":"https:\/\/germanstreetphotography.com\/de\/wp-json\/wp\/v2\/users\/5"}],"replies":[{"embeddable":true,"href":"https:\/\/germanstreetphotography.com\/de\/wp-json\/wp\/v2\/comments?post=846"}],"version-history":[{"count":6,"href":"https:\/\/germanstreetphotography.com\/de\/wp-json\/wp\/v2\/pages\/846\/revisions"}],"predecessor-version":[{"id":873,"href":"https:\/\/germanstreetphotography.com\/de\/wp-json\/wp\/v2\/pages\/846\/revisions\/873"}],"wp:featuredmedia":[{"embeddable":true,"href":"https:\/\/germanstreetphotography.com\/de\/wp-json\/wp\/v2\/media\/860"}],"wp:attachment":[{"href":"https:\/\/germanstreetphotography.com\/de\/wp-json\/wp\/v2\/media?parent=846"}],"curies":[{"name":"wp","href":"https:\/\/api.w.org\/{rel}","templated":true}]}}