{"id":778,"date":"2018-01-31T15:52:22","date_gmt":"2018-01-31T14:52:22","guid":{"rendered":"https:\/\/germanstreetphotography.com\/?page_id=778"},"modified":"2020-01-06T13:05:31","modified_gmt":"2020-01-06T12:05:31","slug":"ueber-uns","status":"publish","type":"page","link":"https:\/\/germanstreetphotography.com\/de\/ueber-uns\/","title":{"rendered":"\u00dcber uns"},"content":{"rendered":"<h1 style=\"padding-left: 30px;\"><span style=\"color: #ffffff;\">\u00dcber uns<\/span><\/h1>\n<h2>Die Herausgeber der deutschen Streetfotografie Seite<\/h2>\n<p><strong><div  class=\"lgc-column lgc-grid-parent lgc-grid-30 lgc-tablet-grid-30 lgc-mobile-grid-100 lgc-equal-heights \"><div  class=\"inside-grid-column\"><img decoding=\"async\" loading=\"lazy\" class=\"alignnone wp-image-2942\" src=\"https:\/\/germanstreetphotography.com\/wp-content\/uploads\/2019\/12\/6f5fce1b-0330-40fc-98ac-a1c32b69c809-231x300.jpg\" alt=\"siegfried hansen\" width=\"300\" height=\"390\" srcset=\"https:\/\/germanstreetphotography.com\/wp-content\/uploads\/2019\/12\/6f5fce1b-0330-40fc-98ac-a1c32b69c809-231x300.jpg 231w, https:\/\/germanstreetphotography.com\/wp-content\/uploads\/2019\/12\/6f5fce1b-0330-40fc-98ac-a1c32b69c809.jpg 616w\" sizes=\"(max-width: 300px) 100vw, 300px\" \/><strong><\/strong><\/div><\/div><\/strong><div  class=\"lgc-column lgc-grid-parent lgc-grid-70 lgc-tablet-grid-70 lgc-mobile-grid-100 lgc-equal-heights \"><div  class=\"inside-grid-column\"><br \/><strong>Siegfried Hansen<\/strong><br \/><a href=\"https:\/\/siegfried-hansen.de\/\" target=\"_blank\" rel=\"noopener noreferrer\">Siegfried<\/a> ist Mitglied des renommierten internationalen Strassenfotografie Kollektivs \u201eUP Photographers\u201c.<br \/>Er ist ein gern gesehener Sprecher und Juror bei zahlreichen internationalen Fotofestivals. Sein Bildband \u201ehold the line\u201c wurde im Kettler Verlag ver\u00f6ffentlicht. Inzwischen ist das Buch ausverkauft und gewann zahlreiche internationale Preise.<\/div><\/div><div class=\"lgc-clear\"><\/div>\n<p>&nbsp;<\/p>\n<div  class=\"lgc-column lgc-grid-parent lgc-grid-30 lgc-tablet-grid-30 lgc-mobile-grid-100 lgc-equal-heights \"><div  class=\"inside-grid-column\"><img decoding=\"async\" loading=\"lazy\" class=\"alignnone size-medium wp-image-2952\" src=\"https:\/\/germanstreetphotography.com\/wp-content\/uploads\/2019\/12\/8682e2af-ebea-4d92-aba1-30d4c53eeb3a-300x300.jpg\" alt=\"Marco Larousse\" width=\"300\" height=\"300\" srcset=\"https:\/\/germanstreetphotography.com\/wp-content\/uploads\/2019\/12\/8682e2af-ebea-4d92-aba1-30d4c53eeb3a-300x300.jpg 300w, https:\/\/germanstreetphotography.com\/wp-content\/uploads\/2019\/12\/8682e2af-ebea-4d92-aba1-30d4c53eeb3a-150x150.jpg 150w, https:\/\/germanstreetphotography.com\/wp-content\/uploads\/2019\/12\/8682e2af-ebea-4d92-aba1-30d4c53eeb3a.jpg 480w\" sizes=\"(max-width: 300px) 100vw, 300px\" \/><\/div><\/div>\n<div  class=\"lgc-column lgc-grid-parent lgc-grid-70 lgc-tablet-grid-70 lgc-mobile-grid-100 lgc-equal-heights \"><div  class=\"inside-grid-column\"><strong>Marco Larousse<\/strong><br \/><a href=\"https:\/\/www.marcolarousse.com\/about\" target=\"_blank\" rel=\"noopener noreferrer\">Marco<\/a> ist ein international t\u00e4tiger Street- und Dokumentarfotograf aus Hamburg. Nach \u00fcber 30 Jahren Erfahrung in der Fotografie teilt er mit Leidenschaftlich sein Wissen und seine Inspiration in Workshops, B\u00fcchern, <a href=\"https:\/\/www.photopodcasts.com\/podcasts\" target=\"_blank\" rel=\"noopener noreferrer\">Podcasts<\/a>, als Juror und bei \u00f6ffentlichen Auftritten. Er ist u.A. Co-Autor und Verfasser der Einleitung f\u00fcr das k\u00fcrzlich erschienene Buch &#8222;<a href=\"https:\/\/www.marcolarousse.com\/blog\/2018\/8\/27\/streetfotografie-made-in-germany\" target=\"_blank\" rel=\"noopener noreferrer\">Streetfotografie made in Germany.<\/a><\/div><\/div><div class=\"lgc-clear\"><\/div>\n<p>&nbsp;<\/p>\n<div  class=\"lgc-column lgc-grid-parent lgc-grid-30 lgc-tablet-grid-30 lgc-mobile-grid-100 lgc-equal-heights \"><div  class=\"inside-grid-column\"><img decoding=\"async\" loading=\"lazy\" class=\"alignnone size-medium wp-image-2987\" src=\"https:\/\/germanstreetphotography.com\/wp-content\/uploads\/2019\/12\/Martin-U-Waltz-03040-2-300x300.jpg\" alt=\"Martin U Waltz\" width=\"300\" height=\"300\" srcset=\"https:\/\/germanstreetphotography.com\/wp-content\/uploads\/2019\/12\/Martin-U-Waltz-03040-2-300x300.jpg 300w, https:\/\/germanstreetphotography.com\/wp-content\/uploads\/2019\/12\/Martin-U-Waltz-03040-2-150x150.jpg 150w, https:\/\/germanstreetphotography.com\/wp-content\/uploads\/2019\/12\/Martin-U-Waltz-03040-2.jpg 600w\" sizes=\"(max-width: 300px) 100vw, 300px\" \/>\n<p><\/p><\/div><\/div><div  class=\"lgc-column lgc-grid-parent lgc-grid-70 lgc-tablet-grid-70 lgc-mobile-grid-100 lgc-equal-heights \"><div  class=\"inside-grid-column\"><strong>Martin U Waltz<\/strong><br \/><a href=\"https:\/\/streetberlin.net\/de\/fotograf-berlin-martin-u-waltz\/\" target=\"_blank\" rel=\"noopener noreferrer\">Martin<\/a> arbeitet als Fotograf, Lehrer f\u00fcr Fotografie und Autor in Berlin. Seine Arbeiten wurden vielfach ausgezeichnet und in Ausstellungen in New York, London, Dublin, Budapest, Rom und Berlin gezeigt. Martin hat zahlreiche Auszeichnungen bei internationalen Fotografie Wettbewerben gewonnen. Er ist Autor und Co-Autor mehrerer B\u00fccher zum Thema Streetfotografie. <\/div><\/div><div class=\"lgc-clear\"><\/div>\n<h2>Was wir wollen<\/h2>\n<p>2019 haben wir das erste <a href=\"https:\/\/www.germanstreetphotographyfestival.com\/\" target=\"_blank\" rel=\"noopener noreferrer\">German Street Photography Festival<\/a> organisiert. Wir haben auch an dem Buch &#8222;Streetfotografie &#8211; Made in Germany&#8220; mitgeschrieben, welches im Jahr 2018 im Rheinwerk Verlag erschien ist.<\/p>\n<p>Unsere Ziele sind<\/p>\n<ul>\n<li>ein Bewusstsein f\u00fcr Street Photography als Kunstform zu schaffen<\/li>\n<li>eine Informationsplattform f\u00fcr Streetfotografie in Deutschland\u00a0 anzubieten<\/li>\n<\/ul>\n<p>Wir sind an der Zusammenarbeit mit Galerien, kulturellen Institutionen, Medien und der Foto-Industrie interessiert.<\/p>\n<h2>Wie kann man auf der deutschen Streetfotografie gelistet werden?<\/h2>\n<p><strong>Als Fotograf: <\/strong>Wir w\u00e4hlen Fotografen und Fotografinnen aus, deren Arbeiten wir sch\u00e4tzen oder die uns empfohlen werden. Dabei geht es uns darum, den Besuchern dieser Webseite eine spannende Auswahl anzubieten. Unsere Auswahl ist dynamisch, es gibt Neuzug\u00e4nge und Abg\u00e4nge. Wir wollen kein Verzeichnis sein sondern eine spannende \u00dcbersicht \u00fcber Streetfotografie in Deutschland anbieten. Der einfachste Weg auf die deutsche Streetfotografie Seite ist mit ausgezeichneten Arbeiten aufzufallen oder empfohlen zu werden.\u00a0<\/p>\n<p><strong>Als Streetfotografie Gruppe:<\/strong> Das ist sehr einfach. Wenn ihr in Deutschland als Gruppe (mind. 3 Personen) aktiv seid, dann nehmen wir euch sehr gerne in unsere Gruppenliste auf. Schickt uns einfach eine Mail.<\/p>\n<h5 style=\"text-align: center;\"><a class=\"button transparent\" href=\"https:\/\/germanstreetphotography.com\/de\/kontakt\/\"><i class=\"fa fa-arrow-circle-right\" aria-hidden=\"true\"><\/i> Lass uns reden<\/a><\/h5>\n<p>&nbsp;<\/p>\n","protected":false},"excerpt":{"rendered":"<p>\u00dcber uns Die Herausgeber der deutschen Streetfotografie Seite &nbsp; &nbsp; Was wir wollen 2019 haben wir das erste German Street Photography Festival organisiert. Wir haben auch an dem Buch &#8222;Streetfotografie &#8211; Made in Germany&#8220; mitgeschrieben, welches im Jahr 2018 im Rheinwerk Verlag erschien ist. Unsere Ziele sind ein Bewusstsein f\u00fcr Street Photography als Kunstform zu &#8230; <a title=\"\u00dcber uns\" class=\"read-more\" href=\"https:\/\/germanstreetphotography.com\/de\/ueber-uns\/\" aria-label=\"Mehr Informationen \u00fcber \u00dcber uns\">Weiterlesen &#8230;<\/a><\/p>\n","protected":false},"author":5,"featured_media":2952,"parent":0,"menu_order":0,"comment_status":"closed","ping_status":"closed","template":"","meta":{"generate_page_header":""},"yoast_head":"<!-- This site is optimized with the Yoast SEO plugin v21.1 - https:\/\/yoast.com\/wordpress\/plugins\/seo\/ -->\n<title>\u00dcber uns &bull; Die deutsche Streetfotografie Seite<\/title>\n<meta name=\"description\" content=\"Mehr \u00fcber die Siegfried Hansen, Marco Laroussse und Martin U Waltz, die Herausgeber der deutschen Streetfotografie Seite.\" \/>\n<meta name=\"robots\" content=\"index, follow, max-snippet:-1, max-image-preview:large, max-video-preview:-1\" \/>\n<link rel=\"canonical\" href=\"https:\/\/germanstreetphotography.com\/de\/ueber-uns\/\" \/>\n<meta property=\"og:locale\" content=\"de_DE\" \/>\n<meta property=\"og:type\" content=\"article\" \/>\n<meta property=\"og:title\" content=\"\u00dcber uns &bull; Die deutsche Streetfotografie Seite\" \/>\n<meta property=\"og:description\" content=\"Mehr \u00fcber die Siegfried Hansen, Marco Laroussse und Martin U Waltz, die Herausgeber der deutschen Streetfotografie Seite.\" \/>\n<meta property=\"og:url\" content=\"https:\/\/germanstreetphotography.com\/de\/ueber-uns\/\" \/>\n<meta property=\"og:site_name\" content=\"Die deutsche Streetfotografie Seite\" \/>\n<meta property=\"article:modified_time\" content=\"2020-01-06T12:05:31+00:00\" \/>\n<meta property=\"og:image\" content=\"https:\/\/germanstreetphotography.com\/wp-content\/uploads\/2019\/12\/8682e2af-ebea-4d92-aba1-30d4c53eeb3a.jpg\" \/>\n\t<meta property=\"og:image:width\" content=\"480\" \/>\n\t<meta property=\"og:image:height\" content=\"480\" \/>\n\t<meta property=\"og:image:type\" content=\"image\/jpeg\" \/>\n<meta name=\"twitter:card\" content=\"summary_large_image\" \/>\n<meta name=\"twitter:label1\" content=\"Gesch\u00e4tzte Lesezeit\" \/>\n\t<meta name=\"twitter:data1\" content=\"2\u00a0Minuten\" \/>\n<script type=\"application\/ld+json\" class=\"yoast-schema-graph\">{\"@context\":\"https:\/\/schema.org\",\"@graph\":[{\"@type\":\"WebPage\",\"@id\":\"https:\/\/germanstreetphotography.com\/de\/ueber-uns\/\",\"url\":\"https:\/\/germanstreetphotography.com\/de\/ueber-uns\/\",\"name\":\"\u00dcber uns &bull; Die deutsche Streetfotografie Seite\",\"isPartOf\":{\"@id\":\"https:\/\/germanstreetphotography.com\/#website\"},\"datePublished\":\"2018-01-31T14:52:22+00:00\",\"dateModified\":\"2020-01-06T12:05:31+00:00\",\"description\":\"Mehr \u00fcber die Siegfried Hansen, Marco Laroussse und Martin U Waltz, die Herausgeber der deutschen Streetfotografie Seite.\",\"breadcrumb\":{\"@id\":\"https:\/\/germanstreetphotography.com\/de\/ueber-uns\/#breadcrumb\"},\"inLanguage\":\"de\",\"potentialAction\":[{\"@type\":\"ReadAction\",\"target\":[\"https:\/\/germanstreetphotography.com\/de\/ueber-uns\/\"]}]},{\"@type\":\"BreadcrumbList\",\"@id\":\"https:\/\/germanstreetphotography.com\/de\/ueber-uns\/#breadcrumb\",\"itemListElement\":[{\"@type\":\"ListItem\",\"position\":1,\"name\":\"Home\",\"item\":\"https:\/\/germanstreetphotography.com\/de\/\"},{\"@type\":\"ListItem\",\"position\":2,\"name\":\"\u00dcber uns\"}]},{\"@type\":\"WebSite\",\"@id\":\"https:\/\/germanstreetphotography.com\/#website\",\"url\":\"https:\/\/germanstreetphotography.com\/\",\"name\":\"Die deutsche Streetfotografie Seite\",\"description\":\"\",\"publisher\":{\"@id\":\"https:\/\/germanstreetphotography.com\/#organization\"},\"potentialAction\":[{\"@type\":\"SearchAction\",\"target\":{\"@type\":\"EntryPoint\",\"urlTemplate\":\"https:\/\/germanstreetphotography.com\/?s={search_term_string}\"},\"query-input\":\"required name=search_term_string\"}],\"inLanguage\":\"de\"},{\"@type\":\"Organization\",\"@id\":\"https:\/\/germanstreetphotography.com\/#organization\",\"name\":\"The German Street Photography Site\",\"url\":\"https:\/\/germanstreetphotography.com\/\",\"logo\":{\"@type\":\"ImageObject\",\"inLanguage\":\"de\",\"@id\":\"https:\/\/germanstreetphotography.com\/#\/schema\/logo\/image\/\",\"url\":\"https:\/\/germanstreetphotography.com\/wp-content\/uploads\/2019\/04\/gspf_logo_rz_kreis.png\",\"contentUrl\":\"https:\/\/germanstreetphotography.com\/wp-content\/uploads\/2019\/04\/gspf_logo_rz_kreis.png\",\"width\":600,\"height\":600,\"caption\":\"The German Street Photography Site\"},\"image\":{\"@id\":\"https:\/\/germanstreetphotography.com\/#\/schema\/logo\/image\/\"}}]}<\/script>\n<!-- \/ Yoast SEO plugin. -->","yoast_head_json":{"title":"\u00dcber uns &bull; Die deutsche Streetfotografie Seite","description":"Mehr \u00fcber die Siegfried Hansen, Marco Laroussse und Martin U Waltz, die Herausgeber der deutschen Streetfotografie Seite.","robots":{"index":"index","follow":"follow","max-snippet":"max-snippet:-1","max-image-preview":"max-image-preview:large","max-video-preview":"max-video-preview:-1"},"canonical":"https:\/\/germanstreetphotography.com\/de\/ueber-uns\/","og_locale":"de_DE","og_type":"article","og_title":"\u00dcber uns &bull; Die deutsche Streetfotografie Seite","og_description":"Mehr \u00fcber die Siegfried Hansen, Marco Laroussse und Martin U Waltz, die Herausgeber der deutschen Streetfotografie Seite.","og_url":"https:\/\/germanstreetphotography.com\/de\/ueber-uns\/","og_site_name":"Die deutsche Streetfotografie Seite","article_modified_time":"2020-01-06T12:05:31+00:00","og_image":[{"width":480,"height":480,"url":"https:\/\/germanstreetphotography.com\/wp-content\/uploads\/2019\/12\/8682e2af-ebea-4d92-aba1-30d4c53eeb3a.jpg","type":"image\/jpeg"}],"twitter_card":"summary_large_image","twitter_misc":{"Gesch\u00e4tzte Lesezeit":"2\u00a0Minuten"},"schema":{"@context":"https:\/\/schema.org","@graph":[{"@type":"WebPage","@id":"https:\/\/germanstreetphotography.com\/de\/ueber-uns\/","url":"https:\/\/germanstreetphotography.com\/de\/ueber-uns\/","name":"\u00dcber uns &bull; Die deutsche Streetfotografie Seite","isPartOf":{"@id":"https:\/\/germanstreetphotography.com\/#website"},"datePublished":"2018-01-31T14:52:22+00:00","dateModified":"2020-01-06T12:05:31+00:00","description":"Mehr \u00fcber die Siegfried Hansen, Marco Laroussse und Martin U Waltz, die Herausgeber der deutschen Streetfotografie Seite.","breadcrumb":{"@id":"https:\/\/germanstreetphotography.com\/de\/ueber-uns\/#breadcrumb"},"inLanguage":"de","potentialAction":[{"@type":"ReadAction","target":["https:\/\/germanstreetphotography.com\/de\/ueber-uns\/"]}]},{"@type":"BreadcrumbList","@id":"https:\/\/germanstreetphotography.com\/de\/ueber-uns\/#breadcrumb","itemListElement":[{"@type":"ListItem","position":1,"name":"Home","item":"https:\/\/germanstreetphotography.com\/de\/"},{"@type":"ListItem","position":2,"name":"\u00dcber uns"}]},{"@type":"WebSite","@id":"https:\/\/germanstreetphotography.com\/#website","url":"https:\/\/germanstreetphotography.com\/","name":"Die deutsche Streetfotografie Seite","description":"","publisher":{"@id":"https:\/\/germanstreetphotography.com\/#organization"},"potentialAction":[{"@type":"SearchAction","target":{"@type":"EntryPoint","urlTemplate":"https:\/\/germanstreetphotography.com\/?s={search_term_string}"},"query-input":"required name=search_term_string"}],"inLanguage":"de"},{"@type":"Organization","@id":"https:\/\/germanstreetphotography.com\/#organization","name":"The German Street Photography Site","url":"https:\/\/germanstreetphotography.com\/","logo":{"@type":"ImageObject","inLanguage":"de","@id":"https:\/\/germanstreetphotography.com\/#\/schema\/logo\/image\/","url":"https:\/\/germanstreetphotography.com\/wp-content\/uploads\/2019\/04\/gspf_logo_rz_kreis.png","contentUrl":"https:\/\/germanstreetphotography.com\/wp-content\/uploads\/2019\/04\/gspf_logo_rz_kreis.png","width":600,"height":600,"caption":"The German Street Photography Site"},"image":{"@id":"https:\/\/germanstreetphotography.com\/#\/schema\/logo\/image\/"}}]}},"_links":{"self":[{"href":"https:\/\/germanstreetphotography.com\/de\/wp-json\/wp\/v2\/pages\/778"}],"collection":[{"href":"https:\/\/germanstreetphotography.com\/de\/wp-json\/wp\/v2\/pages"}],"about":[{"href":"https:\/\/germanstreetphotography.com\/de\/wp-json\/wp\/v2\/types\/page"}],"author":[{"embeddable":true,"href":"https:\/\/germanstreetphotography.com\/de\/wp-json\/wp\/v2\/users\/5"}],"replies":[{"embeddable":true,"href":"https:\/\/germanstreetphotography.com\/de\/wp-json\/wp\/v2\/comments?post=778"}],"version-history":[{"count":10,"href":"https:\/\/germanstreetphotography.com\/de\/wp-json\/wp\/v2\/pages\/778\/revisions"}],"predecessor-version":[{"id":3134,"href":"https:\/\/germanstreetphotography.com\/de\/wp-json\/wp\/v2\/pages\/778\/revisions\/3134"}],"wp:featuredmedia":[{"embeddable":true,"href":"https:\/\/germanstreetphotography.com\/de\/wp-json\/wp\/v2\/media\/2952"}],"wp:attachment":[{"href":"https:\/\/germanstreetphotography.com\/de\/wp-json\/wp\/v2\/media?parent=778"}],"curies":[{"name":"wp","href":"https:\/\/api.w.org\/{rel}","templated":true}]}}