{"id":752,"date":"2018-01-31T13:53:38","date_gmt":"2018-01-31T12:53:38","guid":{"rendered":"https:\/\/germanstreetphotography.com\/?page_id=752"},"modified":"2020-06-26T09:14:17","modified_gmt":"2020-06-26T07:14:17","slug":"willkommen","status":"publish","type":"page","link":"https:\/\/germanstreetphotography.com\/de\/","title":{"rendered":"Street Photography aus Deutschland"},"content":{"rendered":"<h2>Neuigkeiten<\/h2>\n<p><i class=\"fas fa-bell\"><\/i> Wir freuen uns, die K\u00f6lner Fotografin <strong><a href=\"https:\/\/germanstreetphotography.com\/de\/heike-frielingsdorf\/\" target=\"_blank\" rel=\"noopener noreferrer\">Heike Frielingsdorf<\/a> <\/strong>auf der Deutschen Streetfotografie Seite willkommen zu heissen. (Juni 2020)<\/p>\n<p><i class=\"fas fa-bell\"><\/i> Die Ausstellung &#8222;Stand der Dinge&#8220; \u00fcber die Corona Krise mit Fotografien von <strong><a href=\"https:\/\/germanstreetphotography.com\/de\/siegfried-hansen\/\">Siegfried Hansen<\/a>, Bastian Hertel, <a href=\"https:\/\/germanstreetphotography.com\/de\/marco-larousse\/\">Marco Larousse<\/a> <\/strong>und <strong><a href=\"https:\/\/germanstreetphotography.com\/de\/martin-u-waltz\/\">Martin U Waltz<\/a> <\/strong>wurde bis zum 12.7.2020 verl\u00e4ngert. (Juni 2020)<\/p>\n<p>&nbsp;<\/p>\n<h2 style=\"text-align: left;\">Plattform f\u00fcr Streetfotografie aus Deutschland<\/h2>\n<p>Die deutsche Streetfotografie Seite ist eine Informationsplattform f\u00fcr Street Photography in Deutschland.<\/p>\n<p style=\"text-align: left;\">Auf dieser Seite stellen wir spannende <a href=\"https:\/\/germanstreetphotography.com\/de\/strassenfotografen-deutsch\/\">Fotografen und Fotografinnen<\/a> aus der deutschen Streetfotografie Szene vor und bieten eine \u00dcbersicht \u00fcber <a href=\"https:\/\/germanstreetphotography.com\/de\/street-photography-groups\/\">Streetfotografie Gruppen<\/a> in Deutschland. Im Juni 2019 haben wir das 1. <a href=\"https:\/\/www.germanstreetphotographyfestival.com\/\" target=\"_blank\" rel=\"noopener noreferrer\">German Street Photography Festival<\/a> auf die Beine gestellt.<\/p>\n<p>&nbsp;<\/p>\n<h2 style=\"text-align: left;\">Kontakt zur deutschen Street Photography Szene<\/h2>\n<p>Du suchst Kontakt zu anderen Stra\u00dfenfotografen und Strassenfotografinnen? Dann empfehlen wir<\/p>\n<ul>\n<li style=\"text-align: left;\">Unsere Freunde von <a href=\"https:\/\/www.soulofstreet.de\/\" target=\"_blank\" rel=\"noopener noreferrer\">Soul of Street<\/a> geben ein Magazin heraus, organisieren Fotowalks und betreiben eine Streetfotografie Gruppe auf Facebook in deutscher Sprache.<\/li>\n<li>Trag dich in das <a href=\"https:\/\/xn--nrnbergunposed-gsb.de\/fotografen\/\" target=\"_blank\" rel=\"noopener noreferrer\">Verzeichnis deutscher Stra\u00dfenfotografen und Strassenfotografinnen<\/a> ein, dass das N\u00fcrnberg Unposed Kollektiv bereitstellt.<\/li>\n<li>Nimm Kontakt zu einer der <a href=\"https:\/\/germanstreetphotography.com\/de\/street-photography-groups\/\">Street Photography Gruppen<\/a> auf, viele organisieren gemeinsame Aktivit\u00e4ten wie Fotowalks.\u00a0<\/li>\n<\/ul>\n<p>&nbsp;<\/p>\n<h2>Streetfotografie in Zeiten des Corona Virus<\/h2>\n<p>Wir die Macher der German Street Photography Seite haben uns dieser Herausforderung gestellt. <strong>Marco Larousse<\/strong>, <strong>Siegfried Hansen<\/strong> und <strong>Martin U Waltz<\/strong> haben gemeinsam mit dem Fotografen und Galeristen <strong>Bastian Hertel<\/strong> die Austellung <strong>&#8222;Der Stand der Dinge&#8220; Die Corona Krise \/\/ Fr\u00fchling 2020<\/strong> kuratiert und organisiert.\u00a0<\/p>\n<p>Alle vier Fotografen haben ihre Wurzeln in der Streetfotografie. Mit Staunen und Neugier sp\u00fcren wir den Ver\u00e4nderungen des urbanen Raums nach. Wir untersuchen sowohl die Ver\u00e4nderungen der Form wie auch die Ver\u00e4nderungen der Emotionalit\u00e4t der Stadt. Die pl\u00f6tzlich scheinbar stillstehende und leere Stadt fordert eine ver\u00e4nderte Bildsprache. Dieser Herausforderung \u2013 anders zu sehen und zu visualisieren \u2013 haben sich alle vier Fotografen gestellt und sind zu ganz unterschiedlichen Positionen gelangt.<\/p>\n<p>&nbsp;<\/p>\n<p><img decoding=\"async\" loading=\"lazy\" class=\"aligncenter size-full wp-image-3716\" src=\"https:\/\/germanstreetphotography.com\/wp-content\/uploads\/2020\/06\/Insta_02.jpg\" alt=\"Streetfotografie corona Krise\" width=\"1000\" height=\"1000\" srcset=\"https:\/\/germanstreetphotography.com\/wp-content\/uploads\/2020\/06\/Insta_02.jpg 1000w, https:\/\/germanstreetphotography.com\/wp-content\/uploads\/2020\/06\/Insta_02-300x300.jpg 300w, https:\/\/germanstreetphotography.com\/wp-content\/uploads\/2020\/06\/Insta_02-150x150.jpg 150w, https:\/\/germanstreetphotography.com\/wp-content\/uploads\/2020\/06\/Insta_02-768x768.jpg 768w\" sizes=\"(max-width: 1000px) 100vw, 1000px\" \/><\/p>\n<p>Die Ausstellung ist bis zum 30.6. in der Galerie <a href=\"https:\/\/www.erstereihe.hamburg\/pages\/stand-der-dinge-coronakrise-2020\" target=\"_blank\" rel=\"noopener noreferrer\">erstereihe.hamburg<\/a> zu sehen.\u00a0<\/p>\n<h2>Die Er\u00f6ffnung und der Artist Talk sind online<\/h2>\n<p>Die Er\u00f6ffnung und der Artist Talk fanden als am 28.5.2020 als Livestream (siehe Youtube Video) statt.\u00a0<\/p>\n<p><iframe loading=\"lazy\" src=\"https:\/\/www.youtube-nocookie.com\/embed\/hB4H2sFSa9g\" width=\"560\" height=\"315\" frameborder=\"0\" allowfullscreen=\"allowfullscreen\"><\/iframe><\/p>\n<p>&nbsp;<\/p>\n<h2>Und ein Zine gibt es auch<\/h2>\n<p>Die Bilder der Ausstellung gibt es auch <strong>ZINE &#8222;STAND DER DINGE \/\/ CORONA-KRISE 2020&#8220;<\/strong> zu sehen, dass wir zeitgleich mit der Ausstellung herausgebracht haben. Zu bestellen bei der Galerie <a href=\"https:\/\/www.erstereihe.hamburg\/products\/magazine-stand-der-dinge-corona-krise-2020\" target=\"_blank\" rel=\"noopener noreferrer\">erstereihe.hamburg<\/a>.\u00a0<\/p>\n<p><iframe loading=\"lazy\" src=\"https:\/\/www.youtube-nocookie.com\/embed\/nRfeeK1HzLk\" width=\"560\" height=\"315\" frameborder=\"0\" allowfullscreen=\"allowfullscreen\"><\/iframe><\/p>\n<p>&nbsp;<\/p>\n<p>&nbsp;<\/p>\n","protected":false},"excerpt":{"rendered":"<p>Neuigkeiten Wir freuen uns, die K\u00f6lner Fotografin Heike Frielingsdorf auf der Deutschen Streetfotografie Seite willkommen zu heissen. (Juni 2020) Die Ausstellung &#8222;Stand der Dinge&#8220; \u00fcber die Corona Krise mit Fotografien von Siegfried Hansen, Bastian Hertel, Marco Larousse und Martin U Waltz wurde bis zum 12.7.2020 verl\u00e4ngert. (Juni 2020) &nbsp; Plattform f\u00fcr Streetfotografie aus Deutschland Die &#8230; <a title=\"Street Photography aus Deutschland\" class=\"read-more\" href=\"https:\/\/germanstreetphotography.com\/de\/\" aria-label=\"Mehr Informationen \u00fcber Street Photography aus Deutschland\">Weiterlesen &#8230;<\/a><\/p>\n","protected":false},"author":5,"featured_media":77,"parent":0,"menu_order":0,"comment_status":"closed","ping_status":"closed","template":"","meta":{"generate_page_header":""},"yoast_head":"<!-- This site is optimized with the Yoast SEO plugin v21.1 - https:\/\/yoast.com\/wordpress\/plugins\/seo\/ -->\n<title>Street Photography aus Deutschland &bull; Die deutsche Streetfotografie Seite<\/title>\n<meta name=\"description\" content=\"Street Photography in und aus Deutschland. Wir stellen spannende Strassenfotografen und aktive Streetfotografie Initatiiven und Kollektive vor.\" \/>\n<meta name=\"robots\" content=\"index, follow, max-snippet:-1, max-image-preview:large, max-video-preview:-1\" \/>\n<link rel=\"canonical\" href=\"https:\/\/germanstreetphotography.com\/de\/\" \/>\n<meta property=\"og:locale\" content=\"de_DE\" \/>\n<meta property=\"og:type\" content=\"article\" \/>\n<meta property=\"og:title\" content=\"Street Photography aus Deutschland &bull; Die deutsche Streetfotografie Seite\" \/>\n<meta property=\"og:description\" content=\"Street Photography in und aus Deutschland. Wir stellen spannende Strassenfotografen und aktive Streetfotografie Initatiiven und Kollektive vor.\" \/>\n<meta property=\"og:url\" content=\"https:\/\/germanstreetphotography.com\/de\/\" \/>\n<meta property=\"og:site_name\" content=\"Die deutsche Streetfotografie Seite\" \/>\n<meta property=\"article:modified_time\" content=\"2020-06-26T07:14:17+00:00\" \/>\n<meta property=\"og:image\" content=\"https:\/\/germanstreetphotography.com\/wp-content\/uploads\/2017\/12\/street-photography-germany-siegfried-hansen1-2.jpg\" \/>\n\t<meta property=\"og:image:width\" content=\"2000\" \/>\n\t<meta property=\"og:image:height\" content=\"1333\" \/>\n\t<meta property=\"og:image:type\" content=\"image\/jpeg\" \/>\n<meta name=\"twitter:card\" content=\"summary_large_image\" \/>\n<meta name=\"twitter:label1\" content=\"Gesch\u00e4tzte Lesezeit\" \/>\n\t<meta name=\"twitter:data1\" content=\"2\u00a0Minuten\" \/>\n<script type=\"application\/ld+json\" class=\"yoast-schema-graph\">{\"@context\":\"https:\/\/schema.org\",\"@graph\":[{\"@type\":\"WebPage\",\"@id\":\"https:\/\/germanstreetphotography.com\/de\/\",\"url\":\"https:\/\/germanstreetphotography.com\/de\/\",\"name\":\"Street Photography aus Deutschland &bull; Die deutsche Streetfotografie Seite\",\"isPartOf\":{\"@id\":\"https:\/\/germanstreetphotography.com\/#website\"},\"datePublished\":\"2018-01-31T12:53:38+00:00\",\"dateModified\":\"2020-06-26T07:14:17+00:00\",\"description\":\"Street Photography in und aus Deutschland. Wir stellen spannende Strassenfotografen und aktive Streetfotografie Initatiiven und Kollektive vor.\",\"breadcrumb\":{\"@id\":\"https:\/\/germanstreetphotography.com\/de\/#breadcrumb\"},\"inLanguage\":\"de\",\"potentialAction\":[{\"@type\":\"ReadAction\",\"target\":[\"https:\/\/germanstreetphotography.com\/de\/\"]}]},{\"@type\":\"BreadcrumbList\",\"@id\":\"https:\/\/germanstreetphotography.com\/de\/#breadcrumb\",\"itemListElement\":[{\"@type\":\"ListItem\",\"position\":1,\"name\":\"Home\",\"item\":\"https:\/\/germanstreetphotography.com\/de\/\"},{\"@type\":\"ListItem\",\"position\":2,\"name\":\"Street Photography aus Deutschland\"}]},{\"@type\":\"WebSite\",\"@id\":\"https:\/\/germanstreetphotography.com\/#website\",\"url\":\"https:\/\/germanstreetphotography.com\/\",\"name\":\"Die deutsche Streetfotografie Seite\",\"description\":\"\",\"publisher\":{\"@id\":\"https:\/\/germanstreetphotography.com\/#organization\"},\"potentialAction\":[{\"@type\":\"SearchAction\",\"target\":{\"@type\":\"EntryPoint\",\"urlTemplate\":\"https:\/\/germanstreetphotography.com\/?s={search_term_string}\"},\"query-input\":\"required name=search_term_string\"}],\"inLanguage\":\"de\"},{\"@type\":\"Organization\",\"@id\":\"https:\/\/germanstreetphotography.com\/#organization\",\"name\":\"The German Street Photography Site\",\"url\":\"https:\/\/germanstreetphotography.com\/\",\"logo\":{\"@type\":\"ImageObject\",\"inLanguage\":\"de\",\"@id\":\"https:\/\/germanstreetphotography.com\/#\/schema\/logo\/image\/\",\"url\":\"https:\/\/germanstreetphotography.com\/wp-content\/uploads\/2019\/04\/gspf_logo_rz_kreis.png\",\"contentUrl\":\"https:\/\/germanstreetphotography.com\/wp-content\/uploads\/2019\/04\/gspf_logo_rz_kreis.png\",\"width\":600,\"height\":600,\"caption\":\"The German Street Photography Site\"},\"image\":{\"@id\":\"https:\/\/germanstreetphotography.com\/#\/schema\/logo\/image\/\"}}]}<\/script>\n<!-- \/ Yoast SEO plugin. -->","yoast_head_json":{"title":"Street Photography aus Deutschland &bull; Die deutsche Streetfotografie Seite","description":"Street Photography in und aus Deutschland. Wir stellen spannende Strassenfotografen und aktive Streetfotografie Initatiiven und Kollektive vor.","robots":{"index":"index","follow":"follow","max-snippet":"max-snippet:-1","max-image-preview":"max-image-preview:large","max-video-preview":"max-video-preview:-1"},"canonical":"https:\/\/germanstreetphotography.com\/de\/","og_locale":"de_DE","og_type":"article","og_title":"Street Photography aus Deutschland &bull; Die deutsche Streetfotografie Seite","og_description":"Street Photography in und aus Deutschland. Wir stellen spannende Strassenfotografen und aktive Streetfotografie Initatiiven und Kollektive vor.","og_url":"https:\/\/germanstreetphotography.com\/de\/","og_site_name":"Die deutsche Streetfotografie Seite","article_modified_time":"2020-06-26T07:14:17+00:00","og_image":[{"width":2000,"height":1333,"url":"https:\/\/germanstreetphotography.com\/wp-content\/uploads\/2017\/12\/street-photography-germany-siegfried-hansen1-2.jpg","type":"image\/jpeg"}],"twitter_card":"summary_large_image","twitter_misc":{"Gesch\u00e4tzte Lesezeit":"2\u00a0Minuten"},"schema":{"@context":"https:\/\/schema.org","@graph":[{"@type":"WebPage","@id":"https:\/\/germanstreetphotography.com\/de\/","url":"https:\/\/germanstreetphotography.com\/de\/","name":"Street Photography aus Deutschland &bull; Die deutsche Streetfotografie Seite","isPartOf":{"@id":"https:\/\/germanstreetphotography.com\/#website"},"datePublished":"2018-01-31T12:53:38+00:00","dateModified":"2020-06-26T07:14:17+00:00","description":"Street Photography in und aus Deutschland. Wir stellen spannende Strassenfotografen und aktive Streetfotografie Initatiiven und Kollektive vor.","breadcrumb":{"@id":"https:\/\/germanstreetphotography.com\/de\/#breadcrumb"},"inLanguage":"de","potentialAction":[{"@type":"ReadAction","target":["https:\/\/germanstreetphotography.com\/de\/"]}]},{"@type":"BreadcrumbList","@id":"https:\/\/germanstreetphotography.com\/de\/#breadcrumb","itemListElement":[{"@type":"ListItem","position":1,"name":"Home","item":"https:\/\/germanstreetphotography.com\/de\/"},{"@type":"ListItem","position":2,"name":"Street Photography aus Deutschland"}]},{"@type":"WebSite","@id":"https:\/\/germanstreetphotography.com\/#website","url":"https:\/\/germanstreetphotography.com\/","name":"Die deutsche Streetfotografie Seite","description":"","publisher":{"@id":"https:\/\/germanstreetphotography.com\/#organization"},"potentialAction":[{"@type":"SearchAction","target":{"@type":"EntryPoint","urlTemplate":"https:\/\/germanstreetphotography.com\/?s={search_term_string}"},"query-input":"required name=search_term_string"}],"inLanguage":"de"},{"@type":"Organization","@id":"https:\/\/germanstreetphotography.com\/#organization","name":"The German Street Photography Site","url":"https:\/\/germanstreetphotography.com\/","logo":{"@type":"ImageObject","inLanguage":"de","@id":"https:\/\/germanstreetphotography.com\/#\/schema\/logo\/image\/","url":"https:\/\/germanstreetphotography.com\/wp-content\/uploads\/2019\/04\/gspf_logo_rz_kreis.png","contentUrl":"https:\/\/germanstreetphotography.com\/wp-content\/uploads\/2019\/04\/gspf_logo_rz_kreis.png","width":600,"height":600,"caption":"The German Street Photography Site"},"image":{"@id":"https:\/\/germanstreetphotography.com\/#\/schema\/logo\/image\/"}}]}},"_links":{"self":[{"href":"https:\/\/germanstreetphotography.com\/de\/wp-json\/wp\/v2\/pages\/752"}],"collection":[{"href":"https:\/\/germanstreetphotography.com\/de\/wp-json\/wp\/v2\/pages"}],"about":[{"href":"https:\/\/germanstreetphotography.com\/de\/wp-json\/wp\/v2\/types\/page"}],"author":[{"embeddable":true,"href":"https:\/\/germanstreetphotography.com\/de\/wp-json\/wp\/v2\/users\/5"}],"replies":[{"embeddable":true,"href":"https:\/\/germanstreetphotography.com\/de\/wp-json\/wp\/v2\/comments?post=752"}],"version-history":[{"count":10,"href":"https:\/\/germanstreetphotography.com\/de\/wp-json\/wp\/v2\/pages\/752\/revisions"}],"predecessor-version":[{"id":3887,"href":"https:\/\/germanstreetphotography.com\/de\/wp-json\/wp\/v2\/pages\/752\/revisions\/3887"}],"wp:featuredmedia":[{"embeddable":true,"href":"https:\/\/germanstreetphotography.com\/de\/wp-json\/wp\/v2\/media\/77"}],"wp:attachment":[{"href":"https:\/\/germanstreetphotography.com\/de\/wp-json\/wp\/v2\/media?parent=752"}],"curies":[{"name":"wp","href":"https:\/\/api.w.org\/{rel}","templated":true}]}}