{"id":2446,"date":"2019-07-04T18:38:36","date_gmt":"2019-07-04T16:38:36","guid":{"rendered":"https:\/\/germanstreetphotography.com\/street-photography-groups\/"},"modified":"2022-02-24T15:15:49","modified_gmt":"2022-02-24T14:15:49","slug":"street-photography-groups","status":"publish","type":"page","link":"https:\/\/germanstreetphotography.com\/de\/street-photography-groups\/","title":{"rendered":"Streetfotografie Gruppen in Deutschland"},"content":{"rendered":"<h2>Berlin Street Photography Club<\/h2>\n<p><strong>Streetfotografie Kollektiv aus Berlin<br \/>Mitglieder:<\/strong> Alberto Ferrero, Alessandro Iotti, Chris Morgan, Davide Soldarini, Riky Kiwy, Ama Split, Frankie Casillo, Daan Dam, Franz Mangel, Kalle Krahmer, Jonas Kuck und Dominik Bo.<br \/><strong><a href=\"https:\/\/www.blnspc.com\/\">Webseite\u00a0<\/a><\/strong><\/p>\n<h2><span id=\"Berlin1020_Street_Photography_Collective\" class=\"ez-toc-section\">Berlin1020\u00a0<\/span><\/h2>\n<p><strong>Streetfotografie Kollektiv aus Berlin<\/strong><br \/><strong>Mitglieder:<\/strong> Alex Pfeiffer, Oliver Krumes, Sebastian Jacobitz, Roland Groebe und Sven Kr\u00e4uter<br \/><a href=\"https:\/\/berlin1020.com\/\" target=\"_blank\" rel=\"noopener noreferrer\"><strong>Webseite<\/strong><\/a>\u00a0<\/p>\n<h2>Bremen Street Collective<\/h2>\n<p><img decoding=\"async\" loading=\"lazy\" class=\"alignnone size-full wp-image-2783\" src=\"https:\/\/germanstreetphotography.com\/wp-content\/uploads\/2019\/11\/street-photography-germany1.jpg\" alt=\"Street Photography Bremen Collective\" width=\"1300\" height=\"731\" srcset=\"https:\/\/germanstreetphotography.com\/wp-content\/uploads\/2019\/11\/street-photography-germany1.jpg 1300w, https:\/\/germanstreetphotography.com\/wp-content\/uploads\/2019\/11\/street-photography-germany1-300x169.jpg 300w, https:\/\/germanstreetphotography.com\/wp-content\/uploads\/2019\/11\/street-photography-germany1-768x432.jpg 768w, https:\/\/germanstreetphotography.com\/wp-content\/uploads\/2019\/11\/street-photography-germany1-1024x576.jpg 1024w\" sizes=\"(max-width: 1300px) 100vw, 1300px\" \/><\/p>\n<p><strong>Streetfotografie Kollektiv aus Bremen<\/strong><br \/><strong>Mitglieder:<\/strong> Dennis Gloth, Ferya G\u00fclcan, Steffen Alphei, Andi Stark, Sascha R\u00f6hrs, Filippo Galeazzi, Andreas M\u00fcller, Kjell Reinsch und Sven Hallmann<br \/><strong><a href=\"https:\/\/www.bremenstreetcollective.de\/\" target=\"_blank\" rel=\"noopener noreferrer\">Webseite<\/a><\/strong><\/p>\n<h2>\u00a0<\/h2>\n<h2><span id=\"Collateral_Eyes_Street_Photography_Collective\" class=\"ez-toc-section\">Collateral Eyes<\/span><\/h2>\n<p><img decoding=\"async\" loading=\"lazy\" class=\"alignnone size-full wp-image-2501\" src=\"https:\/\/germanstreetphotography.com\/wp-content\/uploads\/2019\/07\/Street-Photography-Germany-Collateral-Eyes1.jpg\" alt=\"Street Photography Deutschland collateral eyes Toboas l\u00f6hr\" width=\"1300\" height=\"867\" srcset=\"https:\/\/germanstreetphotography.com\/wp-content\/uploads\/2019\/07\/Street-Photography-Germany-Collateral-Eyes1.jpg 1300w, https:\/\/germanstreetphotography.com\/wp-content\/uploads\/2019\/07\/Street-Photography-Germany-Collateral-Eyes1-300x200.jpg 300w, https:\/\/germanstreetphotography.com\/wp-content\/uploads\/2019\/07\/Street-Photography-Germany-Collateral-Eyes1-768x512.jpg 768w, https:\/\/germanstreetphotography.com\/wp-content\/uploads\/2019\/07\/Street-Photography-Germany-Collateral-Eyes1-1024x683.jpg 1024w\" sizes=\"(max-width: 1300px) 100vw, 1300px\" \/><\/p>\n<p><strong>Streetfotografie Kollektiv aus dem Frankfurter Raum<\/strong><br \/><strong>Mitglieder:<\/strong> \u00a0Achim Katzberg, Tobias L\u00f6hr (Bild), Lukas Merz, Ivan Slunjski, Matt Finazzo und Frank Meffert<br \/><a href=\"https:\/\/www.collateraleyes.com\/\" target=\"_blank\" rel=\"noopener noreferrer\"><strong>Webseite<\/strong><\/a><\/p>\n<h2><span id=\"Munich_Street_Photography_Collective\" class=\"ez-toc-section\">Munich Street Photography Collective<\/span><\/h2>\n<p><strong>Streetfotografie Kollektiv aus M\u00fcnchen<\/strong><br \/><strong>Mitglieder:<\/strong> Sebastian Hermann, Daniel Tschitsch, Nicole Struppert, Felix Albrecht, Stefan Hellweger, Daniel Booth, Hanna Radek, Steffen Horak and Mark Volz<br \/><strong><a href=\"https:\/\/www.facebook.com\/munichstreetcollective\/\" target=\"_blank\" rel=\"noopener noreferrer\">Facebook<\/a><\/strong><\/p>\n<h2>N\u00fcrnberg Unposed Collective<\/h2>\n<p><strong>Streetfotografie Kollektiv aus dem N\u00fcrnberger Raum<\/strong><br \/><strong>Mitglieder:<\/strong> Jolanta Dworczyk, Christoph Lotter, Wolfgang Mertens, Christian Meyer, Virginie Pommel, Gerald Prechtl, Ralph Purrucker und Sebahat Sahverdi<br \/><strong><a href=\"https:\/\/n\u00fcrnbergunposed.de\/\" target=\"_blank\" rel=\"noopener noreferrer\">Webseite<\/a><\/strong><\/p>\n<h2>Off Perspective\u00a0<\/h2>\n<p><strong>Streetfotografie Kollektiv aus NRW<br \/>Mitglieder:<\/strong> Reiner Girsch, Daniel Schilling, Stefan Lauterbach and Sabine Mondorf<br \/><strong><a href=\"https:\/\/offperspective.de\/\" target=\"_blank\" rel=\"noopener noreferrer\">Webseite<\/a><\/strong><\/p>\n<h2><span id=\"Soul_of_Street_Street_Photography_Magazine\" class=\"ez-toc-section\">Soul of Street<\/span><\/h2>\n<p><strong>Streetfotografie Magazin, Fotowalks, Facebook Gruppe aus dem K\u00f6lner Raum<\/strong><br \/><strong>Team:<\/strong> Reiner Girsch, Marc Barkowski und Horst Frommont\u00a0<br \/><strong><a href=\"https:\/\/www.soulofstreet.de\/\" target=\"_blank\" rel=\"noopener noreferrer\">Webseite<\/a><\/strong><\/p>\n<h2>Streetcollective Hamburg<\/h2>\n<figure id=\"attachment_4504\" aria-describedby=\"caption-attachment-4504\" style=\"width: 1990px\" class=\"wp-caption aligncenter\"><img decoding=\"async\" loading=\"lazy\" class=\"size-full wp-image-4504\" src=\"https:\/\/germanstreetphotography.com\/wp-content\/uploads\/2022\/02\/BrittaKohlBoas.jpeg\" alt=\"Street Photography Hamburg streetcollective\" width=\"2000\" height=\"1337\" srcset=\"https:\/\/germanstreetphotography.com\/wp-content\/uploads\/2022\/02\/BrittaKohlBoas.jpeg 2000w, https:\/\/germanstreetphotography.com\/wp-content\/uploads\/2022\/02\/BrittaKohlBoas-300x201.jpeg 300w, https:\/\/germanstreetphotography.com\/wp-content\/uploads\/2022\/02\/BrittaKohlBoas-1024x685.jpeg 1024w, https:\/\/germanstreetphotography.com\/wp-content\/uploads\/2022\/02\/BrittaKohlBoas-768x513.jpeg 768w, https:\/\/germanstreetphotography.com\/wp-content\/uploads\/2022\/02\/BrittaKohlBoas-391x260.jpeg 391w, https:\/\/germanstreetphotography.com\/wp-content\/uploads\/2022\/02\/BrittaKohlBoas-1536x1027.jpeg 1536w\" sizes=\"(max-width: 2000px) 100vw, 2000px\" \/><figcaption id=\"caption-attachment-4504\" class=\"wp-caption-text\">\u00a9 Britta Kohl Boas<\/figcaption><\/figure>\n<p><strong>Streetfotografie Kollektiv \u2022 Hamburg<br \/><\/strong><strong>Mitglieder:<\/strong> Alina Behfar (@alina.beez), Simon Burmester (@minimalistus), Jens Comiotto-Mayer (@Coma_streets), Oliver Jockers (@oliverjockers), Britta Kohl-Boas (@Wellenschlagen) , Lukasz Lawicki (@lumpowitz), Jan-Hendrik L\u00fchr (@nordish_tm),\u00a0 David St\u00f6cklin (@d_stoe), Julia Tzsch\u00fcter (@Julia.streetheart)<br \/><strong><a href=\"https:\/\/www.streetcollective.hamburg\/\">Webseite<\/a><\/strong><\/p>\n<h2><span id=\"Street_Photography_Cologne_Street_Photography_Collective\" class=\"ez-toc-section\">Street Photography Cologne\u00a0<\/span><\/h2>\n<p><strong>Streetfotografie Kollektiv aus dem K\u00f6lner Raum<br \/>Mitglieder:<\/strong> Sven Hoffmann, Andreas Ott, Oliver K\u00fchnel, Christopher Reuter, David Shokouhbeen, Yonca Sicimoglu, Ulrike Hauswirth und Roy Fochtman<br \/><strong><a href=\"https:\/\/www.streetphotographycologne.com\/\" target=\"_blank\" rel=\"noopener noreferrer\">Webseite<\/a><\/strong><\/p>\n<h2>The German Street Photography Site<\/h2>\n<p><strong>Plattform und Hub f\u00fcr Streetfotografie in Deutschland, German Street Photography Festival<\/strong><br \/><strong>Herausgeber:<\/strong> Marco Larousse, Siegfried Hansen und Martin U Waltz<br \/><strong><a href=\"https:\/\/germanstreetphotography.com\/\">Webseite<\/a><\/strong><\/p>\n<h2>Unposed Society Hannover<\/h2>\n<p><strong>Streetfotografie Kollektiv aus Hannover<br \/>Mitglieder: <\/strong>Andr\u00e9 Wei\u00dfgerber, Sascha \u201eBerberbeard\u201c Bird, Guido Klumpe (Header Bild), Sven Protz, Filipp Romanovskij, Mirco Gabrie und Antony Roefs<br \/><strong><a href=\"https:\/\/www.instagram.com\/unposed_society_hannover\/\" target=\"_blank\" rel=\"noopener noreferrer\">Instagram<\/a><\/strong><\/p>\n<p>&nbsp;<\/p>\n<p>&nbsp;<\/p>\n<p>&nbsp;<\/p>\n","protected":false},"excerpt":{"rendered":"<p>Berlin Street Photography Club Streetfotografie Kollektiv aus BerlinMitglieder: Alberto Ferrero, Alessandro Iotti, Chris Morgan, Davide Soldarini, Riky Kiwy, Ama Split, Frankie Casillo, Daan Dam, Franz Mangel, Kalle Krahmer, Jonas Kuck und Dominik Bo.Webseite\u00a0 Berlin1020\u00a0 Streetfotografie Kollektiv aus BerlinMitglieder: Alex Pfeiffer, Oliver Krumes, Sebastian Jacobitz, Roland Groebe und Sven Kr\u00e4uterWebseite\u00a0 Bremen Street Collective Streetfotografie Kollektiv aus &#8230; <a title=\"Streetfotografie Gruppen in Deutschland\" class=\"read-more\" href=\"https:\/\/germanstreetphotography.com\/de\/street-photography-groups\/\" aria-label=\"Mehr Informationen \u00fcber Streetfotografie Gruppen in Deutschland\">Weiterlesen &#8230;<\/a><\/p>\n","protected":false},"author":5,"featured_media":2471,"parent":0,"menu_order":0,"comment_status":"closed","ping_status":"closed","template":"","meta":{"generate_page_header":""},"yoast_head":"<!-- This site is optimized with the Yoast SEO plugin v21.1 - https:\/\/yoast.com\/wordpress\/plugins\/seo\/ -->\n<title>Streetfotografie Gruppen in Deutschland &bull; Die deutsche Streetfotografie Seite<\/title>\n<meta name=\"description\" content=\"\u00dcbersicht der Streetfotografie Gruppen und Kollektive in Deutschland\" \/>\n<meta name=\"robots\" content=\"index, follow, max-snippet:-1, max-image-preview:large, max-video-preview:-1\" \/>\n<link rel=\"canonical\" href=\"https:\/\/germanstreetphotography.com\/de\/street-photography-groups\/\" \/>\n<meta property=\"og:locale\" content=\"de_DE\" \/>\n<meta property=\"og:type\" content=\"article\" \/>\n<meta property=\"og:title\" content=\"Streetfotografie Gruppen in Deutschland &bull; Die deutsche Streetfotografie Seite\" \/>\n<meta property=\"og:description\" content=\"\u00dcbersicht der Streetfotografie Gruppen und Kollektive in Deutschland\" \/>\n<meta property=\"og:url\" content=\"https:\/\/germanstreetphotography.com\/de\/street-photography-groups\/\" \/>\n<meta property=\"og:site_name\" content=\"Die deutsche Streetfotografie Seite\" \/>\n<meta property=\"article:modified_time\" content=\"2022-02-24T14:15:49+00:00\" \/>\n<meta property=\"og:image\" content=\"https:\/\/germanstreetphotography.com\/wp-content\/uploads\/2019\/07\/street-photography-germany-groups.jpg\" \/>\n\t<meta property=\"og:image:width\" content=\"1500\" \/>\n\t<meta property=\"og:image:height\" content=\"1050\" \/>\n\t<meta property=\"og:image:type\" content=\"image\/jpeg\" \/>\n<meta name=\"twitter:card\" content=\"summary_large_image\" \/>\n<meta name=\"twitter:label1\" content=\"Gesch\u00e4tzte Lesezeit\" \/>\n\t<meta name=\"twitter:data1\" content=\"3\u00a0Minuten\" \/>\n<script type=\"application\/ld+json\" class=\"yoast-schema-graph\">{\"@context\":\"https:\/\/schema.org\",\"@graph\":[{\"@type\":\"WebPage\",\"@id\":\"https:\/\/germanstreetphotography.com\/de\/street-photography-groups\/\",\"url\":\"https:\/\/germanstreetphotography.com\/de\/street-photography-groups\/\",\"name\":\"Streetfotografie Gruppen in Deutschland &bull; Die deutsche Streetfotografie Seite\",\"isPartOf\":{\"@id\":\"https:\/\/germanstreetphotography.com\/#website\"},\"datePublished\":\"2019-07-04T16:38:36+00:00\",\"dateModified\":\"2022-02-24T14:15:49+00:00\",\"description\":\"\u00dcbersicht der Streetfotografie Gruppen und Kollektive in Deutschland\",\"breadcrumb\":{\"@id\":\"https:\/\/germanstreetphotography.com\/de\/street-photography-groups\/#breadcrumb\"},\"inLanguage\":\"de\",\"potentialAction\":[{\"@type\":\"ReadAction\",\"target\":[\"https:\/\/germanstreetphotography.com\/de\/street-photography-groups\/\"]}]},{\"@type\":\"BreadcrumbList\",\"@id\":\"https:\/\/germanstreetphotography.com\/de\/street-photography-groups\/#breadcrumb\",\"itemListElement\":[{\"@type\":\"ListItem\",\"position\":1,\"name\":\"Home\",\"item\":\"https:\/\/germanstreetphotography.com\/de\/\"},{\"@type\":\"ListItem\",\"position\":2,\"name\":\"Streetfotografie Gruppen in Deutschland\"}]},{\"@type\":\"WebSite\",\"@id\":\"https:\/\/germanstreetphotography.com\/#website\",\"url\":\"https:\/\/germanstreetphotography.com\/\",\"name\":\"Die deutsche Streetfotografie Seite\",\"description\":\"\",\"publisher\":{\"@id\":\"https:\/\/germanstreetphotography.com\/#organization\"},\"potentialAction\":[{\"@type\":\"SearchAction\",\"target\":{\"@type\":\"EntryPoint\",\"urlTemplate\":\"https:\/\/germanstreetphotography.com\/?s={search_term_string}\"},\"query-input\":\"required name=search_term_string\"}],\"inLanguage\":\"de\"},{\"@type\":\"Organization\",\"@id\":\"https:\/\/germanstreetphotography.com\/#organization\",\"name\":\"The German Street Photography Site\",\"url\":\"https:\/\/germanstreetphotography.com\/\",\"logo\":{\"@type\":\"ImageObject\",\"inLanguage\":\"de\",\"@id\":\"https:\/\/germanstreetphotography.com\/#\/schema\/logo\/image\/\",\"url\":\"https:\/\/germanstreetphotography.com\/wp-content\/uploads\/2019\/04\/gspf_logo_rz_kreis.png\",\"contentUrl\":\"https:\/\/germanstreetphotography.com\/wp-content\/uploads\/2019\/04\/gspf_logo_rz_kreis.png\",\"width\":600,\"height\":600,\"caption\":\"The German Street Photography Site\"},\"image\":{\"@id\":\"https:\/\/germanstreetphotography.com\/#\/schema\/logo\/image\/\"}}]}<\/script>\n<!-- \/ Yoast SEO plugin. -->","yoast_head_json":{"title":"Streetfotografie Gruppen in Deutschland &bull; Die deutsche Streetfotografie Seite","description":"\u00dcbersicht der Streetfotografie Gruppen und Kollektive in Deutschland","robots":{"index":"index","follow":"follow","max-snippet":"max-snippet:-1","max-image-preview":"max-image-preview:large","max-video-preview":"max-video-preview:-1"},"canonical":"https:\/\/germanstreetphotography.com\/de\/street-photography-groups\/","og_locale":"de_DE","og_type":"article","og_title":"Streetfotografie Gruppen in Deutschland &bull; Die deutsche Streetfotografie Seite","og_description":"\u00dcbersicht der Streetfotografie Gruppen und Kollektive in Deutschland","og_url":"https:\/\/germanstreetphotography.com\/de\/street-photography-groups\/","og_site_name":"Die deutsche Streetfotografie Seite","article_modified_time":"2022-02-24T14:15:49+00:00","og_image":[{"width":1500,"height":1050,"url":"https:\/\/germanstreetphotography.com\/wp-content\/uploads\/2019\/07\/street-photography-germany-groups.jpg","type":"image\/jpeg"}],"twitter_card":"summary_large_image","twitter_misc":{"Gesch\u00e4tzte Lesezeit":"3\u00a0Minuten"},"schema":{"@context":"https:\/\/schema.org","@graph":[{"@type":"WebPage","@id":"https:\/\/germanstreetphotography.com\/de\/street-photography-groups\/","url":"https:\/\/germanstreetphotography.com\/de\/street-photography-groups\/","name":"Streetfotografie Gruppen in Deutschland &bull; Die deutsche Streetfotografie Seite","isPartOf":{"@id":"https:\/\/germanstreetphotography.com\/#website"},"datePublished":"2019-07-04T16:38:36+00:00","dateModified":"2022-02-24T14:15:49+00:00","description":"\u00dcbersicht der Streetfotografie Gruppen und Kollektive in Deutschland","breadcrumb":{"@id":"https:\/\/germanstreetphotography.com\/de\/street-photography-groups\/#breadcrumb"},"inLanguage":"de","potentialAction":[{"@type":"ReadAction","target":["https:\/\/germanstreetphotography.com\/de\/street-photography-groups\/"]}]},{"@type":"BreadcrumbList","@id":"https:\/\/germanstreetphotography.com\/de\/street-photography-groups\/#breadcrumb","itemListElement":[{"@type":"ListItem","position":1,"name":"Home","item":"https:\/\/germanstreetphotography.com\/de\/"},{"@type":"ListItem","position":2,"name":"Streetfotografie Gruppen in Deutschland"}]},{"@type":"WebSite","@id":"https:\/\/germanstreetphotography.com\/#website","url":"https:\/\/germanstreetphotography.com\/","name":"Die deutsche Streetfotografie Seite","description":"","publisher":{"@id":"https:\/\/germanstreetphotography.com\/#organization"},"potentialAction":[{"@type":"SearchAction","target":{"@type":"EntryPoint","urlTemplate":"https:\/\/germanstreetphotography.com\/?s={search_term_string}"},"query-input":"required name=search_term_string"}],"inLanguage":"de"},{"@type":"Organization","@id":"https:\/\/germanstreetphotography.com\/#organization","name":"The German Street Photography Site","url":"https:\/\/germanstreetphotography.com\/","logo":{"@type":"ImageObject","inLanguage":"de","@id":"https:\/\/germanstreetphotography.com\/#\/schema\/logo\/image\/","url":"https:\/\/germanstreetphotography.com\/wp-content\/uploads\/2019\/04\/gspf_logo_rz_kreis.png","contentUrl":"https:\/\/germanstreetphotography.com\/wp-content\/uploads\/2019\/04\/gspf_logo_rz_kreis.png","width":600,"height":600,"caption":"The German Street Photography Site"},"image":{"@id":"https:\/\/germanstreetphotography.com\/#\/schema\/logo\/image\/"}}]}},"_links":{"self":[{"href":"https:\/\/germanstreetphotography.com\/de\/wp-json\/wp\/v2\/pages\/2446"}],"collection":[{"href":"https:\/\/germanstreetphotography.com\/de\/wp-json\/wp\/v2\/pages"}],"about":[{"href":"https:\/\/germanstreetphotography.com\/de\/wp-json\/wp\/v2\/types\/page"}],"author":[{"embeddable":true,"href":"https:\/\/germanstreetphotography.com\/de\/wp-json\/wp\/v2\/users\/5"}],"replies":[{"embeddable":true,"href":"https:\/\/germanstreetphotography.com\/de\/wp-json\/wp\/v2\/comments?post=2446"}],"version-history":[{"count":11,"href":"https:\/\/germanstreetphotography.com\/de\/wp-json\/wp\/v2\/pages\/2446\/revisions"}],"predecessor-version":[{"id":4521,"href":"https:\/\/germanstreetphotography.com\/de\/wp-json\/wp\/v2\/pages\/2446\/revisions\/4521"}],"wp:featuredmedia":[{"embeddable":true,"href":"https:\/\/germanstreetphotography.com\/de\/wp-json\/wp\/v2\/media\/2471"}],"wp:attachment":[{"href":"https:\/\/germanstreetphotography.com\/de\/wp-json\/wp\/v2\/media?parent=2446"}],"curies":[{"name":"wp","href":"https:\/\/api.w.org\/{rel}","templated":true}]}}