{"id":1207,"date":"2017-12-21T17:47:55","date_gmt":"2017-12-21T16:47:55","guid":{"rendered":"https:\/\/germanstreetphotography.com\/marco-larousse\/"},"modified":"2018-09-08T16:18:21","modified_gmt":"2018-09-08T14:18:21","slug":"marco-larousse","status":"publish","type":"page","link":"https:\/\/germanstreetphotography.com\/de\/marco-larousse\/","title":{"rendered":"Marco Larousse"},"content":{"rendered":"<h1>Marco Larousse<\/h1>\n<p><img decoding=\"async\" loading=\"lazy\" class=\"size-full wp-image-201 alignnone\" src=\"https:\/\/germanstreetphotography.com\/wp-content\/uploads\/2017\/12\/Marco-Larousse-2.jpg\" alt=\"Marco Larousse Street Photography Germany \" width=\"700\" height=\"700\" srcset=\"https:\/\/germanstreetphotography.com\/wp-content\/uploads\/2017\/12\/Marco-Larousse-2.jpg 700w, https:\/\/germanstreetphotography.com\/wp-content\/uploads\/2017\/12\/Marco-Larousse-2-150x150.jpg 150w, https:\/\/germanstreetphotography.com\/wp-content\/uploads\/2017\/12\/Marco-Larousse-2-300x300.jpg 300w\" sizes=\"(max-width: 700px) 100vw, 700px\" \/><\/p>\n<p class=\"p1\"><span class=\"s1\">Marco Larousse ist ein international t\u00e4tiger Street- und Dokumentarfotograf aus Hamburg. Mit \u00fcber 30 Jahren Erfahrung in der Fotografie arbeitet er heute aktiv analog und digital. In den 1990\u2019er Jahren hat er seine Leidenschaft f\u00fcr die klassische Streetfotografie entdeckt und teilt sein Wissen und seine Inspiration in Workshops, Artikeln, als Juror und bei \u00f6ffentlichen Auftritten. Marco ist es wichtig eine positive Aufmerksamkeit f\u00fcr das Kunst- und Dokumentargenre Streetfotografie zu kreieren um zuk\u00fcnftigen Generationen den ungestellten Alltag der Gegenwart durch Fotos zug\u00e4nglich zu machen. Denn leider wird Fotografie im \u00f6ffentlichen Raum zunehmend als Gefahr gesehen und sch\u00e4rfere Gesetze und Regulierungen k\u00f6nnten die Kunstfreiheit und unser zeitgen\u00f6ssisches visuelles Ged\u00e4chtnis ausl\u00f6schen.<\/span><\/p>\n<p class=\"p1\"><span class=\"s1\">Marco ist akkreditierter Journalist und FREELENS Mitglied. Seit 2015 produziert er auch internationale Fotografie relevante Podcasts und in 2017 war er Mitbegr\u00fcnder von\u201d PPN &#8211; Photo Podcast Network\u201d, wo er als Redakteur, Moderator und Produzent t\u00e4tig ist.<\/span><\/p>\n<h2>Artist Statement<\/h2>\n<p class=\"p1\"><span class=\"s1\">Marco Larousse ist leidenschaftlicher Verfechter der Streetfotografie, da sie ihm wichtig ist um das ungestellte, zeitgen\u00f6ssische visuelle Ged\u00e4chtnis f\u00fcr zuk\u00fcnftige Generationen zu erhalten.<\/span><\/p>\n<p class=\"p2\"><span class=\"s2\">Die M\u00f6glichkeit mit einem einzigen Bild eine Geschichte zu erz\u00e4hlen ist f\u00fcr ihn eine t\u00e4gliche Motivation und der Grund warum er die Fotografie als bevorzugtes Ausdrucksmedium gew\u00e4hlt hat. <\/span><span class=\"s1\">Seine Stil wurde von Mary Ellen Marks Arbeit beeinflusst, da sie die Menschen vor ihrer Kamera mit viel Zuneigung und Respekt behandelt hat und dies einen gro\u00dfen Einflu\u00df auf die Ehrlichkeit und Aussagekraft ihrer Bilder hatte.<\/span><\/p>\n<h2><div  class=\"lgc-column lgc-grid-parent lgc-grid-25 lgc-tablet-grid-50 lgc-mobile-grid-100 lgc-equal-heights \"><div  class=\"inside-grid-column\"><a href=\"http:\/\/www.MarcoLarousse.com\/\"><i class=\"fa fa-home\" aria-hidden=\"true\"><\/i> Webseite<\/a><\/div><\/div><\/h2>\n<h2><div  class=\"lgc-column lgc-grid-parent lgc-grid-25 lgc-tablet-grid-50 lgc-mobile-grid-100 lgc-equal-heights \"><div  class=\"inside-grid-column\"><a href=\"https:\/\/twitter.com\/hamburgcam\/\"><i class=\"fa fa-twitter\" aria-hidden=\"true\"><\/i> Twitter<\/a><\/div><\/div><\/h2>\n<h2><div  class=\"lgc-column lgc-grid-parent lgc-grid-25 lgc-tablet-grid-50 lgc-mobile-grid-100 lgc-equal-heights \"><div  class=\"inside-grid-column\"><a href=\"https:\/\/www.facebook.com\/profile.php?id=100010312325004\/\"><i class=\"fa fa-facebook-official\" aria-hidden=\"true\"><\/i> Facebook<\/a><\/div><\/div><\/h2>\n<h2><div  class=\"lgc-column lgc-grid-parent lgc-grid-25 lgc-tablet-grid-50 lgc-mobile-grid-100 lgc-equal-heights \"><div  class=\"inside-grid-column\"><a href=\"http:\/\/www.photopodcasts.com\/podcasts\/\"><i class=\"fa fa-podcast\" aria-hidden=\"true\"><\/i> Podcast<\/a><\/div><\/div><div class=\"lgc-clear\"><\/div><\/h2>\n<h2>In den Medien<\/h2>\n<p><i class=\"fa fa-square\" aria-hidden=\"true\"><\/i> 2017 &#8211; <a href=\"https:\/\/streetberlin.net\/de\/strassenfotografie-deutschland\/\">Wer ist wer in der deutschen Strassenfotografie?<\/a><br \/>\n<i class=\"fa fa-square\" aria-hidden=\"true\"><\/i> 2017 &#8211; <a href=\"http:\/\/valeriejardinphotography.com\/podcast\/2017\/1\/25\/hit-the-streets-19-photo-faves-with-marco-larousse\">Hit The Streets: Photo Faves with Marco Larousse<\/a><br \/>\n<i class=\"fa fa-square\" aria-hidden=\"true\"><\/i> 2017 &#8211; <a href=\"http:\/\/www.photopresse.de\/images\/Gesamtausgaben\/2017\/8303.pdf\">Photo Presse 09-17 &#8211; Bestenliste<\/a> (Seite 58)<br \/>\n<i class=\"fa fa-square\" aria-hidden=\"true\"><\/i> 2017 &#8211; <a href=\"https:\/\/issuu.com\/gametraders\/docs\/photo_20live_20issue_202\/78\">Photo Live Feature of Marco Larousse<\/a><br \/>\n<i class=\"fa fa-square\" aria-hidden=\"true\"><\/i> 2016 &#8211; <a href=\"https:\/\/photofocus.com\/2016\/09\/14\/photofocus-podcast-september-14-2016-inspiration-with-scott-bourne-marco-larousse\/\">A discussion on street photography at Photofocus<\/a><br \/>\n<i class=\"fa fa-square\" aria-hidden=\"true\"><\/i> 2015 &#8211; <a href=\"http:\/\/photographio.com\/interview-marco-larousse-street-photographer\/\">Artist interview at PHOTOGRAPH IO<\/a><br \/>\n<i class=\"fa fa-square\" aria-hidden=\"true\"><\/i> 2015 &#8211; <a href=\"http:\/\/www.mirrorlessons.com\/2015\/04\/17\/in-pursuit-of-light-and-shadows-on-the-streets-an-interview-with-marco-larousse\/\">In pursuit of light and shadows on the streets<\/a><br \/>\n<i class=\"fa fa-square\" aria-hidden=\"true\"><\/i> 2015 &#8211; <a href=\"http:\/\/www.webmontag-hamburg.de\/events\/2015\/38-haw.html\">Speaker at Webmontag Hamburg \u201cDie Welt aus der Sicht eines Street-Fotografen\u201d<\/a><\/p>\n<h2>Preise + Ausstellungen<\/h2>\n<p><i class=\"fa fa-circle\" aria-hidden=\"true\"><\/i> 2017 Juror bei\u00a0<a href=\"https:\/\/www.fotomarathon-hh.de\/fotomarathon-aktuell\/2017-jury-larousse\/\">Fotomarathon Hamburg<\/a><br \/>\n<i class=\"fa fa-circle\" aria-hidden=\"true\"><\/i> 2016 Beitrag zum\u00a0 Street Photography Buch\u00a0<a href=\"https:\/\/www.keep-the-focus.com\">\u201cKeep the Focus\u201d<\/a><br \/>\n<i class=\"fa fa-circle\" aria-hidden=\"true\"><\/i> 2015 <a href=\"https:\/\/www.facebook.com\/HamburgerKunsthalle\/photos\/a.356031624436975.85113.116259868414153\/983136071726524\">Titelbild f\u00fcr die Hamburger Kunsthalle<\/a><br \/>\n<i class=\"fa fa-circle\" aria-hidden=\"true\"><\/i> 2014 Finalist bei\u00a0 Everybody Street Photography<br \/>\n<i class=\"fa fa-circle\" aria-hidden=\"true\"><\/i> 2014 <a href=\"http:\/\/www.kontraktion.org\/everybody-streetphotography-2-rueckblick\/\">Ausstellung bei Everybody Street Photography<\/a><\/p>\n<h2>Mitgliedschaft<\/h2>\n<p>Mitglied\u00a0<a href=\"https:\/\/www.freelens.com\/\">FREELENS<\/a><br \/>\nMitgr\u00fcnder\u00a0 und Herausgeber\u00a0\u00a0<a href=\"https:\/\/germanstreetphotography.com\/de\">Die deutsctsche Streetfotografie Seite<\/a><\/p>\n<h2>Portfolio<\/h2>\n<p><img decoding=\"async\" loading=\"lazy\" class=\"size-full wp-image-229 aligncenter\" src=\"https:\/\/germanstreetphotography.com\/wp-content\/uploads\/2017\/12\/1-Marco-Larousse.jpg\" alt=\"Street Photography Germany\" width=\"2000\" height=\"1545\" srcset=\"https:\/\/germanstreetphotography.com\/wp-content\/uploads\/2017\/12\/1-Marco-Larousse.jpg 2000w, https:\/\/germanstreetphotography.com\/wp-content\/uploads\/2017\/12\/1-Marco-Larousse-300x232.jpg 300w, https:\/\/germanstreetphotography.com\/wp-content\/uploads\/2017\/12\/1-Marco-Larousse-768x593.jpg 768w, https:\/\/germanstreetphotography.com\/wp-content\/uploads\/2017\/12\/1-Marco-Larousse-1024x791.jpg 1024w\" sizes=\"(max-width: 2000px) 100vw, 2000px\" \/><\/p>\n<p><img decoding=\"async\" loading=\"lazy\" class=\"size-full wp-image-230 aligncenter\" src=\"https:\/\/germanstreetphotography.com\/wp-content\/uploads\/2017\/12\/2-Marco-Larousse.jpg\" alt=\"Street Photography Germany\" width=\"2000\" height=\"1333\" srcset=\"https:\/\/germanstreetphotography.com\/wp-content\/uploads\/2017\/12\/2-Marco-Larousse.jpg 2000w, https:\/\/germanstreetphotography.com\/wp-content\/uploads\/2017\/12\/2-Marco-Larousse-300x200.jpg 300w, https:\/\/germanstreetphotography.com\/wp-content\/uploads\/2017\/12\/2-Marco-Larousse-768x512.jpg 768w, https:\/\/germanstreetphotography.com\/wp-content\/uploads\/2017\/12\/2-Marco-Larousse-1024x682.jpg 1024w\" sizes=\"(max-width: 2000px) 100vw, 2000px\" \/><\/p>\n<p><img decoding=\"async\" loading=\"lazy\" class=\"size-full wp-image-231 aligncenter\" src=\"https:\/\/germanstreetphotography.com\/wp-content\/uploads\/2017\/12\/3-Marco-Larousse.jpg\" alt=\"\" width=\"2000\" height=\"1333\" srcset=\"https:\/\/germanstreetphotography.com\/wp-content\/uploads\/2017\/12\/3-Marco-Larousse.jpg 2000w, https:\/\/germanstreetphotography.com\/wp-content\/uploads\/2017\/12\/3-Marco-Larousse-300x200.jpg 300w, https:\/\/germanstreetphotography.com\/wp-content\/uploads\/2017\/12\/3-Marco-Larousse-768x512.jpg 768w, https:\/\/germanstreetphotography.com\/wp-content\/uploads\/2017\/12\/3-Marco-Larousse-1024x682.jpg 1024w\" sizes=\"(max-width: 2000px) 100vw, 2000px\" \/><\/p>\n<p><img decoding=\"async\" loading=\"lazy\" class=\"size-full wp-image-232 aligncenter\" src=\"https:\/\/germanstreetphotography.com\/wp-content\/uploads\/2017\/12\/4-Marco-Larousse.jpg\" alt=\"Street Photography Germany\" width=\"2000\" height=\"1333\" srcset=\"https:\/\/germanstreetphotography.com\/wp-content\/uploads\/2017\/12\/4-Marco-Larousse.jpg 2000w, https:\/\/germanstreetphotography.com\/wp-content\/uploads\/2017\/12\/4-Marco-Larousse-300x200.jpg 300w, https:\/\/germanstreetphotography.com\/wp-content\/uploads\/2017\/12\/4-Marco-Larousse-768x512.jpg 768w, https:\/\/germanstreetphotography.com\/wp-content\/uploads\/2017\/12\/4-Marco-Larousse-1024x682.jpg 1024w\" sizes=\"(max-width: 2000px) 100vw, 2000px\" \/><\/p>\n<p><img decoding=\"async\" loading=\"lazy\" class=\"size-full wp-image-233 aligncenter\" src=\"https:\/\/germanstreetphotography.com\/wp-content\/uploads\/2017\/12\/5-Marco-Larousse.jpg\" alt=\"Street Photography Germany\" width=\"2000\" height=\"1333\" srcset=\"https:\/\/germanstreetphotography.com\/wp-content\/uploads\/2017\/12\/5-Marco-Larousse.jpg 2000w, https:\/\/germanstreetphotography.com\/wp-content\/uploads\/2017\/12\/5-Marco-Larousse-300x200.jpg 300w, https:\/\/germanstreetphotography.com\/wp-content\/uploads\/2017\/12\/5-Marco-Larousse-768x512.jpg 768w, https:\/\/germanstreetphotography.com\/wp-content\/uploads\/2017\/12\/5-Marco-Larousse-1024x682.jpg 1024w\" sizes=\"(max-width: 2000px) 100vw, 2000px\" \/><\/p>\n<p><img decoding=\"async\" loading=\"lazy\" class=\"size-full wp-image-234 aligncenter\" src=\"https:\/\/germanstreetphotography.com\/wp-content\/uploads\/2017\/12\/6-Marco-Larousse.jpg\" alt=\"Street Photography Germany\" width=\"2000\" height=\"1333\" srcset=\"https:\/\/germanstreetphotography.com\/wp-content\/uploads\/2017\/12\/6-Marco-Larousse.jpg 2000w, https:\/\/germanstreetphotography.com\/wp-content\/uploads\/2017\/12\/6-Marco-Larousse-300x200.jpg 300w, https:\/\/germanstreetphotography.com\/wp-content\/uploads\/2017\/12\/6-Marco-Larousse-768x512.jpg 768w, https:\/\/germanstreetphotography.com\/wp-content\/uploads\/2017\/12\/6-Marco-Larousse-1024x682.jpg 1024w\" sizes=\"(max-width: 2000px) 100vw, 2000px\" \/><\/p>\n<p><img decoding=\"async\" loading=\"lazy\" class=\"size-full wp-image-235 aligncenter\" src=\"https:\/\/germanstreetphotography.com\/wp-content\/uploads\/2017\/12\/7-Marco-Larousse.jpg\" alt=\"Street Photography Germany\" width=\"2000\" height=\"1333\" srcset=\"https:\/\/germanstreetphotography.com\/wp-content\/uploads\/2017\/12\/7-Marco-Larousse.jpg 2000w, https:\/\/germanstreetphotography.com\/wp-content\/uploads\/2017\/12\/7-Marco-Larousse-300x200.jpg 300w, https:\/\/germanstreetphotography.com\/wp-content\/uploads\/2017\/12\/7-Marco-Larousse-768x512.jpg 768w, https:\/\/germanstreetphotography.com\/wp-content\/uploads\/2017\/12\/7-Marco-Larousse-1024x682.jpg 1024w\" sizes=\"(max-width: 2000px) 100vw, 2000px\" \/><\/p>\n<h2>Kontakt Marco<\/h2>\n\n<div class=\"wpcf7 no-js\" id=\"wpcf7-f1212-o1\" lang=\"en-US\" dir=\"ltr\">\n<div class=\"screen-reader-response\"><p role=\"status\" aria-live=\"polite\" aria-atomic=\"true\"><\/p> <ul><\/ul><\/div>\n<form action=\"\/de\/wp-json\/wp\/v2\/pages\/1207#wpcf7-f1212-o1\" method=\"post\" class=\"wpcf7-form init\" aria-label=\"Contact form\" novalidate=\"novalidate\" data-status=\"init\">\n<div style=\"display: none;\">\n<input type=\"hidden\" name=\"_wpcf7\" value=\"1212\" \/>\n<input type=\"hidden\" name=\"_wpcf7_version\" value=\"5.7.7\" \/>\n<input type=\"hidden\" name=\"_wpcf7_locale\" value=\"en_US\" \/>\n<input type=\"hidden\" name=\"_wpcf7_unit_tag\" value=\"wpcf7-f1212-o1\" \/>\n<input type=\"hidden\" name=\"_wpcf7_container_post\" value=\"0\" \/>\n<input type=\"hidden\" name=\"_wpcf7_posted_data_hash\" value=\"\" \/>\n<\/div>\n<p><label> Deine Email<br \/>\n<span class=\"wpcf7-form-control-wrap\" data-name=\"your-email\"><input size=\"40\" class=\"wpcf7-form-control wpcf7-text wpcf7-email wpcf7-validates-as-required wpcf7-validates-as-email\" aria-required=\"true\" aria-invalid=\"false\" value=\"\" type=\"email\" name=\"your-email\" \/><\/span> <\/label><br \/>\n<span id=\"wpcf7-69d1c7199fdc7-wrapper\" class=\"wpcf7-form-control-wrap text2-980-wrap\" style=\"display:none !important; visibility:hidden !important;\"><label for=\"wpcf7-69d1c7199fdc7-field\" class=\"hp-message\">Bitte lasse dieses Feld leer.<\/label><input id=\"wpcf7-69d1c7199fdc7-field\"  class=\"wpcf7-form-control wpcf7-text\" type=\"text\" name=\"text2-980\" value=\"\" size=\"40\" tabindex=\"-1\" autocomplete=\"new-password\" \/><\/span><br \/>\n<label> Deine Nachricht<br \/>\n<span class=\"wpcf7-form-control-wrap\" data-name=\"your-message\"><textarea cols=\"40\" rows=\"10\" class=\"wpcf7-form-control wpcf7-textarea\" aria-invalid=\"false\" name=\"your-message\"><\/textarea><\/span> <\/label>\n<\/p>\n<p><input class=\"wpcf7-form-control has-spinner wpcf7-submit\" type=\"submit\" value=\"Senden\" \/>\n<\/p><div class=\"wpcf7-response-output\" aria-hidden=\"true\"><\/div>\n<\/form>\n<\/div>\n\n","protected":false},"excerpt":{"rendered":"<p>Marco Larousse Marco Larousse ist ein international t\u00e4tiger Street- und Dokumentarfotograf aus Hamburg. Mit \u00fcber 30 Jahren Erfahrung in der Fotografie arbeitet er heute aktiv analog und digital. In den 1990\u2019er Jahren hat er seine Leidenschaft f\u00fcr die klassische Streetfotografie entdeckt und teilt sein Wissen und seine Inspiration in Workshops, Artikeln, als Juror und bei &#8230; <a title=\"Marco Larousse\" class=\"read-more\" href=\"https:\/\/germanstreetphotography.com\/de\/marco-larousse\/\" aria-label=\"Mehr Informationen \u00fcber Marco Larousse\">Weiterlesen &#8230;<\/a><\/p>\n","protected":false},"author":5,"featured_media":235,"parent":0,"menu_order":0,"comment_status":"closed","ping_status":"closed","template":"","meta":{"generate_page_header":""},"yoast_head":"<!-- This site is optimized with the Yoast SEO plugin v21.1 - https:\/\/yoast.com\/wordpress\/plugins\/seo\/ -->\n<title>Marco Larousse &bull; Die deutsche Streetfotografie Seite<\/title>\n<meta name=\"description\" content=\"Marco Larousse ist ein international t\u00e4tiger Street- und Dokumentarfotograf aus Hamburg. Mit \u00fcber 30 Jahren Erfahrung in der Fotografie arbeitet er heute aktiv analog und digital.\" \/>\n<meta name=\"robots\" content=\"index, follow, max-snippet:-1, max-image-preview:large, max-video-preview:-1\" \/>\n<link rel=\"canonical\" href=\"https:\/\/germanstreetphotography.com\/de\/marco-larousse\/\" \/>\n<meta property=\"og:locale\" content=\"de_DE\" \/>\n<meta property=\"og:type\" content=\"article\" \/>\n<meta property=\"og:title\" content=\"Marco Larousse &bull; Die deutsche Streetfotografie Seite\" \/>\n<meta property=\"og:description\" content=\"Marco Larousse ist ein international t\u00e4tiger Street- und Dokumentarfotograf aus Hamburg. Mit \u00fcber 30 Jahren Erfahrung in der Fotografie arbeitet er heute aktiv analog und digital.\" \/>\n<meta property=\"og:url\" content=\"https:\/\/germanstreetphotography.com\/de\/marco-larousse\/\" \/>\n<meta property=\"og:site_name\" content=\"Die deutsche Streetfotografie Seite\" \/>\n<meta property=\"article:modified_time\" content=\"2018-09-08T14:18:21+00:00\" \/>\n<meta property=\"og:image\" content=\"https:\/\/germanstreetphotography.com\/wp-content\/uploads\/2017\/12\/7-Marco-Larousse.jpg\" \/>\n\t<meta property=\"og:image:width\" content=\"2000\" \/>\n\t<meta property=\"og:image:height\" content=\"1333\" \/>\n\t<meta property=\"og:image:type\" content=\"image\/jpeg\" \/>\n<meta name=\"twitter:card\" content=\"summary_large_image\" \/>\n<meta name=\"twitter:label1\" content=\"Gesch\u00e4tzte Lesezeit\" \/>\n\t<meta name=\"twitter:data1\" content=\"2\u00a0Minuten\" \/>\n<script type=\"application\/ld+json\" class=\"yoast-schema-graph\">{\"@context\":\"https:\/\/schema.org\",\"@graph\":[{\"@type\":\"WebPage\",\"@id\":\"https:\/\/germanstreetphotography.com\/de\/marco-larousse\/\",\"url\":\"https:\/\/germanstreetphotography.com\/de\/marco-larousse\/\",\"name\":\"Marco Larousse &bull; Die deutsche Streetfotografie Seite\",\"isPartOf\":{\"@id\":\"https:\/\/germanstreetphotography.com\/#website\"},\"datePublished\":\"2017-12-21T16:47:55+00:00\",\"dateModified\":\"2018-09-08T14:18:21+00:00\",\"description\":\"Marco Larousse ist ein international t\u00e4tiger Street- und Dokumentarfotograf aus Hamburg. Mit \u00fcber 30 Jahren Erfahrung in der Fotografie arbeitet er heute aktiv analog und digital.\",\"breadcrumb\":{\"@id\":\"https:\/\/germanstreetphotography.com\/de\/marco-larousse\/#breadcrumb\"},\"inLanguage\":\"de\",\"potentialAction\":[{\"@type\":\"ReadAction\",\"target\":[\"https:\/\/germanstreetphotography.com\/de\/marco-larousse\/\"]}]},{\"@type\":\"BreadcrumbList\",\"@id\":\"https:\/\/germanstreetphotography.com\/de\/marco-larousse\/#breadcrumb\",\"itemListElement\":[{\"@type\":\"ListItem\",\"position\":1,\"name\":\"Home\",\"item\":\"https:\/\/germanstreetphotography.com\/de\/\"},{\"@type\":\"ListItem\",\"position\":2,\"name\":\"Marco Larousse\"}]},{\"@type\":\"WebSite\",\"@id\":\"https:\/\/germanstreetphotography.com\/#website\",\"url\":\"https:\/\/germanstreetphotography.com\/\",\"name\":\"Die deutsche Streetfotografie Seite\",\"description\":\"\",\"publisher\":{\"@id\":\"https:\/\/germanstreetphotography.com\/#organization\"},\"potentialAction\":[{\"@type\":\"SearchAction\",\"target\":{\"@type\":\"EntryPoint\",\"urlTemplate\":\"https:\/\/germanstreetphotography.com\/?s={search_term_string}\"},\"query-input\":\"required name=search_term_string\"}],\"inLanguage\":\"de\"},{\"@type\":\"Organization\",\"@id\":\"https:\/\/germanstreetphotography.com\/#organization\",\"name\":\"The German Street Photography Site\",\"url\":\"https:\/\/germanstreetphotography.com\/\",\"logo\":{\"@type\":\"ImageObject\",\"inLanguage\":\"de\",\"@id\":\"https:\/\/germanstreetphotography.com\/#\/schema\/logo\/image\/\",\"url\":\"https:\/\/germanstreetphotography.com\/wp-content\/uploads\/2019\/04\/gspf_logo_rz_kreis.png\",\"contentUrl\":\"https:\/\/germanstreetphotography.com\/wp-content\/uploads\/2019\/04\/gspf_logo_rz_kreis.png\",\"width\":600,\"height\":600,\"caption\":\"The German Street Photography Site\"},\"image\":{\"@id\":\"https:\/\/germanstreetphotography.com\/#\/schema\/logo\/image\/\"}}]}<\/script>\n<!-- \/ Yoast SEO plugin. -->","yoast_head_json":{"title":"Marco Larousse &bull; Die deutsche Streetfotografie Seite","description":"Marco Larousse ist ein international t\u00e4tiger Street- und Dokumentarfotograf aus Hamburg. Mit \u00fcber 30 Jahren Erfahrung in der Fotografie arbeitet er heute aktiv analog und digital.","robots":{"index":"index","follow":"follow","max-snippet":"max-snippet:-1","max-image-preview":"max-image-preview:large","max-video-preview":"max-video-preview:-1"},"canonical":"https:\/\/germanstreetphotography.com\/de\/marco-larousse\/","og_locale":"de_DE","og_type":"article","og_title":"Marco Larousse &bull; Die deutsche Streetfotografie Seite","og_description":"Marco Larousse ist ein international t\u00e4tiger Street- und Dokumentarfotograf aus Hamburg. Mit \u00fcber 30 Jahren Erfahrung in der Fotografie arbeitet er heute aktiv analog und digital.","og_url":"https:\/\/germanstreetphotography.com\/de\/marco-larousse\/","og_site_name":"Die deutsche Streetfotografie Seite","article_modified_time":"2018-09-08T14:18:21+00:00","og_image":[{"width":2000,"height":1333,"url":"https:\/\/germanstreetphotography.com\/wp-content\/uploads\/2017\/12\/7-Marco-Larousse.jpg","type":"image\/jpeg"}],"twitter_card":"summary_large_image","twitter_misc":{"Gesch\u00e4tzte Lesezeit":"2\u00a0Minuten"},"schema":{"@context":"https:\/\/schema.org","@graph":[{"@type":"WebPage","@id":"https:\/\/germanstreetphotography.com\/de\/marco-larousse\/","url":"https:\/\/germanstreetphotography.com\/de\/marco-larousse\/","name":"Marco Larousse &bull; Die deutsche Streetfotografie Seite","isPartOf":{"@id":"https:\/\/germanstreetphotography.com\/#website"},"datePublished":"2017-12-21T16:47:55+00:00","dateModified":"2018-09-08T14:18:21+00:00","description":"Marco Larousse ist ein international t\u00e4tiger Street- und Dokumentarfotograf aus Hamburg. Mit \u00fcber 30 Jahren Erfahrung in der Fotografie arbeitet er heute aktiv analog und digital.","breadcrumb":{"@id":"https:\/\/germanstreetphotography.com\/de\/marco-larousse\/#breadcrumb"},"inLanguage":"de","potentialAction":[{"@type":"ReadAction","target":["https:\/\/germanstreetphotography.com\/de\/marco-larousse\/"]}]},{"@type":"BreadcrumbList","@id":"https:\/\/germanstreetphotography.com\/de\/marco-larousse\/#breadcrumb","itemListElement":[{"@type":"ListItem","position":1,"name":"Home","item":"https:\/\/germanstreetphotography.com\/de\/"},{"@type":"ListItem","position":2,"name":"Marco Larousse"}]},{"@type":"WebSite","@id":"https:\/\/germanstreetphotography.com\/#website","url":"https:\/\/germanstreetphotography.com\/","name":"Die deutsche Streetfotografie Seite","description":"","publisher":{"@id":"https:\/\/germanstreetphotography.com\/#organization"},"potentialAction":[{"@type":"SearchAction","target":{"@type":"EntryPoint","urlTemplate":"https:\/\/germanstreetphotography.com\/?s={search_term_string}"},"query-input":"required name=search_term_string"}],"inLanguage":"de"},{"@type":"Organization","@id":"https:\/\/germanstreetphotography.com\/#organization","name":"The German Street Photography Site","url":"https:\/\/germanstreetphotography.com\/","logo":{"@type":"ImageObject","inLanguage":"de","@id":"https:\/\/germanstreetphotography.com\/#\/schema\/logo\/image\/","url":"https:\/\/germanstreetphotography.com\/wp-content\/uploads\/2019\/04\/gspf_logo_rz_kreis.png","contentUrl":"https:\/\/germanstreetphotography.com\/wp-content\/uploads\/2019\/04\/gspf_logo_rz_kreis.png","width":600,"height":600,"caption":"The German Street Photography Site"},"image":{"@id":"https:\/\/germanstreetphotography.com\/#\/schema\/logo\/image\/"}}]}},"_links":{"self":[{"href":"https:\/\/germanstreetphotography.com\/de\/wp-json\/wp\/v2\/pages\/1207"}],"collection":[{"href":"https:\/\/germanstreetphotography.com\/de\/wp-json\/wp\/v2\/pages"}],"about":[{"href":"https:\/\/germanstreetphotography.com\/de\/wp-json\/wp\/v2\/types\/page"}],"author":[{"embeddable":true,"href":"https:\/\/germanstreetphotography.com\/de\/wp-json\/wp\/v2\/users\/5"}],"replies":[{"embeddable":true,"href":"https:\/\/germanstreetphotography.com\/de\/wp-json\/wp\/v2\/comments?post=1207"}],"version-history":[{"count":9,"href":"https:\/\/germanstreetphotography.com\/de\/wp-json\/wp\/v2\/pages\/1207\/revisions"}],"predecessor-version":[{"id":1929,"href":"https:\/\/germanstreetphotography.com\/de\/wp-json\/wp\/v2\/pages\/1207\/revisions\/1929"}],"wp:featuredmedia":[{"embeddable":true,"href":"https:\/\/germanstreetphotography.com\/de\/wp-json\/wp\/v2\/media\/235"}],"wp:attachment":[{"href":"https:\/\/germanstreetphotography.com\/de\/wp-json\/wp\/v2\/media?parent=1207"}],"curies":[{"name":"wp","href":"https:\/\/api.w.org\/{rel}","templated":true}]}}