{"id":1196,"date":"2018-01-19T18:44:29","date_gmt":"2018-01-19T17:44:29","guid":{"rendered":"https:\/\/germanstreetphotography.com\/christian-reister\/"},"modified":"2018-03-23T16:15:43","modified_gmt":"2018-03-23T15:15:43","slug":"christian-reister","status":"publish","type":"page","link":"https:\/\/germanstreetphotography.com\/de\/christian-reister\/","title":{"rendered":"Christian Reister"},"content":{"rendered":"<h1>Christian Reister<\/h1>\n<p><img decoding=\"async\" loading=\"lazy\" class=\"alignnone size-full wp-image-555\" src=\"https:\/\/germanstreetphotography.com\/wp-content\/uploads\/2018\/01\/Christian-Reister_Portrait.jpg\" alt=\"\" width=\"700\" height=\"700\" srcset=\"https:\/\/germanstreetphotography.com\/wp-content\/uploads\/2018\/01\/Christian-Reister_Portrait.jpg 700w, https:\/\/germanstreetphotography.com\/wp-content\/uploads\/2018\/01\/Christian-Reister_Portrait-150x150.jpg 150w, https:\/\/germanstreetphotography.com\/wp-content\/uploads\/2018\/01\/Christian-Reister_Portrait-300x300.jpg 300w\" sizes=\"(max-width: 700px) 100vw, 700px\" \/><\/p>\n<p>Christian Reister, *1972, lebt und arbeitet Berlin. Er begann im Jahr 2001 zu fotografieren. Er arbeitet im Wesentlichen auf den Stra\u00dfen der Stadt und bildet das urbane Leben ab. Nachdem er die ersten 10 Jahre in Farbe gearbeitet hat, wechselte er 2011 zur Schwarzweissfotografie. Sein Schwerpunkt heute ist das Berliner Nachtleben, welches er sehr subjektiv dokumentiert: dunkel, rau, k\u00f6rnig und oft verschwommen.<\/p>\n<p>Genauso wichtig wie das Fotografieren selbst ist f\u00fcr Christian der Prozess des Editieren, Entwickeln und Gestalten von Bildserien f\u00fcr unterschiedliche Medien wie Ausstellungen, Fotofilme, Live-Projektionen, Bildb\u00e4nde oder Zines.<\/p>\n<p>Christian Reister betreibt seit 2005 das\u00a0\u00a0<a href=\"http:\/\/www.fenster61.de\/\">FENSTER61<\/a> und ist Co-Autor des Interview Blogs\u00a0\u00a0<a href=\"http:\/\/www.obstundmuse.com\">OBST UND MUSE<\/a>.<\/p>\n<h2><div  class=\"lgc-column lgc-grid-parent lgc-grid-25 lgc-tablet-grid-50 lgc-mobile-grid-100 lgc-equal-heights \"><div  class=\"inside-grid-column\"><a href=\"https:\/\/www.christianreister.com\"><i class=\"fa fa-home\" aria-hidden=\"true\"><\/i> Webseite<\/a><\/div><\/div><\/h2>\n<h2><div  class=\"lgc-column lgc-grid-parent lgc-grid-25 lgc-tablet-grid-50 lgc-mobile-grid-100 lgc-equal-heights \"><div  class=\"inside-grid-column\"><a href=\"http:\/\/twitter.com\/blog61com\"><i class=\"fa fa-twitter\" aria-hidden=\"true\"><\/i> Twitter<\/a><\/div><\/div><\/h2>\n<h2><div  class=\"lgc-column lgc-grid-parent lgc-grid-25 lgc-tablet-grid-50 lgc-mobile-grid-100 lgc-equal-heights \"><div  class=\"inside-grid-column\"><a href=\"https:\/\/www.facebook.com\/christian.reister.9\/\"><i class=\"fa fa-facebook-official\" aria-hidden=\"true\"><\/i> Facebook<\/a><\/div><\/div><\/h2>\n<h2><div  class=\"lgc-column lgc-grid-parent lgc-grid-25 lgc-tablet-grid-50 lgc-mobile-grid-100 lgc-equal-heights \"><div  class=\"inside-grid-column\"><a href=\"https:\/\/www.instagram.com\/christianreister\/\"><i class=\"fa fa-instagram\" aria-hidden=\"true\"><\/i> Instagram<\/a><\/div><\/div><div class=\"lgc-clear\"><\/div><\/h2>\n<h2>In den Medien<\/h2>\n<p><i class=\"fa fa-square\" aria-hidden=\"true\"><\/i> 2015 | <a href=\"http:\/\/www.iheartberlin.de\/de\/2015\/10\/19\/the-other-side-of-berlins-nightlife\/\">&#8222;The other side of Berlin&#8217;s nightlife&#8220;<\/a> &#8211; Buchbesprechung<br \/>\n<i class=\"fa fa-square\" aria-hidden=\"true\"><\/i> 2015 | <a href=\"https:\/\/www.we-heart.com\/2015\/11\/05\/christian-reister-alle-katzen-grau\/\">&#8222;A Berlin in danger of overdosing on hedonism&#8220;<\/a> -Buchbesprechung<br \/>\n<i class=\"fa fa-square\" aria-hidden=\"true\"><\/i> 2015 | <a href=\"http:\/\/www.bz-berlin.de\/kultur\/kunst\/dieser-fotograf-hat-berlins-skurilles-nachtleben-dokumentiert\">&#8222;Dieser Fotograf hat Berlins skurriles Nachtleben dokumentiert&#8220;<\/a> -Buchbesprechung<br \/>\n<i class=\"fa fa-square\" aria-hidden=\"true\"><\/i> 2015 | <a href=\"https:\/\/www.interview.de\/kunst\/fotografie\/christian-reister-alle-katzen-grau\/\">&#8222;Nachts sind alle Katzen grau!&#8220;<\/a> -Buchbesprechung<br \/>\n<i class=\"fa fa-square\" aria-hidden=\"true\"><\/i> 2015 | <a href=\"http:\/\/www.stylemag.net\/2015\/06\/24\/nachts-durch-berlin-christian-reiters-fotobuch-alle-katzen-grau\/\">&#8222;Nachts durch Berlin&#8220;<\/a> -Buchbesprechung<br \/>\n<i class=\"fa fa-square\" aria-hidden=\"true\"><\/i> 2013 | <a href=\"http:\/\/www.obstundmuse.com\/christian-reister\/\">\u201cVielleicht sind die Deutschen einfach in anderen Bereichen erfolgreicher\u201d<\/a> &#8211; Interview<br \/>\n<i class=\"fa fa-square\" aria-hidden=\"true\"><\/i> 2013 | <a href=\"http:\/\/blog.leica-camera.com\/2013\/04\/23\/christian-reister-combining-reality-and-fiction-in-photographs\/\">&#8222;Combining Reality and Fiction in Photographs&#8220;<\/a> 2004 &#8211; Interview<\/p>\n<h2>Einzelausstellungen (Auswahl)<\/h2>\n<p><i class=\"fa fa-circle\" aria-hidden=\"true\"><\/i> 2018 | RAUSCHEN \/\/ Fotogalerie Potsdam \/\/ DE<br \/>\n<i class=\"fa fa-circle\" aria-hidden=\"true\"><\/i> 2014 | FOTOGRAFIEN \/\/ Manzini \/\/ Berlin, DE<br \/>\n<i class=\"fa fa-circle\" aria-hidden=\"true\"><\/i> 2013 | BERLIN TRILOGIE \/\/ Caf\u00e9 Aroma \/\/ Berlin, DE<br \/>\n<i class=\"fa fa-circle\" aria-hidden=\"true\"><\/i> 2013 | NACHT \/\/ Hotel Bogota \/\/ Berlin, DE<br \/>\n<i class=\"fa fa-circle\" aria-hidden=\"true\"><\/i> 2013 | BERLIN + WIEN \/\/ w\/t Kay von Aspern \/\/ Eigensinnig \/\/ Wien, AT<br \/>\n<i class=\"fa fa-circle\" aria-hidden=\"true\"><\/i> 2013 | BERLIN + WIEN \/\/ w\/t Kay von Aspern \/\/Burjuar \/\/ Berlin, DE<br \/>\n<i class=\"fa fa-circle\" aria-hidden=\"true\"><\/i> 2013 | NEW YORKERS \/\/ Galerie playing with eels \/\/ Berlin, DE<br \/>\n<i class=\"fa fa-circle\" aria-hidden=\"true\"><\/i> 2009 | ALEX \/\/ Monochrom \/\/ Berlin, DE<br \/>\n<i class=\"fa fa-circle\" aria-hidden=\"true\"><\/i> 2005 | NICHT MEHR UND NOCH NICHT \/\/ Lass uns Freunde bleiben \/\/ Berlin, DE<\/p>\n<p>+ ca. <a href=\"https:\/\/www.christianreister.com\/about\/\">40 Gruppenausstellungen und Festivals<\/a> in Deutschland, Italien, \u00d6sterreich, Grossbritannien, Frankreich und Kirgistan<\/p>\n<h2>B\u00fccher und\u00a0 Zines<\/h2>\n<p><i class=\"fa fa-square\" aria-hidden=\"true\"><\/i> 2017 | DRIFTWOOD 7: Berlin<br \/>\n<i class=\"fa fa-square\" aria-hidden=\"true\"><\/i> 2017 | DRIFTWOOD 6: Vienna<br \/>\n<i class=\"fa fa-square\" aria-hidden=\"true\"><\/i> 2017 | DRIFTWOOD 5: Warszawa<br \/>\n<i class=\"fa fa-square\" aria-hidden=\"true\"><\/i> 2017 | DRIFTWOOD 4: Berlin<br \/>\n<i class=\"fa fa-square\" aria-hidden=\"true\"><\/i> 2016 | DRIFTWOOD 3: Berlin<br \/>\n<i class=\"fa fa-square\" aria-hidden=\"true\"><\/i> 2016 | DRIFTWOOD 2: Amerika<br \/>\n<i class=\"fa fa-square\" aria-hidden=\"true\"><\/i> 2016 | DRIFTWOOD 1: Berlin<br \/>\n<i class=\"fa fa-square\" aria-hidden=\"true\"><\/i> 2015 | ALLE KATZEN GRAU<br \/>\n<i class=\"fa fa-square\" aria-hidden=\"true\"><\/i> 2014 | BIST DU GL\u00dcCKLICH?<br \/>\n<i class=\"fa fa-square\" aria-hidden=\"true\"><\/i> 2013 | BERLIN + WIEN | Christian Reister + Kay von Aspern.<br \/>\n<i class=\"fa fa-square\" aria-hidden=\"true\"><\/i> 2010 | ALEX<br \/>\n<i class=\"fa fa-square\" aria-hidden=\"true\"><\/i> 2008 | ANKUNFT BEI AUFBRUCH | Christian Reister, Andreas Rost, Sebastian Hesse<\/p>\n<h2>Portfolio<\/h2>\n<p><img decoding=\"async\" loading=\"lazy\" class=\"size-full wp-image-561 aligncenter\" src=\"https:\/\/germanstreetphotography.com\/wp-content\/uploads\/2018\/01\/Christian-Reister_01.jpg\" alt=\"\" width=\"2000\" height=\"1333\" srcset=\"https:\/\/germanstreetphotography.com\/wp-content\/uploads\/2018\/01\/Christian-Reister_01.jpg 2000w, https:\/\/germanstreetphotography.com\/wp-content\/uploads\/2018\/01\/Christian-Reister_01-300x200.jpg 300w, https:\/\/germanstreetphotography.com\/wp-content\/uploads\/2018\/01\/Christian-Reister_01-768x512.jpg 768w, https:\/\/germanstreetphotography.com\/wp-content\/uploads\/2018\/01\/Christian-Reister_01-1024x682.jpg 1024w\" sizes=\"(max-width: 2000px) 100vw, 2000px\" \/><\/p>\n<p><img decoding=\"async\" loading=\"lazy\" class=\"size-full wp-image-562 aligncenter\" src=\"https:\/\/germanstreetphotography.com\/wp-content\/uploads\/2018\/01\/Christian-Reister_02.jpg\" alt=\"\" width=\"2000\" height=\"1335\" srcset=\"https:\/\/germanstreetphotography.com\/wp-content\/uploads\/2018\/01\/Christian-Reister_02.jpg 2000w, https:\/\/germanstreetphotography.com\/wp-content\/uploads\/2018\/01\/Christian-Reister_02-300x200.jpg 300w, https:\/\/germanstreetphotography.com\/wp-content\/uploads\/2018\/01\/Christian-Reister_02-768x513.jpg 768w, https:\/\/germanstreetphotography.com\/wp-content\/uploads\/2018\/01\/Christian-Reister_02-1024x684.jpg 1024w\" sizes=\"(max-width: 2000px) 100vw, 2000px\" \/><\/p>\n<p><img decoding=\"async\" loading=\"lazy\" class=\"size-full wp-image-563 aligncenter\" src=\"https:\/\/germanstreetphotography.com\/wp-content\/uploads\/2018\/01\/Christian-Reister_03.jpg\" alt=\"\" width=\"2000\" height=\"1333\" srcset=\"https:\/\/germanstreetphotography.com\/wp-content\/uploads\/2018\/01\/Christian-Reister_03.jpg 2000w, https:\/\/germanstreetphotography.com\/wp-content\/uploads\/2018\/01\/Christian-Reister_03-300x200.jpg 300w, https:\/\/germanstreetphotography.com\/wp-content\/uploads\/2018\/01\/Christian-Reister_03-768x512.jpg 768w, https:\/\/germanstreetphotography.com\/wp-content\/uploads\/2018\/01\/Christian-Reister_03-1024x682.jpg 1024w\" sizes=\"(max-width: 2000px) 100vw, 2000px\" \/><\/p>\n<p><img decoding=\"async\" loading=\"lazy\" class=\"size-full wp-image-564 aligncenter\" src=\"https:\/\/germanstreetphotography.com\/wp-content\/uploads\/2018\/01\/Christian-Reister_04.jpg\" alt=\"\" width=\"2000\" height=\"1335\" srcset=\"https:\/\/germanstreetphotography.com\/wp-content\/uploads\/2018\/01\/Christian-Reister_04.jpg 2000w, https:\/\/germanstreetphotography.com\/wp-content\/uploads\/2018\/01\/Christian-Reister_04-300x200.jpg 300w, https:\/\/germanstreetphotography.com\/wp-content\/uploads\/2018\/01\/Christian-Reister_04-768x513.jpg 768w, https:\/\/germanstreetphotography.com\/wp-content\/uploads\/2018\/01\/Christian-Reister_04-1024x684.jpg 1024w\" sizes=\"(max-width: 2000px) 100vw, 2000px\" \/><\/p>\n<p><img decoding=\"async\" loading=\"lazy\" class=\"size-full wp-image-565 aligncenter\" src=\"https:\/\/germanstreetphotography.com\/wp-content\/uploads\/2018\/01\/Christian-Reister_05.jpg\" alt=\"\" width=\"2000\" height=\"1325\" srcset=\"https:\/\/germanstreetphotography.com\/wp-content\/uploads\/2018\/01\/Christian-Reister_05.jpg 2000w, https:\/\/germanstreetphotography.com\/wp-content\/uploads\/2018\/01\/Christian-Reister_05-300x199.jpg 300w, https:\/\/germanstreetphotography.com\/wp-content\/uploads\/2018\/01\/Christian-Reister_05-768x509.jpg 768w, https:\/\/germanstreetphotography.com\/wp-content\/uploads\/2018\/01\/Christian-Reister_05-1024x678.jpg 1024w\" sizes=\"(max-width: 2000px) 100vw, 2000px\" \/><\/p>\n<p><img decoding=\"async\" loading=\"lazy\" class=\"size-full wp-image-566 aligncenter\" src=\"https:\/\/germanstreetphotography.com\/wp-content\/uploads\/2018\/01\/Christian-Reister_06.jpg\" alt=\"\" width=\"2000\" height=\"1333\" srcset=\"https:\/\/germanstreetphotography.com\/wp-content\/uploads\/2018\/01\/Christian-Reister_06.jpg 2000w, https:\/\/germanstreetphotography.com\/wp-content\/uploads\/2018\/01\/Christian-Reister_06-300x200.jpg 300w, https:\/\/germanstreetphotography.com\/wp-content\/uploads\/2018\/01\/Christian-Reister_06-768x512.jpg 768w, https:\/\/germanstreetphotography.com\/wp-content\/uploads\/2018\/01\/Christian-Reister_06-1024x682.jpg 1024w\" sizes=\"(max-width: 2000px) 100vw, 2000px\" \/><\/p>\n<p><img decoding=\"async\" loading=\"lazy\" class=\"size-full wp-image-567 aligncenter\" src=\"https:\/\/germanstreetphotography.com\/wp-content\/uploads\/2018\/01\/Christian-Reister_07.jpg\" alt=\"\" width=\"2000\" height=\"1325\" srcset=\"https:\/\/germanstreetphotography.com\/wp-content\/uploads\/2018\/01\/Christian-Reister_07.jpg 2000w, https:\/\/germanstreetphotography.com\/wp-content\/uploads\/2018\/01\/Christian-Reister_07-300x199.jpg 300w, https:\/\/germanstreetphotography.com\/wp-content\/uploads\/2018\/01\/Christian-Reister_07-768x509.jpg 768w, https:\/\/germanstreetphotography.com\/wp-content\/uploads\/2018\/01\/Christian-Reister_07-1024x678.jpg 1024w\" sizes=\"(max-width: 2000px) 100vw, 2000px\" \/><\/p>\n","protected":false},"excerpt":{"rendered":"<p>Christian Reister Christian Reister, *1972, lebt und arbeitet Berlin. Er begann im Jahr 2001 zu fotografieren. Er arbeitet im Wesentlichen auf den Stra\u00dfen der Stadt und bildet das urbane Leben ab. Nachdem er die ersten 10 Jahre in Farbe gearbeitet hat, wechselte er 2011 zur Schwarzweissfotografie. Sein Schwerpunkt heute ist das Berliner Nachtleben, welches er &#8230; <a title=\"Christian Reister\" class=\"read-more\" href=\"https:\/\/germanstreetphotography.com\/de\/christian-reister\/\" aria-label=\"Mehr Informationen \u00fcber Christian Reister\">Weiterlesen &#8230;<\/a><\/p>\n","protected":false},"author":5,"featured_media":561,"parent":0,"menu_order":0,"comment_status":"closed","ping_status":"closed","template":"","meta":{"generate_page_header":""},"yoast_head":"<!-- This site is optimized with the Yoast SEO plugin v21.1 - https:\/\/yoast.com\/wordpress\/plugins\/seo\/ -->\n<title>Christian Reister &bull; Die deutsche Streetfotografie Seite<\/title>\n<meta name=\"description\" content=\"Christian Reister, *1972, lebt und arbeitet Berlin. Er begann im Jahr 2001 zu fotografieren. Er arbeitet im Wesentlichen auf den Stra\u00dfen der Stadt und bildet das Leben in der Stadt ab. Nachdem er die ersten 10 Jahre in Farbe arbeitete, wechselte er 2011 zur Schwarzweissfotografie.\" \/>\n<meta name=\"robots\" content=\"index, follow, max-snippet:-1, max-image-preview:large, max-video-preview:-1\" \/>\n<link rel=\"canonical\" href=\"https:\/\/germanstreetphotography.com\/de\/christian-reister\/\" \/>\n<meta property=\"og:locale\" content=\"de_DE\" \/>\n<meta property=\"og:type\" content=\"article\" \/>\n<meta property=\"og:title\" content=\"Christian Reister &bull; Die deutsche Streetfotografie Seite\" \/>\n<meta property=\"og:description\" content=\"Christian Reister, *1972, lebt und arbeitet Berlin. Er begann im Jahr 2001 zu fotografieren. Er arbeitet im Wesentlichen auf den Stra\u00dfen der Stadt und bildet das Leben in der Stadt ab. Nachdem er die ersten 10 Jahre in Farbe arbeitete, wechselte er 2011 zur Schwarzweissfotografie.\" \/>\n<meta property=\"og:url\" content=\"https:\/\/germanstreetphotography.com\/de\/christian-reister\/\" \/>\n<meta property=\"og:site_name\" content=\"Die deutsche Streetfotografie Seite\" \/>\n<meta property=\"article:modified_time\" content=\"2018-03-23T15:15:43+00:00\" \/>\n<meta property=\"og:image\" content=\"https:\/\/germanstreetphotography.com\/wp-content\/uploads\/2018\/01\/Christian-Reister_01.jpg\" \/>\n\t<meta property=\"og:image:width\" content=\"2000\" \/>\n\t<meta property=\"og:image:height\" content=\"1333\" \/>\n\t<meta property=\"og:image:type\" content=\"image\/jpeg\" \/>\n<meta name=\"twitter:card\" content=\"summary_large_image\" \/>\n<meta name=\"twitter:label1\" content=\"Gesch\u00e4tzte Lesezeit\" \/>\n\t<meta name=\"twitter:data1\" content=\"2\u00a0Minuten\" \/>\n<script type=\"application\/ld+json\" class=\"yoast-schema-graph\">{\"@context\":\"https:\/\/schema.org\",\"@graph\":[{\"@type\":\"WebPage\",\"@id\":\"https:\/\/germanstreetphotography.com\/de\/christian-reister\/\",\"url\":\"https:\/\/germanstreetphotography.com\/de\/christian-reister\/\",\"name\":\"Christian Reister &bull; Die deutsche Streetfotografie Seite\",\"isPartOf\":{\"@id\":\"https:\/\/germanstreetphotography.com\/#website\"},\"datePublished\":\"2018-01-19T17:44:29+00:00\",\"dateModified\":\"2018-03-23T15:15:43+00:00\",\"description\":\"Christian Reister, *1972, lebt und arbeitet Berlin. Er begann im Jahr 2001 zu fotografieren. Er arbeitet im Wesentlichen auf den Stra\u00dfen der Stadt und bildet das Leben in der Stadt ab. Nachdem er die ersten 10 Jahre in Farbe arbeitete, wechselte er 2011 zur Schwarzweissfotografie.\",\"breadcrumb\":{\"@id\":\"https:\/\/germanstreetphotography.com\/de\/christian-reister\/#breadcrumb\"},\"inLanguage\":\"de\",\"potentialAction\":[{\"@type\":\"ReadAction\",\"target\":[\"https:\/\/germanstreetphotography.com\/de\/christian-reister\/\"]}]},{\"@type\":\"BreadcrumbList\",\"@id\":\"https:\/\/germanstreetphotography.com\/de\/christian-reister\/#breadcrumb\",\"itemListElement\":[{\"@type\":\"ListItem\",\"position\":1,\"name\":\"Home\",\"item\":\"https:\/\/germanstreetphotography.com\/de\/\"},{\"@type\":\"ListItem\",\"position\":2,\"name\":\"Christian Reister\"}]},{\"@type\":\"WebSite\",\"@id\":\"https:\/\/germanstreetphotography.com\/#website\",\"url\":\"https:\/\/germanstreetphotography.com\/\",\"name\":\"Die deutsche Streetfotografie Seite\",\"description\":\"\",\"publisher\":{\"@id\":\"https:\/\/germanstreetphotography.com\/#organization\"},\"potentialAction\":[{\"@type\":\"SearchAction\",\"target\":{\"@type\":\"EntryPoint\",\"urlTemplate\":\"https:\/\/germanstreetphotography.com\/?s={search_term_string}\"},\"query-input\":\"required name=search_term_string\"}],\"inLanguage\":\"de\"},{\"@type\":\"Organization\",\"@id\":\"https:\/\/germanstreetphotography.com\/#organization\",\"name\":\"The German Street Photography Site\",\"url\":\"https:\/\/germanstreetphotography.com\/\",\"logo\":{\"@type\":\"ImageObject\",\"inLanguage\":\"de\",\"@id\":\"https:\/\/germanstreetphotography.com\/#\/schema\/logo\/image\/\",\"url\":\"https:\/\/germanstreetphotography.com\/wp-content\/uploads\/2019\/04\/gspf_logo_rz_kreis.png\",\"contentUrl\":\"https:\/\/germanstreetphotography.com\/wp-content\/uploads\/2019\/04\/gspf_logo_rz_kreis.png\",\"width\":600,\"height\":600,\"caption\":\"The German Street Photography Site\"},\"image\":{\"@id\":\"https:\/\/germanstreetphotography.com\/#\/schema\/logo\/image\/\"}}]}<\/script>\n<!-- \/ Yoast SEO plugin. -->","yoast_head_json":{"title":"Christian Reister &bull; Die deutsche Streetfotografie Seite","description":"Christian Reister, *1972, lebt und arbeitet Berlin. Er begann im Jahr 2001 zu fotografieren. Er arbeitet im Wesentlichen auf den Stra\u00dfen der Stadt und bildet das Leben in der Stadt ab. Nachdem er die ersten 10 Jahre in Farbe arbeitete, wechselte er 2011 zur Schwarzweissfotografie.","robots":{"index":"index","follow":"follow","max-snippet":"max-snippet:-1","max-image-preview":"max-image-preview:large","max-video-preview":"max-video-preview:-1"},"canonical":"https:\/\/germanstreetphotography.com\/de\/christian-reister\/","og_locale":"de_DE","og_type":"article","og_title":"Christian Reister &bull; Die deutsche Streetfotografie Seite","og_description":"Christian Reister, *1972, lebt und arbeitet Berlin. Er begann im Jahr 2001 zu fotografieren. Er arbeitet im Wesentlichen auf den Stra\u00dfen der Stadt und bildet das Leben in der Stadt ab. Nachdem er die ersten 10 Jahre in Farbe arbeitete, wechselte er 2011 zur Schwarzweissfotografie.","og_url":"https:\/\/germanstreetphotography.com\/de\/christian-reister\/","og_site_name":"Die deutsche Streetfotografie Seite","article_modified_time":"2018-03-23T15:15:43+00:00","og_image":[{"width":2000,"height":1333,"url":"https:\/\/germanstreetphotography.com\/wp-content\/uploads\/2018\/01\/Christian-Reister_01.jpg","type":"image\/jpeg"}],"twitter_card":"summary_large_image","twitter_misc":{"Gesch\u00e4tzte Lesezeit":"2\u00a0Minuten"},"schema":{"@context":"https:\/\/schema.org","@graph":[{"@type":"WebPage","@id":"https:\/\/germanstreetphotography.com\/de\/christian-reister\/","url":"https:\/\/germanstreetphotography.com\/de\/christian-reister\/","name":"Christian Reister &bull; Die deutsche Streetfotografie Seite","isPartOf":{"@id":"https:\/\/germanstreetphotography.com\/#website"},"datePublished":"2018-01-19T17:44:29+00:00","dateModified":"2018-03-23T15:15:43+00:00","description":"Christian Reister, *1972, lebt und arbeitet Berlin. Er begann im Jahr 2001 zu fotografieren. Er arbeitet im Wesentlichen auf den Stra\u00dfen der Stadt und bildet das Leben in der Stadt ab. Nachdem er die ersten 10 Jahre in Farbe arbeitete, wechselte er 2011 zur Schwarzweissfotografie.","breadcrumb":{"@id":"https:\/\/germanstreetphotography.com\/de\/christian-reister\/#breadcrumb"},"inLanguage":"de","potentialAction":[{"@type":"ReadAction","target":["https:\/\/germanstreetphotography.com\/de\/christian-reister\/"]}]},{"@type":"BreadcrumbList","@id":"https:\/\/germanstreetphotography.com\/de\/christian-reister\/#breadcrumb","itemListElement":[{"@type":"ListItem","position":1,"name":"Home","item":"https:\/\/germanstreetphotography.com\/de\/"},{"@type":"ListItem","position":2,"name":"Christian Reister"}]},{"@type":"WebSite","@id":"https:\/\/germanstreetphotography.com\/#website","url":"https:\/\/germanstreetphotography.com\/","name":"Die deutsche Streetfotografie Seite","description":"","publisher":{"@id":"https:\/\/germanstreetphotography.com\/#organization"},"potentialAction":[{"@type":"SearchAction","target":{"@type":"EntryPoint","urlTemplate":"https:\/\/germanstreetphotography.com\/?s={search_term_string}"},"query-input":"required name=search_term_string"}],"inLanguage":"de"},{"@type":"Organization","@id":"https:\/\/germanstreetphotography.com\/#organization","name":"The German Street Photography Site","url":"https:\/\/germanstreetphotography.com\/","logo":{"@type":"ImageObject","inLanguage":"de","@id":"https:\/\/germanstreetphotography.com\/#\/schema\/logo\/image\/","url":"https:\/\/germanstreetphotography.com\/wp-content\/uploads\/2019\/04\/gspf_logo_rz_kreis.png","contentUrl":"https:\/\/germanstreetphotography.com\/wp-content\/uploads\/2019\/04\/gspf_logo_rz_kreis.png","width":600,"height":600,"caption":"The German Street Photography Site"},"image":{"@id":"https:\/\/germanstreetphotography.com\/#\/schema\/logo\/image\/"}}]}},"_links":{"self":[{"href":"https:\/\/germanstreetphotography.com\/de\/wp-json\/wp\/v2\/pages\/1196"}],"collection":[{"href":"https:\/\/germanstreetphotography.com\/de\/wp-json\/wp\/v2\/pages"}],"about":[{"href":"https:\/\/germanstreetphotography.com\/de\/wp-json\/wp\/v2\/types\/page"}],"author":[{"embeddable":true,"href":"https:\/\/germanstreetphotography.com\/de\/wp-json\/wp\/v2\/users\/5"}],"replies":[{"embeddable":true,"href":"https:\/\/germanstreetphotography.com\/de\/wp-json\/wp\/v2\/comments?post=1196"}],"version-history":[{"count":6,"href":"https:\/\/germanstreetphotography.com\/de\/wp-json\/wp\/v2\/pages\/1196\/revisions"}],"predecessor-version":[{"id":1377,"href":"https:\/\/germanstreetphotography.com\/de\/wp-json\/wp\/v2\/pages\/1196\/revisions\/1377"}],"wp:featuredmedia":[{"embeddable":true,"href":"https:\/\/germanstreetphotography.com\/de\/wp-json\/wp\/v2\/media\/561"}],"wp:attachment":[{"href":"https:\/\/germanstreetphotography.com\/de\/wp-json\/wp\/v2\/media?parent=1196"}],"curies":[{"name":"wp","href":"https:\/\/api.w.org\/{rel}","templated":true}]}}