{"id":1162,"date":"2018-02-27T08:37:33","date_gmt":"2018-02-27T07:37:33","guid":{"rendered":"https:\/\/germanstreetphotography.com\/efi-logginou\/"},"modified":"2019-03-26T11:02:54","modified_gmt":"2019-03-26T10:02:54","slug":"efi-logginou","status":"publish","type":"page","link":"https:\/\/germanstreetphotography.com\/de\/efi-logginou\/","title":{"rendered":"Efi Longinou"},"content":{"rendered":"<h1>Efi Longinou<\/h1>\n<p><img decoding=\"async\" loading=\"lazy\" class=\"alignnone size-full wp-image-1149\" src=\"https:\/\/germanstreetphotography.com\/wp-content\/uploads\/2018\/02\/Portraitfoto.jpg\" alt=\"\" width=\"700\" height=\"700\" srcset=\"https:\/\/germanstreetphotography.com\/wp-content\/uploads\/2018\/02\/Portraitfoto.jpg 700w, https:\/\/germanstreetphotography.com\/wp-content\/uploads\/2018\/02\/Portraitfoto-150x150.jpg 150w, https:\/\/germanstreetphotography.com\/wp-content\/uploads\/2018\/02\/Portraitfoto-300x300.jpg 300w\" sizes=\"(max-width: 700px) 100vw, 700px\" \/><\/p>\n<p>Ich bin von Beruf Schauspielerin und lebe aktuell in Berlin. Alles begann vor vier Jahren, dort wo ich herkomme, in Griechenland. Ich habe Fotografie als k\u00fcnstlerisches Ausdrucksmittel f\u00fcr mich entdeckt und seitdem ist es meine neue Leidenschaft.<\/p>\n<p>Zu fotografieren gibt mir die M\u00f6glichkeit meiner Neugier, die ich f\u00fcr Menschen habe, mit der gleichen Inbrunst zu folgen, die ich f\u00fchle, wenn ich als Schauspielerin arbeite. Schauspiel und Fotografie teilen dieselben Wurzeln: Neugier und Beobachtung. F\u00fcr mich ist die Stra\u00dfe eine B\u00fchne, auf der ich Menschen beobachten und einen besonderen Moment mit der Kamera festhalten kann. Dabei folge ich meinem Instinkt. Durch meine Art zu entdecken, lerne immer noch jeden Tag ein wenig mehr \u00fcber die scheinbar endlosen M\u00f6glichkeiten des fotografischen Ausdrucks, die dann in meine Kunst einflie\u00dfen.<\/p>\n<h2><div  class=\"lgc-column lgc-grid-parent lgc-grid-33 lgc-tablet-grid-33 lgc-mobile-grid-100 lgc-equal-heights \"><div  class=\"inside-grid-column\"><a href=\"https:\/\/www.flickr.com\/photos\/135545935@N08\/\"><i class=\"fa fa-flickr\" aria-hidden=\"true\"><\/i> Flickr<\/a><\/div><\/div><\/h2>\n<h2><div  class=\"lgc-column lgc-grid-parent lgc-grid-33 lgc-tablet-grid-33 lgc-mobile-grid-100 lgc-equal-heights \"><div  class=\"inside-grid-column\"><a href=\"https:\/\/www.instagram.com\/efi_o\/\"><i class=\"fa fa-instagram\" aria-hidden=\"true\"><\/i> Instagram &#8211; Efi<\/a><\/div><\/div><\/h2>\n<h2><div  class=\"lgc-column lgc-grid-parent lgc-grid-33 lgc-tablet-grid-33 lgc-mobile-grid-100 lgc-equal-heights \"><div  class=\"inside-grid-column\"><a href=\"https:\/\/www.instagram.com\/intercollective\/\"><i class=\"fa fa-instagram\" aria-hidden=\"true\"><\/i> Instagram &#8211; interCollective<\/a><\/div><\/div><div class=\"lgc-clear\"><\/div><\/h2>\n<h2>In den Medien<\/h2>\n<p><i class=\"fa fa-square\" aria-hidden=\"true\"><\/i> <a href=\"https:\/\/streetberlin.net\/de\/strassenfotografie-deutschland\/\">Street Photography in Deutschland: Fotografen, Kollektive und mehr<\/a>, 2017<br \/>\n<i class=\"fa fa-square\" aria-hidden=\"true\"><\/i> <a href=\"https:\/\/lacalleesnuestra.com\/2017\/07\/03\/pildoras-de-calle-efi-logginou\/\">La Calle Es Nuestra<\/a>, 2017<br \/>\n<i class=\"fa fa-square\" aria-hidden=\"true\"><\/i> <a href=\"https:\/\/www.artupon.com\/efi-logginou\/\"> Art Upon<\/a>, 2017<br \/>\n<i class=\"fa fa-square\" aria-hidden=\"true\"><\/i> <a href=\"http:\/\/grryo.com\/2016\/06\/everyday-poetry-by-efi-logginou\/\">Grryo<\/a>, 2016<br \/>\n<i class=\"fa fa-square\" aria-hidden=\"true\"><\/i> <a href=\"http:\/\/www.elculture.gr\/blog\/article\/\u03ad\u03c6\u03b7-\u03bb\u03bf\u03b3\u03b3\u03af\u03bd\u03bf\u03c5-street-photographer\/\">El Culture<\/a>, 2016<\/p>\n<h2>Ausstellungen<\/h2>\n<p><i class=\"fa fa-circle\" aria-hidden=\"true\"><\/i> DETOUR Exhibition, Athens, 2016<\/p>\n<h2>Mitgliedschaft<\/h2>\n<p>Efi ist Mitglied von\u00a0<a href=\"https:\/\/www.instagram.com\/intercollective\/\">interCollective<\/a><\/p>\n<h2>Portfolio<\/h2>\n<p><img decoding=\"async\" loading=\"lazy\" class=\"size-full wp-image-1151 aligncenter\" src=\"https:\/\/germanstreetphotography.com\/wp-content\/uploads\/2018\/02\/1-2.jpg\" alt=\"\" width=\"2000\" height=\"1334\" srcset=\"https:\/\/germanstreetphotography.com\/wp-content\/uploads\/2018\/02\/1-2.jpg 2000w, https:\/\/germanstreetphotography.com\/wp-content\/uploads\/2018\/02\/1-2-300x200.jpg 300w, https:\/\/germanstreetphotography.com\/wp-content\/uploads\/2018\/02\/1-2-768x512.jpg 768w, https:\/\/germanstreetphotography.com\/wp-content\/uploads\/2018\/02\/1-2-1024x683.jpg 1024w\" sizes=\"(max-width: 2000px) 100vw, 2000px\" \/><\/p>\n<p><img decoding=\"async\" loading=\"lazy\" class=\"size-full wp-image-1152 aligncenter\" src=\"https:\/\/germanstreetphotography.com\/wp-content\/uploads\/2018\/02\/2.jpg\" alt=\"\" width=\"2000\" height=\"1333\" srcset=\"https:\/\/germanstreetphotography.com\/wp-content\/uploads\/2018\/02\/2.jpg 2000w, https:\/\/germanstreetphotography.com\/wp-content\/uploads\/2018\/02\/2-300x200.jpg 300w, https:\/\/germanstreetphotography.com\/wp-content\/uploads\/2018\/02\/2-768x512.jpg 768w, https:\/\/germanstreetphotography.com\/wp-content\/uploads\/2018\/02\/2-1024x682.jpg 1024w\" sizes=\"(max-width: 2000px) 100vw, 2000px\" \/><\/p>\n<p><img decoding=\"async\" loading=\"lazy\" class=\"size-full wp-image-1153\" src=\"https:\/\/germanstreetphotography.com\/wp-content\/uploads\/2018\/02\/3.jpg\" alt=\"\" width=\"1999\" height=\"1336\" srcset=\"https:\/\/germanstreetphotography.com\/wp-content\/uploads\/2018\/02\/3.jpg 1999w, https:\/\/germanstreetphotography.com\/wp-content\/uploads\/2018\/02\/3-300x201.jpg 300w, https:\/\/germanstreetphotography.com\/wp-content\/uploads\/2018\/02\/3-768x513.jpg 768w, https:\/\/germanstreetphotography.com\/wp-content\/uploads\/2018\/02\/3-1024x684.jpg 1024w\" sizes=\"(max-width: 1999px) 100vw, 1999px\" \/><\/p>\n<p><img decoding=\"async\" loading=\"lazy\" class=\"size-full wp-image-1154\" src=\"https:\/\/germanstreetphotography.com\/wp-content\/uploads\/2018\/02\/6.jpg\" alt=\"\" width=\"2000\" height=\"1322\" srcset=\"https:\/\/germanstreetphotography.com\/wp-content\/uploads\/2018\/02\/6.jpg 2000w, https:\/\/germanstreetphotography.com\/wp-content\/uploads\/2018\/02\/6-300x198.jpg 300w, https:\/\/germanstreetphotography.com\/wp-content\/uploads\/2018\/02\/6-768x508.jpg 768w, https:\/\/germanstreetphotography.com\/wp-content\/uploads\/2018\/02\/6-1024x677.jpg 1024w\" sizes=\"(max-width: 2000px) 100vw, 2000px\" \/><\/p>\n<p><img decoding=\"async\" loading=\"lazy\" class=\"size-full wp-image-1155\" src=\"https:\/\/germanstreetphotography.com\/wp-content\/uploads\/2018\/02\/7.jpg\" alt=\"\" width=\"2000\" height=\"1333\" srcset=\"https:\/\/germanstreetphotography.com\/wp-content\/uploads\/2018\/02\/7.jpg 2000w, https:\/\/germanstreetphotography.com\/wp-content\/uploads\/2018\/02\/7-300x200.jpg 300w, https:\/\/germanstreetphotography.com\/wp-content\/uploads\/2018\/02\/7-768x512.jpg 768w, https:\/\/germanstreetphotography.com\/wp-content\/uploads\/2018\/02\/7-1024x682.jpg 1024w\" sizes=\"(max-width: 2000px) 100vw, 2000px\" \/><\/p>\n<p><img decoding=\"async\" loading=\"lazy\" class=\"size-full wp-image-1156 aligncenter\" src=\"https:\/\/germanstreetphotography.com\/wp-content\/uploads\/2018\/02\/8.jpg\" alt=\"\" width=\"2000\" height=\"1600\" srcset=\"https:\/\/germanstreetphotography.com\/wp-content\/uploads\/2018\/02\/8.jpg 2000w, https:\/\/germanstreetphotography.com\/wp-content\/uploads\/2018\/02\/8-300x240.jpg 300w, https:\/\/germanstreetphotography.com\/wp-content\/uploads\/2018\/02\/8-768x614.jpg 768w, https:\/\/germanstreetphotography.com\/wp-content\/uploads\/2018\/02\/8-1024x819.jpg 1024w\" sizes=\"(max-width: 2000px) 100vw, 2000px\" \/><\/p>\n<p><img decoding=\"async\" loading=\"lazy\" class=\"size-full wp-image-1157\" src=\"https:\/\/germanstreetphotography.com\/wp-content\/uploads\/2018\/02\/10.jpg\" alt=\"\" width=\"2000\" height=\"1336\" srcset=\"https:\/\/germanstreetphotography.com\/wp-content\/uploads\/2018\/02\/10.jpg 2000w, https:\/\/germanstreetphotography.com\/wp-content\/uploads\/2018\/02\/10-300x200.jpg 300w, https:\/\/germanstreetphotography.com\/wp-content\/uploads\/2018\/02\/10-768x513.jpg 768w, https:\/\/germanstreetphotography.com\/wp-content\/uploads\/2018\/02\/10-1024x684.jpg 1024w\" sizes=\"(max-width: 2000px) 100vw, 2000px\" \/><\/p>\n<p><img decoding=\"async\" loading=\"lazy\" class=\"size-full wp-image-1158\" src=\"https:\/\/germanstreetphotography.com\/wp-content\/uploads\/2018\/02\/11.jpg\" alt=\"\" width=\"2000\" height=\"1336\" srcset=\"https:\/\/germanstreetphotography.com\/wp-content\/uploads\/2018\/02\/11.jpg 2000w, https:\/\/germanstreetphotography.com\/wp-content\/uploads\/2018\/02\/11-300x200.jpg 300w, https:\/\/germanstreetphotography.com\/wp-content\/uploads\/2018\/02\/11-768x513.jpg 768w, https:\/\/germanstreetphotography.com\/wp-content\/uploads\/2018\/02\/11-1024x684.jpg 1024w\" sizes=\"(max-width: 2000px) 100vw, 2000px\" \/><\/p>\n<p><img decoding=\"async\" loading=\"lazy\" class=\"size-full wp-image-1159\" src=\"https:\/\/germanstreetphotography.com\/wp-content\/uploads\/2018\/02\/File-21.11.17-20-52-48.jpg\" alt=\"\" width=\"2000\" height=\"1334\" srcset=\"https:\/\/germanstreetphotography.com\/wp-content\/uploads\/2018\/02\/File-21.11.17-20-52-48.jpg 2000w, https:\/\/germanstreetphotography.com\/wp-content\/uploads\/2018\/02\/File-21.11.17-20-52-48-300x200.jpg 300w, https:\/\/germanstreetphotography.com\/wp-content\/uploads\/2018\/02\/File-21.11.17-20-52-48-768x512.jpg 768w, https:\/\/germanstreetphotography.com\/wp-content\/uploads\/2018\/02\/File-21.11.17-20-52-48-1024x683.jpg 1024w\" sizes=\"(max-width: 2000px) 100vw, 2000px\" \/><\/p>\n","protected":false},"excerpt":{"rendered":"<p>Efi Longinou Ich bin von Beruf Schauspielerin und lebe aktuell in Berlin. Alles begann vor vier Jahren, dort wo ich herkomme, in Griechenland. Ich habe Fotografie als k\u00fcnstlerisches Ausdrucksmittel f\u00fcr mich entdeckt und seitdem ist es meine neue Leidenschaft. Zu fotografieren gibt mir die M\u00f6glichkeit meiner Neugier, die ich f\u00fcr Menschen habe, mit der gleichen &#8230; <a title=\"Efi Longinou\" class=\"read-more\" href=\"https:\/\/germanstreetphotography.com\/de\/efi-logginou\/\" aria-label=\"Mehr Informationen \u00fcber Efi Longinou\">Weiterlesen &#8230;<\/a><\/p>\n","protected":false},"author":5,"featured_media":1159,"parent":0,"menu_order":0,"comment_status":"closed","ping_status":"closed","template":"","meta":{"generate_page_header":""},"yoast_head":"<!-- This site is optimized with the Yoast SEO plugin v21.1 - https:\/\/yoast.com\/wordpress\/plugins\/seo\/ -->\n<title>Efi Longinou &bull; Die deutsche Streetfotografie Seite<\/title>\n<meta name=\"description\" content=\"Ich bin von Beruf Schauspielerin und lebe aktuell in Berlin. Alles begann vor vier Jahren, dort wo ich herkomme, in Griechenland. Ich habe Fotografie als k\u00fcnstlerisches Ausdrucksmittel f\u00fcr mich entdeckt und seitdem ist es meine neue Leidenschaft.\" \/>\n<meta name=\"robots\" content=\"index, follow, max-snippet:-1, max-image-preview:large, max-video-preview:-1\" \/>\n<link rel=\"canonical\" href=\"https:\/\/germanstreetphotography.com\/de\/efi-logginou\/\" \/>\n<meta property=\"og:locale\" content=\"de_DE\" \/>\n<meta property=\"og:type\" content=\"article\" \/>\n<meta property=\"og:title\" content=\"Efi Longinou &bull; Die deutsche Streetfotografie Seite\" \/>\n<meta property=\"og:description\" content=\"Ich bin von Beruf Schauspielerin und lebe aktuell in Berlin. Alles begann vor vier Jahren, dort wo ich herkomme, in Griechenland. Ich habe Fotografie als k\u00fcnstlerisches Ausdrucksmittel f\u00fcr mich entdeckt und seitdem ist es meine neue Leidenschaft.\" \/>\n<meta property=\"og:url\" content=\"https:\/\/germanstreetphotography.com\/de\/efi-logginou\/\" \/>\n<meta property=\"og:site_name\" content=\"Die deutsche Streetfotografie Seite\" \/>\n<meta property=\"article:modified_time\" content=\"2019-03-26T10:02:54+00:00\" \/>\n<meta property=\"og:image\" content=\"https:\/\/germanstreetphotography.com\/wp-content\/uploads\/2018\/02\/File-21.11.17-20-52-48.jpg\" \/>\n\t<meta property=\"og:image:width\" content=\"2000\" \/>\n\t<meta property=\"og:image:height\" content=\"1334\" \/>\n\t<meta property=\"og:image:type\" content=\"image\/jpeg\" \/>\n<meta name=\"twitter:card\" content=\"summary_large_image\" \/>\n<meta name=\"twitter:label1\" content=\"Gesch\u00e4tzte Lesezeit\" \/>\n\t<meta name=\"twitter:data1\" content=\"1\u00a0Minute\" \/>\n<script type=\"application\/ld+json\" class=\"yoast-schema-graph\">{\"@context\":\"https:\/\/schema.org\",\"@graph\":[{\"@type\":\"WebPage\",\"@id\":\"https:\/\/germanstreetphotography.com\/de\/efi-logginou\/\",\"url\":\"https:\/\/germanstreetphotography.com\/de\/efi-logginou\/\",\"name\":\"Efi Longinou &bull; Die deutsche Streetfotografie Seite\",\"isPartOf\":{\"@id\":\"https:\/\/germanstreetphotography.com\/#website\"},\"datePublished\":\"2018-02-27T07:37:33+00:00\",\"dateModified\":\"2019-03-26T10:02:54+00:00\",\"description\":\"Ich bin von Beruf Schauspielerin und lebe aktuell in Berlin. Alles begann vor vier Jahren, dort wo ich herkomme, in Griechenland. Ich habe Fotografie als k\u00fcnstlerisches Ausdrucksmittel f\u00fcr mich entdeckt und seitdem ist es meine neue Leidenschaft.\",\"breadcrumb\":{\"@id\":\"https:\/\/germanstreetphotography.com\/de\/efi-logginou\/#breadcrumb\"},\"inLanguage\":\"de\",\"potentialAction\":[{\"@type\":\"ReadAction\",\"target\":[\"https:\/\/germanstreetphotography.com\/de\/efi-logginou\/\"]}]},{\"@type\":\"BreadcrumbList\",\"@id\":\"https:\/\/germanstreetphotography.com\/de\/efi-logginou\/#breadcrumb\",\"itemListElement\":[{\"@type\":\"ListItem\",\"position\":1,\"name\":\"Home\",\"item\":\"https:\/\/germanstreetphotography.com\/de\/\"},{\"@type\":\"ListItem\",\"position\":2,\"name\":\"Efi Longinou\"}]},{\"@type\":\"WebSite\",\"@id\":\"https:\/\/germanstreetphotography.com\/#website\",\"url\":\"https:\/\/germanstreetphotography.com\/\",\"name\":\"Die deutsche Streetfotografie Seite\",\"description\":\"\",\"publisher\":{\"@id\":\"https:\/\/germanstreetphotography.com\/#organization\"},\"potentialAction\":[{\"@type\":\"SearchAction\",\"target\":{\"@type\":\"EntryPoint\",\"urlTemplate\":\"https:\/\/germanstreetphotography.com\/?s={search_term_string}\"},\"query-input\":\"required name=search_term_string\"}],\"inLanguage\":\"de\"},{\"@type\":\"Organization\",\"@id\":\"https:\/\/germanstreetphotography.com\/#organization\",\"name\":\"The German Street Photography Site\",\"url\":\"https:\/\/germanstreetphotography.com\/\",\"logo\":{\"@type\":\"ImageObject\",\"inLanguage\":\"de\",\"@id\":\"https:\/\/germanstreetphotography.com\/#\/schema\/logo\/image\/\",\"url\":\"https:\/\/germanstreetphotography.com\/wp-content\/uploads\/2019\/04\/gspf_logo_rz_kreis.png\",\"contentUrl\":\"https:\/\/germanstreetphotography.com\/wp-content\/uploads\/2019\/04\/gspf_logo_rz_kreis.png\",\"width\":600,\"height\":600,\"caption\":\"The German Street Photography Site\"},\"image\":{\"@id\":\"https:\/\/germanstreetphotography.com\/#\/schema\/logo\/image\/\"}}]}<\/script>\n<!-- \/ Yoast SEO plugin. -->","yoast_head_json":{"title":"Efi Longinou &bull; Die deutsche Streetfotografie Seite","description":"Ich bin von Beruf Schauspielerin und lebe aktuell in Berlin. Alles begann vor vier Jahren, dort wo ich herkomme, in Griechenland. Ich habe Fotografie als k\u00fcnstlerisches Ausdrucksmittel f\u00fcr mich entdeckt und seitdem ist es meine neue Leidenschaft.","robots":{"index":"index","follow":"follow","max-snippet":"max-snippet:-1","max-image-preview":"max-image-preview:large","max-video-preview":"max-video-preview:-1"},"canonical":"https:\/\/germanstreetphotography.com\/de\/efi-logginou\/","og_locale":"de_DE","og_type":"article","og_title":"Efi Longinou &bull; Die deutsche Streetfotografie Seite","og_description":"Ich bin von Beruf Schauspielerin und lebe aktuell in Berlin. Alles begann vor vier Jahren, dort wo ich herkomme, in Griechenland. Ich habe Fotografie als k\u00fcnstlerisches Ausdrucksmittel f\u00fcr mich entdeckt und seitdem ist es meine neue Leidenschaft.","og_url":"https:\/\/germanstreetphotography.com\/de\/efi-logginou\/","og_site_name":"Die deutsche Streetfotografie Seite","article_modified_time":"2019-03-26T10:02:54+00:00","og_image":[{"width":2000,"height":1334,"url":"https:\/\/germanstreetphotography.com\/wp-content\/uploads\/2018\/02\/File-21.11.17-20-52-48.jpg","type":"image\/jpeg"}],"twitter_card":"summary_large_image","twitter_misc":{"Gesch\u00e4tzte Lesezeit":"1\u00a0Minute"},"schema":{"@context":"https:\/\/schema.org","@graph":[{"@type":"WebPage","@id":"https:\/\/germanstreetphotography.com\/de\/efi-logginou\/","url":"https:\/\/germanstreetphotography.com\/de\/efi-logginou\/","name":"Efi Longinou &bull; Die deutsche Streetfotografie Seite","isPartOf":{"@id":"https:\/\/germanstreetphotography.com\/#website"},"datePublished":"2018-02-27T07:37:33+00:00","dateModified":"2019-03-26T10:02:54+00:00","description":"Ich bin von Beruf Schauspielerin und lebe aktuell in Berlin. Alles begann vor vier Jahren, dort wo ich herkomme, in Griechenland. Ich habe Fotografie als k\u00fcnstlerisches Ausdrucksmittel f\u00fcr mich entdeckt und seitdem ist es meine neue Leidenschaft.","breadcrumb":{"@id":"https:\/\/germanstreetphotography.com\/de\/efi-logginou\/#breadcrumb"},"inLanguage":"de","potentialAction":[{"@type":"ReadAction","target":["https:\/\/germanstreetphotography.com\/de\/efi-logginou\/"]}]},{"@type":"BreadcrumbList","@id":"https:\/\/germanstreetphotography.com\/de\/efi-logginou\/#breadcrumb","itemListElement":[{"@type":"ListItem","position":1,"name":"Home","item":"https:\/\/germanstreetphotography.com\/de\/"},{"@type":"ListItem","position":2,"name":"Efi Longinou"}]},{"@type":"WebSite","@id":"https:\/\/germanstreetphotography.com\/#website","url":"https:\/\/germanstreetphotography.com\/","name":"Die deutsche Streetfotografie Seite","description":"","publisher":{"@id":"https:\/\/germanstreetphotography.com\/#organization"},"potentialAction":[{"@type":"SearchAction","target":{"@type":"EntryPoint","urlTemplate":"https:\/\/germanstreetphotography.com\/?s={search_term_string}"},"query-input":"required name=search_term_string"}],"inLanguage":"de"},{"@type":"Organization","@id":"https:\/\/germanstreetphotography.com\/#organization","name":"The German Street Photography Site","url":"https:\/\/germanstreetphotography.com\/","logo":{"@type":"ImageObject","inLanguage":"de","@id":"https:\/\/germanstreetphotography.com\/#\/schema\/logo\/image\/","url":"https:\/\/germanstreetphotography.com\/wp-content\/uploads\/2019\/04\/gspf_logo_rz_kreis.png","contentUrl":"https:\/\/germanstreetphotography.com\/wp-content\/uploads\/2019\/04\/gspf_logo_rz_kreis.png","width":600,"height":600,"caption":"The German Street Photography Site"},"image":{"@id":"https:\/\/germanstreetphotography.com\/#\/schema\/logo\/image\/"}}]}},"_links":{"self":[{"href":"https:\/\/germanstreetphotography.com\/de\/wp-json\/wp\/v2\/pages\/1162"}],"collection":[{"href":"https:\/\/germanstreetphotography.com\/de\/wp-json\/wp\/v2\/pages"}],"about":[{"href":"https:\/\/germanstreetphotography.com\/de\/wp-json\/wp\/v2\/types\/page"}],"author":[{"embeddable":true,"href":"https:\/\/germanstreetphotography.com\/de\/wp-json\/wp\/v2\/users\/5"}],"replies":[{"embeddable":true,"href":"https:\/\/germanstreetphotography.com\/de\/wp-json\/wp\/v2\/comments?post=1162"}],"version-history":[{"count":8,"href":"https:\/\/germanstreetphotography.com\/de\/wp-json\/wp\/v2\/pages\/1162\/revisions"}],"predecessor-version":[{"id":2068,"href":"https:\/\/germanstreetphotography.com\/de\/wp-json\/wp\/v2\/pages\/1162\/revisions\/2068"}],"wp:featuredmedia":[{"embeddable":true,"href":"https:\/\/germanstreetphotography.com\/de\/wp-json\/wp\/v2\/media\/1159"}],"wp:attachment":[{"href":"https:\/\/germanstreetphotography.com\/de\/wp-json\/wp\/v2\/media?parent=1162"}],"curies":[{"name":"wp","href":"https:\/\/api.w.org\/{rel}","templated":true}]}}