{"id":1101,"date":"2018-01-25T08:51:45","date_gmt":"2018-01-25T07:51:45","guid":{"rendered":"https:\/\/germanstreetphotography.com\/michael-monty-may\/"},"modified":"2018-02-20T23:09:59","modified_gmt":"2018-02-20T22:09:59","slug":"michael-monty-may","status":"publish","type":"page","link":"https:\/\/germanstreetphotography.com\/de\/michael-monty-may\/","title":{"rendered":"Michael &#8222;Monty&#8220; May"},"content":{"rendered":"<h1>Michael &#8222;Monty&#8220; May<\/h1>\n<p><img decoding=\"async\" loading=\"lazy\" class=\"alignnone size-full wp-image-658\" src=\"https:\/\/germanstreetphotography.com\/wp-content\/uploads\/2018\/01\/Monty_profile.jpg\" alt=\"\" width=\"700\" height=\"700\" srcset=\"https:\/\/germanstreetphotography.com\/wp-content\/uploads\/2018\/01\/Monty_profile.jpg 700w, https:\/\/germanstreetphotography.com\/wp-content\/uploads\/2018\/01\/Monty_profile-150x150.jpg 150w, https:\/\/germanstreetphotography.com\/wp-content\/uploads\/2018\/01\/Monty_profile-300x300.jpg 300w\" sizes=\"(max-width: 700px) 100vw, 700px\" \/><br \/>\nMichael May arbeitet seit mehr als 26 Jahren als festangestellter Fotograf bei einer Zeitung. Er ist Gr\u00fcndungsmitglied des renommierten und popul\u00e4ren Observe Collective, ein internationale Fotografenkollektiv, dass sich prim\u00e4r auf ungestellte Strassenfotografie konzentriert.<\/p>\n<p>Michael (oder Monty, wie ihn seine Freunde nennen) ist Organisator des <a href=\"http:\/\/observations2017.de\/\">Street Photography Festivals Observations<\/a>, welches zuletzt 2017 stattfand.<\/p>\n<p>Als Fotojournalist ist Michael kein reinrassiger Strassenfotograf, sondern ein Wanderer zwischen den Welten Fotojournalismus und Strassenfotografie. Sein Credo lautet: \u201cMich interessieren weder Regeln noch Konventionen. Street Photography ist auch immer dokumentarisch, da sie die soziale Umwelt beobachtet. Andererseits ist dokumentarische Fotografie nicht immer Strassenfotografie.<\/p>\n<p>Fotografie ist kein Sport \u2013 es ist reiner Spa\u00df \u2026und gelegentlich auch ein wenig Kunst.<\/p>\n<h2><div  class=\"lgc-column lgc-grid-parent lgc-grid-33 lgc-tablet-grid-33 lgc-mobile-grid-100 lgc-equal-heights \"><div  class=\"inside-grid-column\"><a href=\"https:\/\/www.flickr.com\/photos\/monty1958\/\"><i class=\"fa fa-flickr\" aria-hidden=\"true\"><\/i> Flickr<\/a><\/div><\/div><\/h2>\n<h2><div  class=\"lgc-column lgc-grid-parent lgc-grid-33 lgc-tablet-grid-33 lgc-mobile-grid-100 lgc-equal-heights \"><div  class=\"inside-grid-column\"><a href=\"https:\/\/www.instagram.com\/montymay\/\"><i class=\"fa fa-instagram\" aria-hidden=\"true\"><\/i> Instagram &#8211; Michael<\/a><\/div><\/div><\/h2>\n<h2><div  class=\"lgc-column lgc-grid-parent lgc-grid-33 lgc-tablet-grid-33 lgc-mobile-grid-100 lgc-equal-heights \"><div  class=\"inside-grid-column\"><a href=\"https:\/\/www.instagram.com\/observecollective\/\"><i class=\"fa fa-instagram\" aria-hidden=\"true\"><\/i> Instagram &#8211; Observe Collective<\/a><\/div><\/div><div class=\"lgc-clear\"><\/div><\/h2>\n<h2>Einzelausstellungen<\/h2>\n<p><i class=\"fa fa-circle\" aria-hidden=\"true\"><\/i> <strong>2010<\/strong> \u201eErfolgreich Angekommen\u201c &#8211; SPK Galerie, <strong>Iserlohn\/Germany<\/strong><br \/>\n<i class=\"fa fa-circle\" aria-hidden=\"true\"><\/i> <strong>2009 <\/strong>\u201eJours de f\u00eates\u201c &#8211; St\u00e4dtische Galerie, <strong>Iserlohn\/Germany<\/strong><br \/>\n<i class=\"fa fa-circle\" aria-hidden=\"true\"><\/i> <strong>2003 <\/strong>\u201eMenschen und Hunde im Duloh\u201c Galerie Haus A Barendorf,\u00a0<strong>Iserlohn\/Germany<\/strong><\/p>\n<h2>Gruppenausstellungen<\/h2>\n<p><i class=\"fa fa-circle\" aria-hidden=\"true\"><\/i> <strong>2017 <\/strong>\u201eVia! \u2013 Stra\u00dfenfotografie von Hamburg bis Palermo\u201c \u2013 Palazzo dei Leoni, <strong>Messina\/Italy<\/strong><br \/>\n<i class=\"fa fa-circle\" aria-hidden=\"true\"><\/i> <strong>2017 <\/strong>\u201eVia! \u2013 Stra\u00dfenfotografie von Hamburg bis Palermo\u201c \u2013 Pasinger Fabrik,<strong> Munich\/Germany<\/strong><br \/>\n<i class=\"fa fa-circle\" aria-hidden=\"true\"><\/i> <strong>2017 <\/strong>\u201eHome\u201c &#8211; Ausstellung mit dem Observe Collective \u2013 Galerie Haus A Barendorf,\u00a0<strong>Iserlohn\/Germany<\/strong><br \/>\n<i class=\"fa fa-circle\" aria-hidden=\"true\"><\/i> <strong>2017<\/strong> \u201eVia! \u2013 Stra\u00dfenfotografie von Hamburg bis Palermo\u201c \u2013 St\u00e4dtische Galerie, <strong>Iserlohn\/Germany<\/strong><br \/>\n<i class=\"fa fa-circle\" aria-hidden=\"true\"><\/i> <strong>2017 <\/strong>\u201eVia! \u2013 Stra\u00dfenfotografie von Hamburg bis Palermo\u201c \u2013 Istituto Italiano di Cultura Amburgo, <strong>Hamburg\/Germany<\/strong><br \/>\n<i class=\"fa fa-circle\" aria-hidden=\"true\"><\/i> <strong>2016 <\/strong>\u201eVia! \u2013 Stra\u00dfenfotografie von Hamburg bis Palermo\u201c <strong>\u2013 <\/strong>Istituto di Cultura Germanica,<strong> Bologna\/Italy<\/strong><br \/>\n<i class=\"fa fa-circle\" aria-hidden=\"true\"><\/i> <strong>2016 <\/strong>\u201eVia! \u2013 Stra\u00dfenfotografie von Hamburg bis Palermo\u201c \u2013 Torre del Brandale, <strong>Savona\/Italy<\/strong><br \/>\n<i class=\"fa fa-circle\" aria-hidden=\"true\"><\/i> <strong>2016 <\/strong>\u201eVia! \u2013 Stra\u00dfenfotografie von Hamburg bis Palermo\u201c \u2013 Capella Scafurno, <strong>Livorno\/Italy<\/strong><br \/>\n<i class=\"fa fa-circle\" aria-hidden=\"true\"><\/i> <strong>2016 <\/strong>\u201eVia! \u2013 Stra\u00dfenfotografie von Hamburg bis Palermo\u201c \u2013 Castello San Giorgio<strong>, La Spezia\/Italy<\/strong><br \/>\n<i class=\"fa fa-circle\" aria-hidden=\"true\"><\/i> <strong>2016 <\/strong>\u201eVia! \u2013 Stra\u00dfenfotografie von Hamburg bis Palermo\u201c \u2013 Palazzo Albrizzi, <strong>Venice\/Italy<\/strong><br \/>\n<i class=\"fa fa-circle\" aria-hidden=\"true\"><\/i> <strong>2016<\/strong> \u201eVia! \u2013 Stra\u00dfenfotografie von Hamburg bis Palermo\u201c \u2013 Goethe-Zentrum, <strong>Palermo\/Italy<\/strong><br \/>\n<i class=\"fa fa-circle\" aria-hidden=\"true\"><\/i> <strong>2016<\/strong> \u201eVia! \u2013 Stra\u00dfenfotografie von Hamburg bis Palermo\u201c \u2013 Museo di Roma in Trastevere,<strong> Rome\/Italy<\/strong><br \/>\n<i class=\"fa fa-circle\" aria-hidden=\"true\"><\/i> <strong>2015<\/strong> \u201eObserve Collective Exhibition\u201c &#8211; St\u00e4dtische Galerie, <strong>Iserlohn\/Germany<\/strong><br \/>\n<i class=\"fa fa-circle\" aria-hidden=\"true\"><\/i> <strong>2014<\/strong> Slideshow mit dem Observe Collective beim Miami Street Photography Festival (BSPF) \u2013 <strong>Miami\/USA<\/strong><br \/>\n<i class=\"fa fa-circle\" aria-hidden=\"true\"><\/i> <strong>2005 <\/strong>\u201eWeder Fisch noch Stein\u201c &#8211; SPK Galerie, <strong>Iserlohn\/Germany<\/strong><br \/>\n<i class=\"fa fa-circle\" aria-hidden=\"true\"><\/i> <strong>2003<\/strong> \u201eOrte und Pl\u00e4tze in Iserlohn\u201c Vier Ausstellungen in vier Galerien\u00a0<strong>Iserlohn\/Germany<\/strong><br \/>\n<i class=\"fa fa-circle\" aria-hidden=\"true\"><\/i> <strong>2000 <\/strong>\u201eTanzmomente\u201c &#8211; Galerie Parktheater, <strong>Iserlohn\/Germany<\/strong><\/p>\n<h2>Auszeichnungen<\/h2>\n<p><i class=\"fa fa-square\" aria-hidden=\"true\"><\/i> <strong>2017<\/strong> Finalist Brussels Street Photography Festival &#8211; Galerie Ravenstein, <strong>Brussels\/Belgium<\/strong><br \/>\n<i class=\"fa fa-square\" aria-hidden=\"true\"><\/i> <strong>2015<\/strong> Finalist \u201ePhoto Bangkok Festival 2015\u201c &#8211; <strong>Bangkok\/Thailand<\/strong><br \/>\n<i class=\"fa fa-square\" aria-hidden=\"true\"><\/i> <strong>2012<\/strong> Winner of \u201eStranger After Dark\u201c contest by Thames and Hudson, <strong>London\/UK<\/strong><\/p>\n<h2>Mitgliedschaft<\/h2>\n<p><i class=\"fa fa-square\" aria-hidden=\"true\"><\/i> Gr\u00fcndungsmitglied des\u00a0\u00a0<a href=\"http:\/\/www.observecollective.com\/\">Observe Collective<\/a><br \/>\n<i class=\"fa fa-square\" aria-hidden=\"true\"><\/i> Bericht \u00fcber das Observe Collective vom\u00a0<a href=\"https:\/\/www.stern.de\/fotografie\/street-photography--bordsteinwelten-6421426.html#mg-1_1482963108330\">Stern<\/a><br \/>\n<i class=\"fa fa-square\" aria-hidden=\"true\"><\/i> Observe Collective auf\u00a0<a href=\"https:\/\/en.wikipedia.org\/wiki\/Observe_collective\">Wikipedia<\/a><\/p>\n<h2>Portfolio<\/h2>\n<p><img decoding=\"async\" loading=\"lazy\" class=\"size-full wp-image-659 aligncenter\" src=\"https:\/\/germanstreetphotography.com\/wp-content\/uploads\/2018\/01\/MM_01.jpg\" alt=\"\" width=\"2000\" height=\"1328\" srcset=\"https:\/\/germanstreetphotography.com\/wp-content\/uploads\/2018\/01\/MM_01.jpg 2000w, https:\/\/germanstreetphotography.com\/wp-content\/uploads\/2018\/01\/MM_01-300x199.jpg 300w, https:\/\/germanstreetphotography.com\/wp-content\/uploads\/2018\/01\/MM_01-768x510.jpg 768w, https:\/\/germanstreetphotography.com\/wp-content\/uploads\/2018\/01\/MM_01-1024x680.jpg 1024w\" sizes=\"(max-width: 2000px) 100vw, 2000px\" \/><\/p>\n<p><img decoding=\"async\" loading=\"lazy\" class=\"size-full wp-image-660 aligncenter\" src=\"https:\/\/germanstreetphotography.com\/wp-content\/uploads\/2018\/01\/MM_02.jpg\" alt=\"\" width=\"2000\" height=\"1333\" srcset=\"https:\/\/germanstreetphotography.com\/wp-content\/uploads\/2018\/01\/MM_02.jpg 2000w, https:\/\/germanstreetphotography.com\/wp-content\/uploads\/2018\/01\/MM_02-300x200.jpg 300w, https:\/\/germanstreetphotography.com\/wp-content\/uploads\/2018\/01\/MM_02-768x512.jpg 768w, https:\/\/germanstreetphotography.com\/wp-content\/uploads\/2018\/01\/MM_02-1024x682.jpg 1024w\" sizes=\"(max-width: 2000px) 100vw, 2000px\" \/><\/p>\n<p><img decoding=\"async\" loading=\"lazy\" class=\"size-full wp-image-661 aligncenter\" src=\"https:\/\/germanstreetphotography.com\/wp-content\/uploads\/2018\/01\/MM_03.jpg\" alt=\"\" width=\"2000\" height=\"1328\" srcset=\"https:\/\/germanstreetphotography.com\/wp-content\/uploads\/2018\/01\/MM_03.jpg 2000w, https:\/\/germanstreetphotography.com\/wp-content\/uploads\/2018\/01\/MM_03-300x199.jpg 300w, https:\/\/germanstreetphotography.com\/wp-content\/uploads\/2018\/01\/MM_03-768x510.jpg 768w, https:\/\/germanstreetphotography.com\/wp-content\/uploads\/2018\/01\/MM_03-1024x680.jpg 1024w\" sizes=\"(max-width: 2000px) 100vw, 2000px\" \/><\/p>\n<p><img decoding=\"async\" loading=\"lazy\" class=\"size-full wp-image-662 aligncenter\" src=\"https:\/\/germanstreetphotography.com\/wp-content\/uploads\/2018\/01\/MM_04.jpg\" alt=\"\" width=\"2000\" height=\"1333\" srcset=\"https:\/\/germanstreetphotography.com\/wp-content\/uploads\/2018\/01\/MM_04.jpg 2000w, https:\/\/germanstreetphotography.com\/wp-content\/uploads\/2018\/01\/MM_04-300x200.jpg 300w, https:\/\/germanstreetphotography.com\/wp-content\/uploads\/2018\/01\/MM_04-768x512.jpg 768w, https:\/\/germanstreetphotography.com\/wp-content\/uploads\/2018\/01\/MM_04-1024x682.jpg 1024w\" sizes=\"(max-width: 2000px) 100vw, 2000px\" \/><\/p>\n<p><img decoding=\"async\" loading=\"lazy\" class=\"size-full wp-image-663 aligncenter\" src=\"https:\/\/germanstreetphotography.com\/wp-content\/uploads\/2018\/01\/MM_05.jpg\" alt=\"\" width=\"2000\" height=\"1331\" srcset=\"https:\/\/germanstreetphotography.com\/wp-content\/uploads\/2018\/01\/MM_05.jpg 2000w, https:\/\/germanstreetphotography.com\/wp-content\/uploads\/2018\/01\/MM_05-300x200.jpg 300w, https:\/\/germanstreetphotography.com\/wp-content\/uploads\/2018\/01\/MM_05-768x511.jpg 768w, https:\/\/germanstreetphotography.com\/wp-content\/uploads\/2018\/01\/MM_05-1024x681.jpg 1024w\" sizes=\"(max-width: 2000px) 100vw, 2000px\" \/><\/p>\n<p><img decoding=\"async\" loading=\"lazy\" class=\"size-full wp-image-664 aligncenter\" src=\"https:\/\/germanstreetphotography.com\/wp-content\/uploads\/2018\/01\/MM_06.jpg\" alt=\"\" width=\"2000\" height=\"1333\" srcset=\"https:\/\/germanstreetphotography.com\/wp-content\/uploads\/2018\/01\/MM_06.jpg 2000w, https:\/\/germanstreetphotography.com\/wp-content\/uploads\/2018\/01\/MM_06-300x200.jpg 300w, https:\/\/germanstreetphotography.com\/wp-content\/uploads\/2018\/01\/MM_06-768x512.jpg 768w, https:\/\/germanstreetphotography.com\/wp-content\/uploads\/2018\/01\/MM_06-1024x682.jpg 1024w\" sizes=\"(max-width: 2000px) 100vw, 2000px\" \/><\/p>\n<p><img decoding=\"async\" loading=\"lazy\" class=\"size-full wp-image-665 aligncenter\" src=\"https:\/\/germanstreetphotography.com\/wp-content\/uploads\/2018\/01\/MM_07.jpg\" alt=\"\" width=\"2000\" height=\"1333\" srcset=\"https:\/\/germanstreetphotography.com\/wp-content\/uploads\/2018\/01\/MM_07.jpg 2000w, https:\/\/germanstreetphotography.com\/wp-content\/uploads\/2018\/01\/MM_07-300x200.jpg 300w, https:\/\/germanstreetphotography.com\/wp-content\/uploads\/2018\/01\/MM_07-768x512.jpg 768w, https:\/\/germanstreetphotography.com\/wp-content\/uploads\/2018\/01\/MM_07-1024x682.jpg 1024w\" sizes=\"(max-width: 2000px) 100vw, 2000px\" \/><\/p>\n","protected":false},"excerpt":{"rendered":"<p>Michael &#8222;Monty&#8220; May Michael May arbeitet seit mehr als 26 Jahren als festangestellter Fotograf bei einer Zeitung. Er ist Gr\u00fcndungsmitglied des renommierten und popul\u00e4ren Observe Collective, ein internationale Fotografenkollektiv, dass sich prim\u00e4r auf ungestellte Strassenfotografie konzentriert. Michael (oder Monty, wie ihn seine Freunde nennen) ist Organisator des Street Photography Festivals Observations, welches zuletzt 2017 stattfand. &#8230; <a title=\"Michael &#8222;Monty&#8220; May\" class=\"read-more\" href=\"https:\/\/germanstreetphotography.com\/de\/michael-monty-may\/\" aria-label=\"Mehr Informationen \u00fcber Michael &#8222;Monty&#8220; May\">Weiterlesen &#8230;<\/a><\/p>\n","protected":false},"author":5,"featured_media":661,"parent":0,"menu_order":0,"comment_status":"closed","ping_status":"closed","template":"","meta":{"generate_page_header":""},"yoast_head":"<!-- This site is optimized with the Yoast SEO plugin v21.1 - https:\/\/yoast.com\/wordpress\/plugins\/seo\/ -->\n<title>Michael &quot;Monty&quot; May &bull; Die deutsche Streetfotografie Seite<\/title>\n<meta name=\"description\" content=\"Michael May arbeitet seit mehr als 26 Jahren als festangestellter Fotograf bei einer Zeitung. Er ist Gr\u00fcndungsmitglied des renommierten und popul\u00e4ren Observe Collective, ein internationale Fotografenkollektiv, dass sich prim\u00e4r auf ungestellte Strassenfotografie konzentriert.\" \/>\n<meta name=\"robots\" content=\"index, follow, max-snippet:-1, max-image-preview:large, max-video-preview:-1\" \/>\n<link rel=\"canonical\" href=\"https:\/\/germanstreetphotography.com\/de\/michael-monty-may\/\" \/>\n<meta property=\"og:locale\" content=\"de_DE\" \/>\n<meta property=\"og:type\" content=\"article\" \/>\n<meta property=\"og:title\" content=\"Michael &quot;Monty&quot; May &bull; Die deutsche Streetfotografie Seite\" \/>\n<meta property=\"og:description\" content=\"Michael May arbeitet seit mehr als 26 Jahren als festangestellter Fotograf bei einer Zeitung. Er ist Gr\u00fcndungsmitglied des renommierten und popul\u00e4ren Observe Collective, ein internationale Fotografenkollektiv, dass sich prim\u00e4r auf ungestellte Strassenfotografie konzentriert.\" \/>\n<meta property=\"og:url\" content=\"https:\/\/germanstreetphotography.com\/de\/michael-monty-may\/\" \/>\n<meta property=\"og:site_name\" content=\"Die deutsche Streetfotografie Seite\" \/>\n<meta property=\"article:modified_time\" content=\"2018-02-20T22:09:59+00:00\" \/>\n<meta property=\"og:image\" content=\"https:\/\/germanstreetphotography.com\/wp-content\/uploads\/2018\/01\/MM_03.jpg\" \/>\n\t<meta property=\"og:image:width\" content=\"2000\" \/>\n\t<meta property=\"og:image:height\" content=\"1328\" \/>\n\t<meta property=\"og:image:type\" content=\"image\/jpeg\" \/>\n<meta name=\"twitter:card\" content=\"summary_large_image\" \/>\n<meta name=\"twitter:label1\" content=\"Gesch\u00e4tzte Lesezeit\" \/>\n\t<meta name=\"twitter:data1\" content=\"2\u00a0Minuten\" \/>\n<script type=\"application\/ld+json\" class=\"yoast-schema-graph\">{\"@context\":\"https:\/\/schema.org\",\"@graph\":[{\"@type\":\"WebPage\",\"@id\":\"https:\/\/germanstreetphotography.com\/de\/michael-monty-may\/\",\"url\":\"https:\/\/germanstreetphotography.com\/de\/michael-monty-may\/\",\"name\":\"Michael \\\"Monty\\\" May &bull; Die deutsche Streetfotografie Seite\",\"isPartOf\":{\"@id\":\"https:\/\/germanstreetphotography.com\/#website\"},\"datePublished\":\"2018-01-25T07:51:45+00:00\",\"dateModified\":\"2018-02-20T22:09:59+00:00\",\"description\":\"Michael May arbeitet seit mehr als 26 Jahren als festangestellter Fotograf bei einer Zeitung. Er ist Gr\u00fcndungsmitglied des renommierten und popul\u00e4ren Observe Collective, ein internationale Fotografenkollektiv, dass sich prim\u00e4r auf ungestellte Strassenfotografie konzentriert.\",\"breadcrumb\":{\"@id\":\"https:\/\/germanstreetphotography.com\/de\/michael-monty-may\/#breadcrumb\"},\"inLanguage\":\"de\",\"potentialAction\":[{\"@type\":\"ReadAction\",\"target\":[\"https:\/\/germanstreetphotography.com\/de\/michael-monty-may\/\"]}]},{\"@type\":\"BreadcrumbList\",\"@id\":\"https:\/\/germanstreetphotography.com\/de\/michael-monty-may\/#breadcrumb\",\"itemListElement\":[{\"@type\":\"ListItem\",\"position\":1,\"name\":\"Home\",\"item\":\"https:\/\/germanstreetphotography.com\/de\/\"},{\"@type\":\"ListItem\",\"position\":2,\"name\":\"Michael &#8222;Monty&#8220; May\"}]},{\"@type\":\"WebSite\",\"@id\":\"https:\/\/germanstreetphotography.com\/#website\",\"url\":\"https:\/\/germanstreetphotography.com\/\",\"name\":\"Die deutsche Streetfotografie Seite\",\"description\":\"\",\"publisher\":{\"@id\":\"https:\/\/germanstreetphotography.com\/#organization\"},\"potentialAction\":[{\"@type\":\"SearchAction\",\"target\":{\"@type\":\"EntryPoint\",\"urlTemplate\":\"https:\/\/germanstreetphotography.com\/?s={search_term_string}\"},\"query-input\":\"required name=search_term_string\"}],\"inLanguage\":\"de\"},{\"@type\":\"Organization\",\"@id\":\"https:\/\/germanstreetphotography.com\/#organization\",\"name\":\"The German Street Photography Site\",\"url\":\"https:\/\/germanstreetphotography.com\/\",\"logo\":{\"@type\":\"ImageObject\",\"inLanguage\":\"de\",\"@id\":\"https:\/\/germanstreetphotography.com\/#\/schema\/logo\/image\/\",\"url\":\"https:\/\/germanstreetphotography.com\/wp-content\/uploads\/2019\/04\/gspf_logo_rz_kreis.png\",\"contentUrl\":\"https:\/\/germanstreetphotography.com\/wp-content\/uploads\/2019\/04\/gspf_logo_rz_kreis.png\",\"width\":600,\"height\":600,\"caption\":\"The German Street Photography Site\"},\"image\":{\"@id\":\"https:\/\/germanstreetphotography.com\/#\/schema\/logo\/image\/\"}}]}<\/script>\n<!-- \/ Yoast SEO plugin. -->","yoast_head_json":{"title":"Michael \"Monty\" May &bull; Die deutsche Streetfotografie Seite","description":"Michael May arbeitet seit mehr als 26 Jahren als festangestellter Fotograf bei einer Zeitung. Er ist Gr\u00fcndungsmitglied des renommierten und popul\u00e4ren Observe Collective, ein internationale Fotografenkollektiv, dass sich prim\u00e4r auf ungestellte Strassenfotografie konzentriert.","robots":{"index":"index","follow":"follow","max-snippet":"max-snippet:-1","max-image-preview":"max-image-preview:large","max-video-preview":"max-video-preview:-1"},"canonical":"https:\/\/germanstreetphotography.com\/de\/michael-monty-may\/","og_locale":"de_DE","og_type":"article","og_title":"Michael \"Monty\" May &bull; Die deutsche Streetfotografie Seite","og_description":"Michael May arbeitet seit mehr als 26 Jahren als festangestellter Fotograf bei einer Zeitung. Er ist Gr\u00fcndungsmitglied des renommierten und popul\u00e4ren Observe Collective, ein internationale Fotografenkollektiv, dass sich prim\u00e4r auf ungestellte Strassenfotografie konzentriert.","og_url":"https:\/\/germanstreetphotography.com\/de\/michael-monty-may\/","og_site_name":"Die deutsche Streetfotografie Seite","article_modified_time":"2018-02-20T22:09:59+00:00","og_image":[{"width":2000,"height":1328,"url":"https:\/\/germanstreetphotography.com\/wp-content\/uploads\/2018\/01\/MM_03.jpg","type":"image\/jpeg"}],"twitter_card":"summary_large_image","twitter_misc":{"Gesch\u00e4tzte Lesezeit":"2\u00a0Minuten"},"schema":{"@context":"https:\/\/schema.org","@graph":[{"@type":"WebPage","@id":"https:\/\/germanstreetphotography.com\/de\/michael-monty-may\/","url":"https:\/\/germanstreetphotography.com\/de\/michael-monty-may\/","name":"Michael \"Monty\" May &bull; Die deutsche Streetfotografie Seite","isPartOf":{"@id":"https:\/\/germanstreetphotography.com\/#website"},"datePublished":"2018-01-25T07:51:45+00:00","dateModified":"2018-02-20T22:09:59+00:00","description":"Michael May arbeitet seit mehr als 26 Jahren als festangestellter Fotograf bei einer Zeitung. Er ist Gr\u00fcndungsmitglied des renommierten und popul\u00e4ren Observe Collective, ein internationale Fotografenkollektiv, dass sich prim\u00e4r auf ungestellte Strassenfotografie konzentriert.","breadcrumb":{"@id":"https:\/\/germanstreetphotography.com\/de\/michael-monty-may\/#breadcrumb"},"inLanguage":"de","potentialAction":[{"@type":"ReadAction","target":["https:\/\/germanstreetphotography.com\/de\/michael-monty-may\/"]}]},{"@type":"BreadcrumbList","@id":"https:\/\/germanstreetphotography.com\/de\/michael-monty-may\/#breadcrumb","itemListElement":[{"@type":"ListItem","position":1,"name":"Home","item":"https:\/\/germanstreetphotography.com\/de\/"},{"@type":"ListItem","position":2,"name":"Michael &#8222;Monty&#8220; May"}]},{"@type":"WebSite","@id":"https:\/\/germanstreetphotography.com\/#website","url":"https:\/\/germanstreetphotography.com\/","name":"Die deutsche Streetfotografie Seite","description":"","publisher":{"@id":"https:\/\/germanstreetphotography.com\/#organization"},"potentialAction":[{"@type":"SearchAction","target":{"@type":"EntryPoint","urlTemplate":"https:\/\/germanstreetphotography.com\/?s={search_term_string}"},"query-input":"required name=search_term_string"}],"inLanguage":"de"},{"@type":"Organization","@id":"https:\/\/germanstreetphotography.com\/#organization","name":"The German Street Photography Site","url":"https:\/\/germanstreetphotography.com\/","logo":{"@type":"ImageObject","inLanguage":"de","@id":"https:\/\/germanstreetphotography.com\/#\/schema\/logo\/image\/","url":"https:\/\/germanstreetphotography.com\/wp-content\/uploads\/2019\/04\/gspf_logo_rz_kreis.png","contentUrl":"https:\/\/germanstreetphotography.com\/wp-content\/uploads\/2019\/04\/gspf_logo_rz_kreis.png","width":600,"height":600,"caption":"The German Street Photography Site"},"image":{"@id":"https:\/\/germanstreetphotography.com\/#\/schema\/logo\/image\/"}}]}},"_links":{"self":[{"href":"https:\/\/germanstreetphotography.com\/de\/wp-json\/wp\/v2\/pages\/1101"}],"collection":[{"href":"https:\/\/germanstreetphotography.com\/de\/wp-json\/wp\/v2\/pages"}],"about":[{"href":"https:\/\/germanstreetphotography.com\/de\/wp-json\/wp\/v2\/types\/page"}],"author":[{"embeddable":true,"href":"https:\/\/germanstreetphotography.com\/de\/wp-json\/wp\/v2\/users\/5"}],"replies":[{"embeddable":true,"href":"https:\/\/germanstreetphotography.com\/de\/wp-json\/wp\/v2\/comments?post=1101"}],"version-history":[{"count":8,"href":"https:\/\/germanstreetphotography.com\/de\/wp-json\/wp\/v2\/pages\/1101\/revisions"}],"predecessor-version":[{"id":1117,"href":"https:\/\/germanstreetphotography.com\/de\/wp-json\/wp\/v2\/pages\/1101\/revisions\/1117"}],"wp:featuredmedia":[{"embeddable":true,"href":"https:\/\/germanstreetphotography.com\/de\/wp-json\/wp\/v2\/media\/661"}],"wp:attachment":[{"href":"https:\/\/germanstreetphotography.com\/de\/wp-json\/wp\/v2\/media?parent=1101"}],"curies":[{"name":"wp","href":"https:\/\/api.w.org\/{rel}","templated":true}]}}