{"id":1076,"date":"2018-02-20T07:31:28","date_gmt":"2018-02-20T06:31:28","guid":{"rendered":"https:\/\/germanstreetphotography.com\/nicole-struppert\/"},"modified":"2018-02-20T12:28:04","modified_gmt":"2018-02-20T11:28:04","slug":"nicole-struppert","status":"publish","type":"page","link":"https:\/\/germanstreetphotography.com\/de\/nicole-struppert\/","title":{"rendered":"Nicole Struppert"},"content":{"rendered":"<h1>Nicole Struppert<\/h1>\n<p><img decoding=\"async\" loading=\"lazy\" class=\"size-full wp-image-1054 alignnone\" src=\"https:\/\/germanstreetphotography.com\/wp-content\/uploads\/2018\/02\/NicoleStruppertPortrait.jpg\" alt=\"\" width=\"700\" height=\"700\" srcset=\"https:\/\/germanstreetphotography.com\/wp-content\/uploads\/2018\/02\/NicoleStruppertPortrait.jpg 700w, https:\/\/germanstreetphotography.com\/wp-content\/uploads\/2018\/02\/NicoleStruppertPortrait-150x150.jpg 150w, https:\/\/germanstreetphotography.com\/wp-content\/uploads\/2018\/02\/NicoleStruppertPortrait-300x300.jpg 300w\" sizes=\"(max-width: 700px) 100vw, 700px\" \/><\/p>\n<p>Nicole Struppert ist eine international arbeitende Fine Art-, Strassen- und Dokumentations-Fotografin. Bei Nicoles fotografischen Arbeiten geht es um geometrische und minimalistische Kompositionen. Ihre Bilder sind ein Beleg f\u00fcr ihre besondere Sicht f\u00fcr Formen, Komposition und der Beobachtungsgabe des heutigen Alltagslebens. Sie fangen das wesentliche des urbanen Raums, der Menschen und ihrer einmaliger Momente ein, und offenbaren somit eine v\u00f6llig neue Sicht und Perspektive f\u00fcr den Betrachter.<\/p>\n<p>Neben freien Projekten und kommerziellen Auftr\u00e4gen arbeitet sie als freiberufliche Fotografin f\u00fcr die dpa:picture alliance. Hier berichtete sie \u00fcber das Leben w\u00e4hrend der Olympischen Spiele 2012 in London und \u00fcber den US Wahlkampf 2012. Zwischen 2012 und 2017 arbeitete sie an dem dokumentarischen Langzeitprojekt \u201eTales on Shoreditch\u201c in East London.<\/p>\n<p>Nicole ist seit 2015 Herausgeberin und Kuratorin der Webseite <a href=\"http:\/\/www.womeninphotography.info\/\" target=\"_blank\" rel=\"noopener\">WOMEN IN PHOTOGRAPHY<\/a>. Sie gr\u00fcndete diese Webseite, um Fotografinnen einen Plattform zu geben, ihre Arbeiten zu zeigen und sie auf ihrer fotografischen Reise zu ermutigen und zu inspirieren.<\/p>\n<h2>Artist Statement<\/h2>\n<p>Nicoles Leidenschaft gilt der \u00c4sthetik und Sch\u00f6nheit von Formen in urbanen Lebensr\u00e4umen, sowie der Beobachtung des allt\u00e4glichen Lebens. Mit Ihren Arbeiten m\u00f6chte sie das &#8222;vermeintlich Unsichtbare\u201c dem Betrachter \u201esichtbar\u201c machen.<\/p>\n<h2><div  class=\"lgc-column lgc-grid-parent lgc-grid-25 lgc-tablet-grid-50 lgc-mobile-grid-100 lgc-equal-heights \"><div  class=\"inside-grid-column\"><a href=\"http:\/\/nicolestruppert.com\/\"><i class=\"fa fa-home\" aria-hidden=\"true\"><\/i> Webseite<\/a><\/div><\/div><\/h2>\n<h2><div  class=\"lgc-column lgc-grid-parent lgc-grid-25 lgc-tablet-grid-50 lgc-mobile-grid-100 lgc-equal-heights \"><div  class=\"inside-grid-column\"><a href=\"https:\/\/twitter.com\/nstruppert\/\"><i class=\"fa fa-twitter\" aria-hidden=\"true\"><\/i> Twitter<\/a><\/div><\/div><\/h2>\n<h2><div  class=\"lgc-column lgc-grid-parent lgc-grid-25 lgc-tablet-grid-50 lgc-mobile-grid-100 lgc-equal-heights \"><div  class=\"inside-grid-column\"><a href=\"https:\/\/www.facebook.com\/NicoleStruppertPhotography\/\"><i class=\"fa fa-facebook-official\" aria-hidden=\"true\"><\/i> Facebook<\/a><\/div><\/div><\/h2>\n<h2><div  class=\"lgc-column lgc-grid-parent lgc-grid-25 lgc-tablet-grid-50 lgc-mobile-grid-100 lgc-equal-heights \"><div  class=\"inside-grid-column\"><a href=\"https:\/\/www.instagram.com\/nicolestruppert\/\"><i class=\"fa fa-instagram\" aria-hidden=\"true\"><\/i> Instagram<\/a><\/div><\/div><div class=\"lgc-clear\"><\/div><\/h2>\n<h2>Auszeichnungen<\/h2>\n<p><i class=\"fa fa-square\" aria-hidden=\"true\"><\/i> 2015 Winner\/ Kujaja &#8222;Architecture Award&#8220; August<br \/>\n<i class=\"fa fa-square\" aria-hidden=\"true\"><\/i> 2014 Nominierung Public Award \/ Bundesstiftung Baukultur &#8222;People &amp; Spaces&#8220;<br \/>\n<i class=\"fa fa-square\" aria-hidden=\"true\"><\/i> 2014 Mark of Excellence Award \/ I shot it &#8222;Black &amp; White Competition\u201c<\/p>\n<h2>Gruppenausstellungen<\/h2>\n<p><i class=\"fa fa-circle\" aria-hidden=\"true\"><\/i> 2016 Das Bild von Mu\u0308nchen, Praterinsel Munich<br \/>\n<i class=\"fa fa-circle\" aria-hidden=\"true\"><\/i> 2009 Disappearing, MA Show, London, UK<br \/>\n<i class=\"fa fa-circle\" aria-hidden=\"true\"><\/i> 2009 Catalyst arts, Belfast, Ireland<\/p>\n<h2>In den Medien<\/h2>\n<p><i class=\"fa fa-square\" aria-hidden=\"true\"><\/i> 2017 Photo Presse Magazin, <a href=\"http:\/\/nicolestruppert.com\/blog\/2017\/3\/27\/interview-on-photo-presse-pp04\">Die Kunst der klaren Linien<\/a><br \/>\n<i class=\"fa fa-square\" aria-hidden=\"true\"><\/i> 2016 <a href=\"http:\/\/ibarionexperello.squarespace.com\/thecandidframe\/2016\/3\/27\/the-candid-frame-316-nicole-struppert\" target=\"_blank\" rel=\"noopener\">The Candid Frame<\/a><br \/>\n<i class=\"fa fa-square\" aria-hidden=\"true\"><\/i> 2015 Leica Blog, <a href=\"http:\/\/blog.leica-camera.com\/2015\/02\/10\/one-shot-with-nicole-struppert\/\" target=\"_blank\" rel=\"noopener\">One Shot with Nicole Struppert<\/a><br \/>\n<i class=\"fa fa-square\" aria-hidden=\"true\"><\/i> 2015 The Phoblographer, <a href=\"https:\/\/www.thephoblographer.com\/2015\/02\/13\/nicole-struppert-finding-geometry-street-photography\/#\/\" target=\"_blank\" rel=\"noopener\">Finding geometry in Street Photography<\/a><br \/>\n<i class=\"fa fa-square\" aria-hidden=\"true\"><\/i> 2015 Made in Shoreditch, <a href=\"http:\/\/madeinshoreditch.co.uk\/2015\/03\/19\/tales-shoreditch\/\" target=\"_blank\" rel=\"noopener\">Tales on Shoreditch: Finding Beauty in the Everyday<\/a><br \/>\n<i class=\"fa fa-square\" aria-hidden=\"true\"><\/i> 2016 <a href=\"http:\/\/www.blurb.com\/b\/6915846-the-street-photographer-book\" target=\"_blank\" rel=\"noopener\">The Street Photographer Book<\/a> Herausgeber Alex Coghe<\/p>\n<p><strong>Gr\u00fcnderin und Herausgeberin\u00a0<a href=\"http:\/\/www.womeninphotography.info\/\" target=\"_blank\" rel=\"noopener\">Women in Photography <\/a> <\/strong><\/p>\n<h2>Portfolio<\/h2>\n<p><img decoding=\"async\" loading=\"lazy\" class=\"aligncenter size-full wp-image-1056\" src=\"https:\/\/germanstreetphotography.com\/wp-content\/uploads\/2018\/02\/NicoleStruppert-1.jpg\" alt=\"\" width=\"2000\" height=\"1334\" srcset=\"https:\/\/germanstreetphotography.com\/wp-content\/uploads\/2018\/02\/NicoleStruppert-1.jpg 2000w, https:\/\/germanstreetphotography.com\/wp-content\/uploads\/2018\/02\/NicoleStruppert-1-300x200.jpg 300w, https:\/\/germanstreetphotography.com\/wp-content\/uploads\/2018\/02\/NicoleStruppert-1-768x512.jpg 768w, https:\/\/germanstreetphotography.com\/wp-content\/uploads\/2018\/02\/NicoleStruppert-1-1024x683.jpg 1024w\" sizes=\"(max-width: 2000px) 100vw, 2000px\" \/> <\/p>\n<p><img decoding=\"async\" loading=\"lazy\" class=\"aligncenter size-full wp-image-1057\" src=\"https:\/\/germanstreetphotography.com\/wp-content\/uploads\/2018\/02\/NicoleStruppert-2.jpg\" alt=\"\" width=\"2000\" height=\"1334\" srcset=\"https:\/\/germanstreetphotography.com\/wp-content\/uploads\/2018\/02\/NicoleStruppert-2.jpg 2000w, https:\/\/germanstreetphotography.com\/wp-content\/uploads\/2018\/02\/NicoleStruppert-2-300x200.jpg 300w, https:\/\/germanstreetphotography.com\/wp-content\/uploads\/2018\/02\/NicoleStruppert-2-768x512.jpg 768w, https:\/\/germanstreetphotography.com\/wp-content\/uploads\/2018\/02\/NicoleStruppert-2-1024x683.jpg 1024w\" sizes=\"(max-width: 2000px) 100vw, 2000px\" \/> <\/p>\n<p><img decoding=\"async\" loading=\"lazy\" class=\"aligncenter size-full wp-image-1058\" src=\"https:\/\/germanstreetphotography.com\/wp-content\/uploads\/2018\/02\/NicoleStruppert-3.jpg\" alt=\"\" width=\"2000\" height=\"1333\" srcset=\"https:\/\/germanstreetphotography.com\/wp-content\/uploads\/2018\/02\/NicoleStruppert-3.jpg 2000w, https:\/\/germanstreetphotography.com\/wp-content\/uploads\/2018\/02\/NicoleStruppert-3-300x200.jpg 300w, https:\/\/germanstreetphotography.com\/wp-content\/uploads\/2018\/02\/NicoleStruppert-3-768x512.jpg 768w, https:\/\/germanstreetphotography.com\/wp-content\/uploads\/2018\/02\/NicoleStruppert-3-1024x682.jpg 1024w\" sizes=\"(max-width: 2000px) 100vw, 2000px\" \/> <\/p>\n<p><img decoding=\"async\" loading=\"lazy\" class=\"aligncenter size-full wp-image-1059\" src=\"https:\/\/germanstreetphotography.com\/wp-content\/uploads\/2018\/02\/NicoleStruppert-4.jpg\" alt=\"\" width=\"2000\" height=\"1338\" srcset=\"https:\/\/germanstreetphotography.com\/wp-content\/uploads\/2018\/02\/NicoleStruppert-4.jpg 2000w, https:\/\/germanstreetphotography.com\/wp-content\/uploads\/2018\/02\/NicoleStruppert-4-300x201.jpg 300w, https:\/\/germanstreetphotography.com\/wp-content\/uploads\/2018\/02\/NicoleStruppert-4-768x514.jpg 768w, https:\/\/germanstreetphotography.com\/wp-content\/uploads\/2018\/02\/NicoleStruppert-4-1024x685.jpg 1024w\" sizes=\"(max-width: 2000px) 100vw, 2000px\" \/> <\/p>\n<p><img decoding=\"async\" loading=\"lazy\" class=\"aligncenter size-full wp-image-1060\" src=\"https:\/\/germanstreetphotography.com\/wp-content\/uploads\/2018\/02\/NicoleStruppert-5.jpg\" alt=\"\" width=\"2000\" height=\"1333\" srcset=\"https:\/\/germanstreetphotography.com\/wp-content\/uploads\/2018\/02\/NicoleStruppert-5.jpg 2000w, https:\/\/germanstreetphotography.com\/wp-content\/uploads\/2018\/02\/NicoleStruppert-5-300x200.jpg 300w, https:\/\/germanstreetphotography.com\/wp-content\/uploads\/2018\/02\/NicoleStruppert-5-768x512.jpg 768w, https:\/\/germanstreetphotography.com\/wp-content\/uploads\/2018\/02\/NicoleStruppert-5-1024x682.jpg 1024w\" sizes=\"(max-width: 2000px) 100vw, 2000px\" \/> <\/p>\n<p><img decoding=\"async\" loading=\"lazy\" class=\"aligncenter size-full wp-image-1061\" src=\"https:\/\/germanstreetphotography.com\/wp-content\/uploads\/2018\/02\/NicoleStruppert-6.jpg\" alt=\"\" width=\"2000\" height=\"1334\" srcset=\"https:\/\/germanstreetphotography.com\/wp-content\/uploads\/2018\/02\/NicoleStruppert-6.jpg 2000w, https:\/\/germanstreetphotography.com\/wp-content\/uploads\/2018\/02\/NicoleStruppert-6-300x200.jpg 300w, https:\/\/germanstreetphotography.com\/wp-content\/uploads\/2018\/02\/NicoleStruppert-6-768x512.jpg 768w, https:\/\/germanstreetphotography.com\/wp-content\/uploads\/2018\/02\/NicoleStruppert-6-1024x683.jpg 1024w\" sizes=\"(max-width: 2000px) 100vw, 2000px\" \/> <\/p>\n<p><img decoding=\"async\" loading=\"lazy\" class=\"aligncenter size-full wp-image-1062\" src=\"https:\/\/germanstreetphotography.com\/wp-content\/uploads\/2018\/02\/NicoleStruppert-7.jpg\" alt=\"\" width=\"2000\" height=\"1334\" srcset=\"https:\/\/germanstreetphotography.com\/wp-content\/uploads\/2018\/02\/NicoleStruppert-7.jpg 2000w, https:\/\/germanstreetphotography.com\/wp-content\/uploads\/2018\/02\/NicoleStruppert-7-300x200.jpg 300w, https:\/\/germanstreetphotography.com\/wp-content\/uploads\/2018\/02\/NicoleStruppert-7-768x512.jpg 768w, https:\/\/germanstreetphotography.com\/wp-content\/uploads\/2018\/02\/NicoleStruppert-7-1024x683.jpg 1024w\" sizes=\"(max-width: 2000px) 100vw, 2000px\" \/><\/p>\n<p><img decoding=\"async\" loading=\"lazy\" class=\"size-full wp-image-1063\" src=\"https:\/\/germanstreetphotography.com\/wp-content\/uploads\/2018\/02\/NicoleStruppert-8.jpg\" alt=\"\" width=\"2000\" height=\"1334\" srcset=\"https:\/\/germanstreetphotography.com\/wp-content\/uploads\/2018\/02\/NicoleStruppert-8.jpg 2000w, https:\/\/germanstreetphotography.com\/wp-content\/uploads\/2018\/02\/NicoleStruppert-8-300x200.jpg 300w, https:\/\/germanstreetphotography.com\/wp-content\/uploads\/2018\/02\/NicoleStruppert-8-768x512.jpg 768w, https:\/\/germanstreetphotography.com\/wp-content\/uploads\/2018\/02\/NicoleStruppert-8-1024x683.jpg 1024w\" sizes=\"(max-width: 2000px) 100vw, 2000px\" \/> <\/p>\n<h2>Kontakt Nicole<\/h2>\n\n<div class=\"wpcf7 no-js\" id=\"wpcf7-f1078-o1\" lang=\"en-US\" dir=\"ltr\">\n<div class=\"screen-reader-response\"><p role=\"status\" aria-live=\"polite\" aria-atomic=\"true\"><\/p> <ul><\/ul><\/div>\n<form action=\"\/de\/wp-json\/wp\/v2\/pages\/1076#wpcf7-f1078-o1\" method=\"post\" class=\"wpcf7-form init\" aria-label=\"Contact form\" novalidate=\"novalidate\" data-status=\"init\">\n<div style=\"display: none;\">\n<input type=\"hidden\" name=\"_wpcf7\" value=\"1078\" \/>\n<input type=\"hidden\" name=\"_wpcf7_version\" value=\"5.7.7\" \/>\n<input type=\"hidden\" name=\"_wpcf7_locale\" value=\"en_US\" \/>\n<input type=\"hidden\" name=\"_wpcf7_unit_tag\" value=\"wpcf7-f1078-o1\" \/>\n<input type=\"hidden\" name=\"_wpcf7_container_post\" value=\"0\" \/>\n<input type=\"hidden\" name=\"_wpcf7_posted_data_hash\" value=\"\" \/>\n<\/div>\n<p><label> Deine Email<br \/>\n<span class=\"wpcf7-form-control-wrap\" data-name=\"your-email\"><input size=\"40\" class=\"wpcf7-form-control wpcf7-text wpcf7-email wpcf7-validates-as-required wpcf7-validates-as-email\" aria-required=\"true\" aria-invalid=\"false\" value=\"\" type=\"email\" name=\"your-email\" \/><\/span> <\/label><br \/>\n<span id=\"wpcf7-69e5fda8b6951-wrapper\" class=\"wpcf7-form-control-wrap text2-980-wrap\" style=\"display:none !important; visibility:hidden !important;\"><label for=\"wpcf7-69e5fda8b6951-field\" class=\"hp-message\">Bitte lasse dieses Feld leer.<\/label><input id=\"wpcf7-69e5fda8b6951-field\"  class=\"wpcf7-form-control wpcf7-text\" type=\"text\" name=\"text2-980\" value=\"\" size=\"40\" tabindex=\"-1\" autocomplete=\"new-password\" \/><\/span><br \/>\n<label> Deine Nachricht<br \/>\n<span class=\"wpcf7-form-control-wrap\" data-name=\"your-message\"><textarea cols=\"40\" rows=\"10\" class=\"wpcf7-form-control wpcf7-textarea\" aria-invalid=\"false\" name=\"your-message\"><\/textarea><\/span> <\/label>\n<\/p>\n<p><input class=\"wpcf7-form-control has-spinner wpcf7-submit\" type=\"submit\" value=\"Senden\" \/>\n<\/p><div class=\"wpcf7-response-output\" aria-hidden=\"true\"><\/div>\n<\/form>\n<\/div>\n\n","protected":false},"excerpt":{"rendered":"<p>Nicole Struppert Nicole Struppert ist eine international arbeitende Fine Art-, Strassen- und Dokumentations-Fotografin. Bei Nicoles fotografischen Arbeiten geht es um geometrische und minimalistische Kompositionen. Ihre Bilder sind ein Beleg f\u00fcr ihre besondere Sicht f\u00fcr Formen, Komposition und der Beobachtungsgabe des heutigen Alltagslebens. Sie fangen das wesentliche des urbanen Raums, der Menschen und ihrer einmaliger Momente &#8230; <a title=\"Nicole Struppert\" class=\"read-more\" href=\"https:\/\/germanstreetphotography.com\/de\/nicole-struppert\/\" aria-label=\"Mehr Informationen \u00fcber Nicole Struppert\">Weiterlesen &#8230;<\/a><\/p>\n","protected":false},"author":5,"featured_media":1056,"parent":0,"menu_order":0,"comment_status":"closed","ping_status":"closed","template":"","meta":{"generate_page_header":""},"yoast_head":"<!-- This site is optimized with the Yoast SEO plugin v21.1 - https:\/\/yoast.com\/wordpress\/plugins\/seo\/ -->\n<title>Nicole Struppert &bull; Die deutsche Streetfotografie Seite<\/title>\n<meta name=\"description\" content=\"Nicole Struppert ist eine international arbeitende\u00a0 Fineart-, Strassen-\u00a0 und Dokumentarfotografin. Bei Nicoles fotografischer Arbeit geht es um geometrische und minimalistische Architektur Kompositionen.\" \/>\n<meta name=\"robots\" content=\"index, follow, max-snippet:-1, max-image-preview:large, max-video-preview:-1\" \/>\n<link rel=\"canonical\" href=\"https:\/\/germanstreetphotography.com\/de\/nicole-struppert\/\" \/>\n<meta property=\"og:locale\" content=\"de_DE\" \/>\n<meta property=\"og:type\" content=\"article\" \/>\n<meta property=\"og:title\" content=\"Nicole Struppert &bull; Die deutsche Streetfotografie Seite\" \/>\n<meta property=\"og:description\" content=\"Nicole Struppert ist eine international arbeitende\u00a0 Fineart-, Strassen-\u00a0 und Dokumentarfotografin. Bei Nicoles fotografischer Arbeit geht es um geometrische und minimalistische Architektur Kompositionen.\" \/>\n<meta property=\"og:url\" content=\"https:\/\/germanstreetphotography.com\/de\/nicole-struppert\/\" \/>\n<meta property=\"og:site_name\" content=\"Die deutsche Streetfotografie Seite\" \/>\n<meta property=\"article:modified_time\" content=\"2018-02-20T11:28:04+00:00\" \/>\n<meta property=\"og:image\" content=\"https:\/\/germanstreetphotography.com\/wp-content\/uploads\/2018\/02\/NicoleStruppert-1.jpg\" \/>\n\t<meta property=\"og:image:width\" content=\"2000\" \/>\n\t<meta property=\"og:image:height\" content=\"1334\" \/>\n\t<meta property=\"og:image:type\" content=\"image\/jpeg\" \/>\n<meta name=\"twitter:card\" content=\"summary_large_image\" \/>\n<meta name=\"twitter:label1\" content=\"Gesch\u00e4tzte Lesezeit\" \/>\n\t<meta name=\"twitter:data1\" content=\"2\u00a0Minuten\" \/>\n<script type=\"application\/ld+json\" class=\"yoast-schema-graph\">{\"@context\":\"https:\/\/schema.org\",\"@graph\":[{\"@type\":\"WebPage\",\"@id\":\"https:\/\/germanstreetphotography.com\/de\/nicole-struppert\/\",\"url\":\"https:\/\/germanstreetphotography.com\/de\/nicole-struppert\/\",\"name\":\"Nicole Struppert &bull; Die deutsche Streetfotografie Seite\",\"isPartOf\":{\"@id\":\"https:\/\/germanstreetphotography.com\/#website\"},\"datePublished\":\"2018-02-20T06:31:28+00:00\",\"dateModified\":\"2018-02-20T11:28:04+00:00\",\"description\":\"Nicole Struppert ist eine international arbeitende\u00a0 Fineart-, Strassen-\u00a0 und Dokumentarfotografin. Bei Nicoles fotografischer Arbeit geht es um geometrische und minimalistische Architektur Kompositionen.\",\"breadcrumb\":{\"@id\":\"https:\/\/germanstreetphotography.com\/de\/nicole-struppert\/#breadcrumb\"},\"inLanguage\":\"de\",\"potentialAction\":[{\"@type\":\"ReadAction\",\"target\":[\"https:\/\/germanstreetphotography.com\/de\/nicole-struppert\/\"]}]},{\"@type\":\"BreadcrumbList\",\"@id\":\"https:\/\/germanstreetphotography.com\/de\/nicole-struppert\/#breadcrumb\",\"itemListElement\":[{\"@type\":\"ListItem\",\"position\":1,\"name\":\"Home\",\"item\":\"https:\/\/germanstreetphotography.com\/de\/\"},{\"@type\":\"ListItem\",\"position\":2,\"name\":\"Nicole Struppert\"}]},{\"@type\":\"WebSite\",\"@id\":\"https:\/\/germanstreetphotography.com\/#website\",\"url\":\"https:\/\/germanstreetphotography.com\/\",\"name\":\"Die deutsche Streetfotografie Seite\",\"description\":\"\",\"publisher\":{\"@id\":\"https:\/\/germanstreetphotography.com\/#organization\"},\"potentialAction\":[{\"@type\":\"SearchAction\",\"target\":{\"@type\":\"EntryPoint\",\"urlTemplate\":\"https:\/\/germanstreetphotography.com\/?s={search_term_string}\"},\"query-input\":\"required name=search_term_string\"}],\"inLanguage\":\"de\"},{\"@type\":\"Organization\",\"@id\":\"https:\/\/germanstreetphotography.com\/#organization\",\"name\":\"The German Street Photography Site\",\"url\":\"https:\/\/germanstreetphotography.com\/\",\"logo\":{\"@type\":\"ImageObject\",\"inLanguage\":\"de\",\"@id\":\"https:\/\/germanstreetphotography.com\/#\/schema\/logo\/image\/\",\"url\":\"https:\/\/germanstreetphotography.com\/wp-content\/uploads\/2019\/04\/gspf_logo_rz_kreis.png\",\"contentUrl\":\"https:\/\/germanstreetphotography.com\/wp-content\/uploads\/2019\/04\/gspf_logo_rz_kreis.png\",\"width\":600,\"height\":600,\"caption\":\"The German Street Photography Site\"},\"image\":{\"@id\":\"https:\/\/germanstreetphotography.com\/#\/schema\/logo\/image\/\"}}]}<\/script>\n<!-- \/ Yoast SEO plugin. -->","yoast_head_json":{"title":"Nicole Struppert &bull; Die deutsche Streetfotografie Seite","description":"Nicole Struppert ist eine international arbeitende\u00a0 Fineart-, Strassen-\u00a0 und Dokumentarfotografin. Bei Nicoles fotografischer Arbeit geht es um geometrische und minimalistische Architektur Kompositionen.","robots":{"index":"index","follow":"follow","max-snippet":"max-snippet:-1","max-image-preview":"max-image-preview:large","max-video-preview":"max-video-preview:-1"},"canonical":"https:\/\/germanstreetphotography.com\/de\/nicole-struppert\/","og_locale":"de_DE","og_type":"article","og_title":"Nicole Struppert &bull; Die deutsche Streetfotografie Seite","og_description":"Nicole Struppert ist eine international arbeitende\u00a0 Fineart-, Strassen-\u00a0 und Dokumentarfotografin. Bei Nicoles fotografischer Arbeit geht es um geometrische und minimalistische Architektur Kompositionen.","og_url":"https:\/\/germanstreetphotography.com\/de\/nicole-struppert\/","og_site_name":"Die deutsche Streetfotografie Seite","article_modified_time":"2018-02-20T11:28:04+00:00","og_image":[{"width":2000,"height":1334,"url":"https:\/\/germanstreetphotography.com\/wp-content\/uploads\/2018\/02\/NicoleStruppert-1.jpg","type":"image\/jpeg"}],"twitter_card":"summary_large_image","twitter_misc":{"Gesch\u00e4tzte Lesezeit":"2\u00a0Minuten"},"schema":{"@context":"https:\/\/schema.org","@graph":[{"@type":"WebPage","@id":"https:\/\/germanstreetphotography.com\/de\/nicole-struppert\/","url":"https:\/\/germanstreetphotography.com\/de\/nicole-struppert\/","name":"Nicole Struppert &bull; Die deutsche Streetfotografie Seite","isPartOf":{"@id":"https:\/\/germanstreetphotography.com\/#website"},"datePublished":"2018-02-20T06:31:28+00:00","dateModified":"2018-02-20T11:28:04+00:00","description":"Nicole Struppert ist eine international arbeitende\u00a0 Fineart-, Strassen-\u00a0 und Dokumentarfotografin. Bei Nicoles fotografischer Arbeit geht es um geometrische und minimalistische Architektur Kompositionen.","breadcrumb":{"@id":"https:\/\/germanstreetphotography.com\/de\/nicole-struppert\/#breadcrumb"},"inLanguage":"de","potentialAction":[{"@type":"ReadAction","target":["https:\/\/germanstreetphotography.com\/de\/nicole-struppert\/"]}]},{"@type":"BreadcrumbList","@id":"https:\/\/germanstreetphotography.com\/de\/nicole-struppert\/#breadcrumb","itemListElement":[{"@type":"ListItem","position":1,"name":"Home","item":"https:\/\/germanstreetphotography.com\/de\/"},{"@type":"ListItem","position":2,"name":"Nicole Struppert"}]},{"@type":"WebSite","@id":"https:\/\/germanstreetphotography.com\/#website","url":"https:\/\/germanstreetphotography.com\/","name":"Die deutsche Streetfotografie Seite","description":"","publisher":{"@id":"https:\/\/germanstreetphotography.com\/#organization"},"potentialAction":[{"@type":"SearchAction","target":{"@type":"EntryPoint","urlTemplate":"https:\/\/germanstreetphotography.com\/?s={search_term_string}"},"query-input":"required name=search_term_string"}],"inLanguage":"de"},{"@type":"Organization","@id":"https:\/\/germanstreetphotography.com\/#organization","name":"The German Street Photography Site","url":"https:\/\/germanstreetphotography.com\/","logo":{"@type":"ImageObject","inLanguage":"de","@id":"https:\/\/germanstreetphotography.com\/#\/schema\/logo\/image\/","url":"https:\/\/germanstreetphotography.com\/wp-content\/uploads\/2019\/04\/gspf_logo_rz_kreis.png","contentUrl":"https:\/\/germanstreetphotography.com\/wp-content\/uploads\/2019\/04\/gspf_logo_rz_kreis.png","width":600,"height":600,"caption":"The German Street Photography Site"},"image":{"@id":"https:\/\/germanstreetphotography.com\/#\/schema\/logo\/image\/"}}]}},"_links":{"self":[{"href":"https:\/\/germanstreetphotography.com\/de\/wp-json\/wp\/v2\/pages\/1076"}],"collection":[{"href":"https:\/\/germanstreetphotography.com\/de\/wp-json\/wp\/v2\/pages"}],"about":[{"href":"https:\/\/germanstreetphotography.com\/de\/wp-json\/wp\/v2\/types\/page"}],"author":[{"embeddable":true,"href":"https:\/\/germanstreetphotography.com\/de\/wp-json\/wp\/v2\/users\/5"}],"replies":[{"embeddable":true,"href":"https:\/\/germanstreetphotography.com\/de\/wp-json\/wp\/v2\/comments?post=1076"}],"version-history":[{"count":10,"href":"https:\/\/germanstreetphotography.com\/de\/wp-json\/wp\/v2\/pages\/1076\/revisions"}],"predecessor-version":[{"id":1116,"href":"https:\/\/germanstreetphotography.com\/de\/wp-json\/wp\/v2\/pages\/1076\/revisions\/1116"}],"wp:featuredmedia":[{"embeddable":true,"href":"https:\/\/germanstreetphotography.com\/de\/wp-json\/wp\/v2\/media\/1056"}],"wp:attachment":[{"href":"https:\/\/germanstreetphotography.com\/de\/wp-json\/wp\/v2\/media?parent=1076"}],"curies":[{"name":"wp","href":"https:\/\/api.w.org\/{rel}","templated":true}]}}