{"id":1013,"date":"2018-01-24T22:05:34","date_gmt":"2018-01-24T21:05:34","guid":{"rendered":"https:\/\/germanstreetphotography.com\/skander-khlif\/"},"modified":"2018-02-19T05:37:36","modified_gmt":"2018-02-19T04:37:36","slug":"skander-khlif","status":"publish","type":"page","link":"https:\/\/germanstreetphotography.com\/de\/skander-khlif\/","title":{"rendered":"Skander Khlif"},"content":{"rendered":"<h1>Skander Khlif<\/h1>\n<p><img decoding=\"async\" loading=\"lazy\" class=\"alignnone size-full wp-image-636\" src=\"https:\/\/germanstreetphotography.com\/wp-content\/uploads\/2018\/01\/Portrait-Bild.jpg\" alt=\"\" width=\"700\" height=\"700\" srcset=\"https:\/\/germanstreetphotography.com\/wp-content\/uploads\/2018\/01\/Portrait-Bild.jpg 700w, https:\/\/germanstreetphotography.com\/wp-content\/uploads\/2018\/01\/Portrait-Bild-150x150.jpg 150w, https:\/\/germanstreetphotography.com\/wp-content\/uploads\/2018\/01\/Portrait-Bild-300x300.jpg 300w\" sizes=\"(max-width: 700px) 100vw, 700px\" \/><\/p>\n<p>Skander Khlif lebt als tunesisch-deutscher Ingenieur , Strassen- und Dokumentarfotograf in M\u00fcnchen.<\/p>\n<p>Bevor er in acht verschiedenen St\u00e4dten lebte, wuchs er in Tunesien auf. Wie viele Kinder dort, verbrachte er seine Kindheit damit die Stra\u00dfen seiner Nachbarschaft zu erforschen. Auch heute noch sp\u00fcrt er eine tiefe Verbundenheit mit den Strassen und dem \u00f6ffentlichem Raum, den er B\u00fchne betrachtet, in der jeder Schauspieler, Akteur und Handelnder ist. Strassenfotografie ist seine bevorzugte Art und Weise, die Welt zu betrachten. Skander ist sucht gleicherma\u00dfen das Licht wie die dazu passende Geschichte. Fasziniert von Gef\u00fchlen und der Beziehung der Menschen zu ihrer Umgebung, sucht Skander diesen einen, fl\u00fcchtigen Moment, der sich nie wieder ereignen wird, in ein Bild zu bannen.<\/p>\n<h2><div  class=\"lgc-column lgc-grid-parent lgc-grid-25 lgc-tablet-grid-50 lgc-mobile-grid-100 lgc-equal-heights \"><div  class=\"inside-grid-column\"><a href=\"http:\/\/www.skanderkhlif.com\/\"><i class=\"fa fa-home\" aria-hidden=\"true\"><\/i> Webseite<\/a><\/div><\/div><\/h2>\n<h2><div  class=\"lgc-column lgc-grid-parent lgc-grid-25 lgc-tablet-grid-50 lgc-mobile-grid-100 lgc-equal-heights \"><div  class=\"inside-grid-column\"><a href=\"https:\/\/www.behance.net\/SKhlif\/\"><i class=\"fa fa-behance\" aria-hidden=\"true\"><\/i> Behance<\/a><\/div><\/div><\/h2>\n<h2><div  class=\"lgc-column lgc-grid-parent lgc-grid-25 lgc-tablet-grid-50 lgc-mobile-grid-100 lgc-equal-heights \"><div  class=\"inside-grid-column\"><a href=\"https:\/\/www.facebook.com\/skander.khlif\/\"><i class=\"fa fa-facebook-official\" aria-hidden=\"true\"><\/i> Facebook<\/a><\/div><\/div><\/h2>\n<h2><div  class=\"lgc-column lgc-grid-parent lgc-grid-25 lgc-tablet-grid-50 lgc-mobile-grid-100 lgc-equal-heights \"><div  class=\"inside-grid-column\"><a href=\"https:\/\/www.instagram.com\/skander_khlif\/\"><i class=\"fa fa-instagram\" aria-hidden=\"true\"><\/i> Instagram<\/a><\/div><\/div><div class=\"lgc-clear\"><\/div><\/h2>\n<h2>Einzelaustellungen<\/h2>\n<p><i class=\"fa fa-circle\" aria-hidden=\"true\"><\/i> 2018, ISO 001 La boite, Tunesien<br \/>\n<i class=\"fa fa-circle\" aria-hidden=\"true\"><\/i> 2018, ISO 001 IHEC Kapelle, Tunesien<br \/>\n<i class=\"fa fa-circle\" aria-hidden=\"true\"><\/i> Einzelausstellung in M\u00fcnchen Juni 2018<br \/>\nEinzelausstellung Bastille, Paris August 2018<\/p>\n<h2>Gruppenausstellungen<\/h2>\n<p><i class=\"fa fa-circle\" aria-hidden=\"true\"><\/i> 2010 Universit\u00e4t Erlangen-N\u00fcrnberg, Bild des Jahres.<br \/>\n<i class=\"fa fa-circle\" aria-hidden=\"true\"><\/i> 2017 Festival de la photographie m\u00e9diteran\u00e9enne &#8211; Sanary sur seine, Marseille.<br \/>\n<i class=\"fa fa-circle\" aria-hidden=\"true\"><\/i> 2017 Miami History Museum w\u00e4hrend der Art Basel<br \/>\n<i class=\"fa fa-circle\" aria-hidden=\"true\"><\/i> 2018 Italian Street Photography Fesival Mailand April<\/p>\n<h2>Auszeichnungen<\/h2>\n<p><i class=\"fa fa-square\" aria-hidden=\"true\"><\/i> Winner &#8222;Photomed Awards 2017\u201c<br \/>\n<i class=\"fa fa-square\" aria-hidden=\"true\"><\/i> Finalist &#8222;Miami Street Photography Festival 2017\u201c<br \/>\n<i class=\"fa fa-square\" aria-hidden=\"true\"><\/i> Finalist &#8222;Hipa 2017\u201c<br \/>\n<i class=\"fa fa-square\" aria-hidden=\"true\"><\/i> Honorable mention \u201eMonochrome Photography Awards 2017\u201c<\/p>\n<h2>B\u00fccher<\/h2>\n<p><i class=\"fa fa-square\" aria-hidden=\"true\"><\/i> westreet 2016 (collective book)<br \/>\n<i class=\"fa fa-square\" aria-hidden=\"true\"><\/i> La boite, Un lieu d&#8217;art contemporain, 2018 (collective book)<\/p>\n<h2>In den Medien<\/h2>\n<p><i class=\"fa fa-square\" aria-hidden=\"true\"><\/i> 2016 Bericht auf\u00a0<a href=\"https:\/\/www.buzzfeed.com\/sahilrizwan\/a-train-full-of-emotions?utm_term=.vyW4k1G6BL#.acr9rWREpO\">Buzzfeed<\/a><br \/>\n<i class=\"fa fa-square\" aria-hidden=\"true\"><\/i> 2016 Interview auf\u00a0<a href=\"http:\/\/www.huffpostmaghreb.com\/2016\/11\/14\/skander-khlif-photos_n_12957524.html\">huffpostmaghreb<\/a><br \/>\n<i class=\"fa fa-square\" aria-hidden=\"true\"><\/i> 2016\u00a0Bericht auf <a href=\"https:\/\/www.thephoblographer.com\/#\/search;query=skander%20khlif%20\">Phoblographer<\/a><br \/>\n<i class=\"fa fa-square\" aria-hidden=\"true\"><\/i> 2016\u00a0Bericht auf <a href=\"https:\/\/petapixel.com\/2016\/08\/10\/photos-light-shadows-lines-bmw-headquarters\/\">Petapixel<\/a><br \/>\n<i class=\"fa fa-square\" aria-hidden=\"true\"><\/i> 2016\u00a0Bericht auf <a href=\"https:\/\/www.creativeboom.com\/inspiration\/the-silence-of-munich-photographer-captures-the-spirit-of-a-city-on-a-quiet-sunday\/\">creative Boom<\/a><br \/>\n<i class=\"fa fa-square\" aria-hidden=\"true\"><\/i> 2017 Eyeheartandsoul <a href=\"http:\/\/www.eyeheartandsoul.com\/magazine\/ehs-finest-the-worlds-30-best-fine-art-street-photographers-q2-2017\">world&#8217;s 30 best fine art street photographers<\/a><br \/>\n<i class=\"fa fa-square\" aria-hidden=\"true\"><\/i> 2017 Bericht auf<a href=\"http:\/\/www.fubiz.net\/?s=skander+khlif\">\u00a0Fubiz<\/a><br \/>\n<i class=\"fa fa-square\" aria-hidden=\"true\"><\/i> 2017 <a href=\"http:\/\/121clicks.com\/showcases\/interview-street-photographer-skander-khlif\">Interview mit Arek Rataj <\/a>on 121clicks<\/p>\n<h2>Portfolio<\/h2>\n<p><img decoding=\"async\" loading=\"lazy\" class=\"size-full wp-image-637 aligncenter\" src=\"https:\/\/germanstreetphotography.com\/wp-content\/uploads\/2018\/01\/German-Street-Photography-Skander-Khlif-1.jpg\" alt=\"\" width=\"2000\" height=\"1333\" srcset=\"https:\/\/germanstreetphotography.com\/wp-content\/uploads\/2018\/01\/German-Street-Photography-Skander-Khlif-1.jpg 2000w, https:\/\/germanstreetphotography.com\/wp-content\/uploads\/2018\/01\/German-Street-Photography-Skander-Khlif-1-300x200.jpg 300w, https:\/\/germanstreetphotography.com\/wp-content\/uploads\/2018\/01\/German-Street-Photography-Skander-Khlif-1-768x512.jpg 768w, https:\/\/germanstreetphotography.com\/wp-content\/uploads\/2018\/01\/German-Street-Photography-Skander-Khlif-1-1024x682.jpg 1024w\" sizes=\"(max-width: 2000px) 100vw, 2000px\" \/><\/p>\n<p><img decoding=\"async\" loading=\"lazy\" class=\"size-full wp-image-638 aligncenter\" src=\"https:\/\/germanstreetphotography.com\/wp-content\/uploads\/2018\/01\/German-Street-Photography-Skander-Khlif-2.jpg\" alt=\"\" width=\"2000\" height=\"1146\" srcset=\"https:\/\/germanstreetphotography.com\/wp-content\/uploads\/2018\/01\/German-Street-Photography-Skander-Khlif-2.jpg 2000w, https:\/\/germanstreetphotography.com\/wp-content\/uploads\/2018\/01\/German-Street-Photography-Skander-Khlif-2-300x172.jpg 300w, https:\/\/germanstreetphotography.com\/wp-content\/uploads\/2018\/01\/German-Street-Photography-Skander-Khlif-2-768x440.jpg 768w, https:\/\/germanstreetphotography.com\/wp-content\/uploads\/2018\/01\/German-Street-Photography-Skander-Khlif-2-1024x587.jpg 1024w\" sizes=\"(max-width: 2000px) 100vw, 2000px\" \/><\/p>\n<p><img decoding=\"async\" loading=\"lazy\" class=\"size-full wp-image-639 aligncenter\" src=\"https:\/\/germanstreetphotography.com\/wp-content\/uploads\/2018\/01\/German-Street-Photography-Skander-Khlif-3.jpg\" alt=\"\" width=\"2000\" height=\"1333\" srcset=\"https:\/\/germanstreetphotography.com\/wp-content\/uploads\/2018\/01\/German-Street-Photography-Skander-Khlif-3.jpg 2000w, https:\/\/germanstreetphotography.com\/wp-content\/uploads\/2018\/01\/German-Street-Photography-Skander-Khlif-3-300x200.jpg 300w, https:\/\/germanstreetphotography.com\/wp-content\/uploads\/2018\/01\/German-Street-Photography-Skander-Khlif-3-768x512.jpg 768w, https:\/\/germanstreetphotography.com\/wp-content\/uploads\/2018\/01\/German-Street-Photography-Skander-Khlif-3-1024x682.jpg 1024w\" sizes=\"(max-width: 2000px) 100vw, 2000px\" \/><\/p>\n<p><img decoding=\"async\" loading=\"lazy\" class=\"size-full wp-image-640 aligncenter\" src=\"https:\/\/germanstreetphotography.com\/wp-content\/uploads\/2018\/01\/German-Street-Photography-Skander-Khlif-4.jpg\" alt=\"\" width=\"2000\" height=\"1261\" srcset=\"https:\/\/germanstreetphotography.com\/wp-content\/uploads\/2018\/01\/German-Street-Photography-Skander-Khlif-4.jpg 2000w, https:\/\/germanstreetphotography.com\/wp-content\/uploads\/2018\/01\/German-Street-Photography-Skander-Khlif-4-300x189.jpg 300w, https:\/\/germanstreetphotography.com\/wp-content\/uploads\/2018\/01\/German-Street-Photography-Skander-Khlif-4-768x484.jpg 768w, https:\/\/germanstreetphotography.com\/wp-content\/uploads\/2018\/01\/German-Street-Photography-Skander-Khlif-4-1024x646.jpg 1024w\" sizes=\"(max-width: 2000px) 100vw, 2000px\" \/><\/p>\n<p><img decoding=\"async\" loading=\"lazy\" class=\"size-full wp-image-641 aligncenter\" src=\"https:\/\/germanstreetphotography.com\/wp-content\/uploads\/2018\/01\/German-Street-Photography-Skander-Khlif-5.jpg\" alt=\"\" width=\"2000\" height=\"1335\" srcset=\"https:\/\/germanstreetphotography.com\/wp-content\/uploads\/2018\/01\/German-Street-Photography-Skander-Khlif-5.jpg 2000w, https:\/\/germanstreetphotography.com\/wp-content\/uploads\/2018\/01\/German-Street-Photography-Skander-Khlif-5-300x200.jpg 300w, https:\/\/germanstreetphotography.com\/wp-content\/uploads\/2018\/01\/German-Street-Photography-Skander-Khlif-5-768x513.jpg 768w, https:\/\/germanstreetphotography.com\/wp-content\/uploads\/2018\/01\/German-Street-Photography-Skander-Khlif-5-1024x684.jpg 1024w\" sizes=\"(max-width: 2000px) 100vw, 2000px\" \/><\/p>\n<p><img decoding=\"async\" loading=\"lazy\" class=\"size-full wp-image-642 aligncenter\" src=\"https:\/\/germanstreetphotography.com\/wp-content\/uploads\/2018\/01\/German-Street-Photography-Skander-Khlif-6.jpg\" alt=\"\" width=\"2000\" height=\"1335\" srcset=\"https:\/\/germanstreetphotography.com\/wp-content\/uploads\/2018\/01\/German-Street-Photography-Skander-Khlif-6.jpg 2000w, https:\/\/germanstreetphotography.com\/wp-content\/uploads\/2018\/01\/German-Street-Photography-Skander-Khlif-6-300x200.jpg 300w, https:\/\/germanstreetphotography.com\/wp-content\/uploads\/2018\/01\/German-Street-Photography-Skander-Khlif-6-768x513.jpg 768w, https:\/\/germanstreetphotography.com\/wp-content\/uploads\/2018\/01\/German-Street-Photography-Skander-Khlif-6-1024x684.jpg 1024w\" sizes=\"(max-width: 2000px) 100vw, 2000px\" \/><\/p>\n<p><img decoding=\"async\" loading=\"lazy\" class=\"size-full wp-image-643 aligncenter\" src=\"https:\/\/germanstreetphotography.com\/wp-content\/uploads\/2018\/01\/German-Street-Photography-Skander-Khlif-7.jpg\" alt=\"\" width=\"2000\" height=\"1334\" srcset=\"https:\/\/germanstreetphotography.com\/wp-content\/uploads\/2018\/01\/German-Street-Photography-Skander-Khlif-7.jpg 2000w, https:\/\/germanstreetphotography.com\/wp-content\/uploads\/2018\/01\/German-Street-Photography-Skander-Khlif-7-300x200.jpg 300w, https:\/\/germanstreetphotography.com\/wp-content\/uploads\/2018\/01\/German-Street-Photography-Skander-Khlif-7-768x512.jpg 768w, https:\/\/germanstreetphotography.com\/wp-content\/uploads\/2018\/01\/German-Street-Photography-Skander-Khlif-7-1024x683.jpg 1024w\" sizes=\"(max-width: 2000px) 100vw, 2000px\" \/><\/p>\n","protected":false},"excerpt":{"rendered":"<p>Skander Khlif Skander Khlif lebt als tunesisch-deutscher Ingenieur , Strassen- und Dokumentarfotograf in M\u00fcnchen. Bevor er in acht verschiedenen St\u00e4dten lebte, wuchs er in Tunesien auf. Wie viele Kinder dort, verbrachte er seine Kindheit damit die Stra\u00dfen seiner Nachbarschaft zu erforschen. Auch heute noch sp\u00fcrt er eine tiefe Verbundenheit mit den Strassen und dem \u00f6ffentlichem &#8230; <a title=\"Skander Khlif\" class=\"read-more\" href=\"https:\/\/germanstreetphotography.com\/de\/skander-khlif\/\" aria-label=\"Mehr Informationen \u00fcber Skander Khlif\">Weiterlesen &#8230;<\/a><\/p>\n","protected":false},"author":5,"featured_media":641,"parent":0,"menu_order":0,"comment_status":"closed","ping_status":"closed","template":"","meta":{"generate_page_header":""},"yoast_head":"<!-- This site is optimized with the Yoast SEO plugin v21.1 - https:\/\/yoast.com\/wordpress\/plugins\/seo\/ -->\n<title>Skander Khlif &bull; Die deutsche Streetfotografie Seite<\/title>\n<meta name=\"description\" content=\"Skander Khlif lebt als tunesisch-deutscher Ingenieur , Strassen- und Dokumentarfotograf in M\u00fcnchen. Bevor er in acht verschiedenen St\u00e4dten lebte, wuchs er in Tunesien auf. Wie viele Kinder dort, verbrachte er seine Kindheit damit die Stra\u00dfen seiner Nachbarschaft zu erforschen.\" \/>\n<meta name=\"robots\" content=\"index, follow, max-snippet:-1, max-image-preview:large, max-video-preview:-1\" \/>\n<link rel=\"canonical\" href=\"https:\/\/germanstreetphotography.com\/de\/skander-khlif\/\" \/>\n<meta property=\"og:locale\" content=\"de_DE\" \/>\n<meta property=\"og:type\" content=\"article\" \/>\n<meta property=\"og:title\" content=\"Skander Khlif &bull; Die deutsche Streetfotografie Seite\" \/>\n<meta property=\"og:description\" content=\"Skander Khlif lebt als tunesisch-deutscher Ingenieur , Strassen- und Dokumentarfotograf in M\u00fcnchen. Bevor er in acht verschiedenen St\u00e4dten lebte, wuchs er in Tunesien auf. Wie viele Kinder dort, verbrachte er seine Kindheit damit die Stra\u00dfen seiner Nachbarschaft zu erforschen.\" \/>\n<meta property=\"og:url\" content=\"https:\/\/germanstreetphotography.com\/de\/skander-khlif\/\" \/>\n<meta property=\"og:site_name\" content=\"Die deutsche Streetfotografie Seite\" \/>\n<meta property=\"article:modified_time\" content=\"2018-02-19T04:37:36+00:00\" \/>\n<meta property=\"og:image\" content=\"https:\/\/germanstreetphotography.com\/wp-content\/uploads\/2018\/01\/German-Street-Photography-Skander-Khlif-5.jpg\" \/>\n\t<meta property=\"og:image:width\" content=\"2000\" \/>\n\t<meta property=\"og:image:height\" content=\"1335\" \/>\n\t<meta property=\"og:image:type\" content=\"image\/jpeg\" \/>\n<meta name=\"twitter:card\" content=\"summary_large_image\" \/>\n<meta name=\"twitter:label1\" content=\"Gesch\u00e4tzte Lesezeit\" \/>\n\t<meta name=\"twitter:data1\" content=\"1\u00a0Minute\" \/>\n<script type=\"application\/ld+json\" class=\"yoast-schema-graph\">{\"@context\":\"https:\/\/schema.org\",\"@graph\":[{\"@type\":\"WebPage\",\"@id\":\"https:\/\/germanstreetphotography.com\/de\/skander-khlif\/\",\"url\":\"https:\/\/germanstreetphotography.com\/de\/skander-khlif\/\",\"name\":\"Skander Khlif &bull; Die deutsche Streetfotografie Seite\",\"isPartOf\":{\"@id\":\"https:\/\/germanstreetphotography.com\/#website\"},\"datePublished\":\"2018-01-24T21:05:34+00:00\",\"dateModified\":\"2018-02-19T04:37:36+00:00\",\"description\":\"Skander Khlif lebt als tunesisch-deutscher Ingenieur , Strassen- und Dokumentarfotograf in M\u00fcnchen. Bevor er in acht verschiedenen St\u00e4dten lebte, wuchs er in Tunesien auf. Wie viele Kinder dort, verbrachte er seine Kindheit damit die Stra\u00dfen seiner Nachbarschaft zu erforschen.\",\"breadcrumb\":{\"@id\":\"https:\/\/germanstreetphotography.com\/de\/skander-khlif\/#breadcrumb\"},\"inLanguage\":\"de\",\"potentialAction\":[{\"@type\":\"ReadAction\",\"target\":[\"https:\/\/germanstreetphotography.com\/de\/skander-khlif\/\"]}]},{\"@type\":\"BreadcrumbList\",\"@id\":\"https:\/\/germanstreetphotography.com\/de\/skander-khlif\/#breadcrumb\",\"itemListElement\":[{\"@type\":\"ListItem\",\"position\":1,\"name\":\"Home\",\"item\":\"https:\/\/germanstreetphotography.com\/de\/\"},{\"@type\":\"ListItem\",\"position\":2,\"name\":\"Skander Khlif\"}]},{\"@type\":\"WebSite\",\"@id\":\"https:\/\/germanstreetphotography.com\/#website\",\"url\":\"https:\/\/germanstreetphotography.com\/\",\"name\":\"Die deutsche Streetfotografie Seite\",\"description\":\"\",\"publisher\":{\"@id\":\"https:\/\/germanstreetphotography.com\/#organization\"},\"potentialAction\":[{\"@type\":\"SearchAction\",\"target\":{\"@type\":\"EntryPoint\",\"urlTemplate\":\"https:\/\/germanstreetphotography.com\/?s={search_term_string}\"},\"query-input\":\"required name=search_term_string\"}],\"inLanguage\":\"de\"},{\"@type\":\"Organization\",\"@id\":\"https:\/\/germanstreetphotography.com\/#organization\",\"name\":\"The German Street Photography Site\",\"url\":\"https:\/\/germanstreetphotography.com\/\",\"logo\":{\"@type\":\"ImageObject\",\"inLanguage\":\"de\",\"@id\":\"https:\/\/germanstreetphotography.com\/#\/schema\/logo\/image\/\",\"url\":\"https:\/\/germanstreetphotography.com\/wp-content\/uploads\/2019\/04\/gspf_logo_rz_kreis.png\",\"contentUrl\":\"https:\/\/germanstreetphotography.com\/wp-content\/uploads\/2019\/04\/gspf_logo_rz_kreis.png\",\"width\":600,\"height\":600,\"caption\":\"The German Street Photography Site\"},\"image\":{\"@id\":\"https:\/\/germanstreetphotography.com\/#\/schema\/logo\/image\/\"}}]}<\/script>\n<!-- \/ Yoast SEO plugin. -->","yoast_head_json":{"title":"Skander Khlif &bull; Die deutsche Streetfotografie Seite","description":"Skander Khlif lebt als tunesisch-deutscher Ingenieur , Strassen- und Dokumentarfotograf in M\u00fcnchen. Bevor er in acht verschiedenen St\u00e4dten lebte, wuchs er in Tunesien auf. Wie viele Kinder dort, verbrachte er seine Kindheit damit die Stra\u00dfen seiner Nachbarschaft zu erforschen.","robots":{"index":"index","follow":"follow","max-snippet":"max-snippet:-1","max-image-preview":"max-image-preview:large","max-video-preview":"max-video-preview:-1"},"canonical":"https:\/\/germanstreetphotography.com\/de\/skander-khlif\/","og_locale":"de_DE","og_type":"article","og_title":"Skander Khlif &bull; Die deutsche Streetfotografie Seite","og_description":"Skander Khlif lebt als tunesisch-deutscher Ingenieur , Strassen- und Dokumentarfotograf in M\u00fcnchen. Bevor er in acht verschiedenen St\u00e4dten lebte, wuchs er in Tunesien auf. Wie viele Kinder dort, verbrachte er seine Kindheit damit die Stra\u00dfen seiner Nachbarschaft zu erforschen.","og_url":"https:\/\/germanstreetphotography.com\/de\/skander-khlif\/","og_site_name":"Die deutsche Streetfotografie Seite","article_modified_time":"2018-02-19T04:37:36+00:00","og_image":[{"width":2000,"height":1335,"url":"https:\/\/germanstreetphotography.com\/wp-content\/uploads\/2018\/01\/German-Street-Photography-Skander-Khlif-5.jpg","type":"image\/jpeg"}],"twitter_card":"summary_large_image","twitter_misc":{"Gesch\u00e4tzte Lesezeit":"1\u00a0Minute"},"schema":{"@context":"https:\/\/schema.org","@graph":[{"@type":"WebPage","@id":"https:\/\/germanstreetphotography.com\/de\/skander-khlif\/","url":"https:\/\/germanstreetphotography.com\/de\/skander-khlif\/","name":"Skander Khlif &bull; Die deutsche Streetfotografie Seite","isPartOf":{"@id":"https:\/\/germanstreetphotography.com\/#website"},"datePublished":"2018-01-24T21:05:34+00:00","dateModified":"2018-02-19T04:37:36+00:00","description":"Skander Khlif lebt als tunesisch-deutscher Ingenieur , Strassen- und Dokumentarfotograf in M\u00fcnchen. Bevor er in acht verschiedenen St\u00e4dten lebte, wuchs er in Tunesien auf. Wie viele Kinder dort, verbrachte er seine Kindheit damit die Stra\u00dfen seiner Nachbarschaft zu erforschen.","breadcrumb":{"@id":"https:\/\/germanstreetphotography.com\/de\/skander-khlif\/#breadcrumb"},"inLanguage":"de","potentialAction":[{"@type":"ReadAction","target":["https:\/\/germanstreetphotography.com\/de\/skander-khlif\/"]}]},{"@type":"BreadcrumbList","@id":"https:\/\/germanstreetphotography.com\/de\/skander-khlif\/#breadcrumb","itemListElement":[{"@type":"ListItem","position":1,"name":"Home","item":"https:\/\/germanstreetphotography.com\/de\/"},{"@type":"ListItem","position":2,"name":"Skander Khlif"}]},{"@type":"WebSite","@id":"https:\/\/germanstreetphotography.com\/#website","url":"https:\/\/germanstreetphotography.com\/","name":"Die deutsche Streetfotografie Seite","description":"","publisher":{"@id":"https:\/\/germanstreetphotography.com\/#organization"},"potentialAction":[{"@type":"SearchAction","target":{"@type":"EntryPoint","urlTemplate":"https:\/\/germanstreetphotography.com\/?s={search_term_string}"},"query-input":"required name=search_term_string"}],"inLanguage":"de"},{"@type":"Organization","@id":"https:\/\/germanstreetphotography.com\/#organization","name":"The German Street Photography Site","url":"https:\/\/germanstreetphotography.com\/","logo":{"@type":"ImageObject","inLanguage":"de","@id":"https:\/\/germanstreetphotography.com\/#\/schema\/logo\/image\/","url":"https:\/\/germanstreetphotography.com\/wp-content\/uploads\/2019\/04\/gspf_logo_rz_kreis.png","contentUrl":"https:\/\/germanstreetphotography.com\/wp-content\/uploads\/2019\/04\/gspf_logo_rz_kreis.png","width":600,"height":600,"caption":"The German Street Photography Site"},"image":{"@id":"https:\/\/germanstreetphotography.com\/#\/schema\/logo\/image\/"}}]}},"_links":{"self":[{"href":"https:\/\/germanstreetphotography.com\/de\/wp-json\/wp\/v2\/pages\/1013"}],"collection":[{"href":"https:\/\/germanstreetphotography.com\/de\/wp-json\/wp\/v2\/pages"}],"about":[{"href":"https:\/\/germanstreetphotography.com\/de\/wp-json\/wp\/v2\/types\/page"}],"author":[{"embeddable":true,"href":"https:\/\/germanstreetphotography.com\/de\/wp-json\/wp\/v2\/users\/5"}],"replies":[{"embeddable":true,"href":"https:\/\/germanstreetphotography.com\/de\/wp-json\/wp\/v2\/comments?post=1013"}],"version-history":[{"count":4,"href":"https:\/\/germanstreetphotography.com\/de\/wp-json\/wp\/v2\/pages\/1013\/revisions"}],"predecessor-version":[{"id":1020,"href":"https:\/\/germanstreetphotography.com\/de\/wp-json\/wp\/v2\/pages\/1013\/revisions\/1020"}],"wp:featuredmedia":[{"embeddable":true,"href":"https:\/\/germanstreetphotography.com\/de\/wp-json\/wp\/v2\/media\/641"}],"wp:attachment":[{"href":"https:\/\/germanstreetphotography.com\/de\/wp-json\/wp\/v2\/media?parent=1013"}],"curies":[{"name":"wp","href":"https:\/\/api.w.org\/{rel}","templated":true}]}}